{"id":2644,"date":"2021-06-14T12:13:26","date_gmt":"2021-06-14T10:13:26","guid":{"rendered":"https:\/\/amami.turismomolise.com\/?page_id=2644"},"modified":"2023-03-12T20:36:25","modified_gmt":"2023-03-12T19:36:25","slug":"channel-manager","status":"publish","type":"page","link":"https:\/\/amami.it\/fr\/channel-manager\/","title":{"rendered":"Gestionnaire de cha\u00eene"},"content":{"rendered":"<p>[vc_row full_width=&#8221;stretch_row&#8221; css=&#8221;.vc_custom_1652710709318{margin-top: -20px !important;background-color: #ffffff !important;}&#8221;][vc_column][vc_column_text]Avez-vous d\u00e9j\u00e0 pens\u00e9 pouvoir g\u00e9rer tous les portails, agences de voyages et voyagistes \u00e0 partir d&#8217;un seul syst\u00e8me ?<\/p>\n<p>Le Amami Channel Manager est un logiciel int\u00e9gr\u00e9 dans le panneau de contr\u00f4le de chaque h\u00f4te qui vous permet de vous connecter dynamiquement (XML 2WAYS) avec la plupart des portails touristiques (IDS et GDS) dans le monde.<\/p>\n<p>Le syst\u00e8me est convivial et vous permet d&#8217;utiliser ses innombrables fonctions de mani\u00e8re simple et intuitive, assurant ainsi un contr\u00f4le continu et augmentant les performances de vente.<\/p>\n<p>Mettre \u00e0 jour les tarifs et la disponibilit\u00e9<br \/>\nD\u00e9finir et modifier les restrictions relatives au s\u00e9jour (s\u00e9jour minimum, invit\u00e9 suppl\u00e9mentaire, derni\u00e8re minute, arriv\u00e9es et d\u00e9parts obligatoires<br \/>\nPossibilit\u00e9 de d\u00e9finir les jours de sortie attribu\u00e9s par la structure aux canaux de vente ind\u00e9pendamment des p\u00e9riodes ou des jours eux-m\u00eames<br \/>\nGestion des salles d&#8217;arr\u00eat avec champ de notes pour avoir un planning ordonn\u00e9 et optimis\u00e9.[\/vc_column_text][\/vc_column][\/vc_row][vc_row css=&#8221;.vc_custom_1616562369149{margin-bottom: 30px !important;padding-right: 30px !important;padding-left: 30px !important;}&#8221;][vc_column]\t\t<div class=\"homey-module module-title section-title-module text-left \">\n\t\t\t<h2 >Avantages pour la structure:<\/h2>\n\n\t\t\t<p  class=\"sub-heading\"><\/p>\n\t\t<\/div>\n\t\t[vc_row_inner][vc_column_inner][vc_column_text css=&#8221;.vc_custom_1657697997539{margin-top: 35px !important;}&#8221;]<\/p>\n<ul class=\"widget\">\n<li>Enti\u00e8rement gratuit pour tous nos h\u00f4tes<br \/>\nAcc\u00e8s unique pour tous les syst\u00e8mes via le portail amami.it<br \/>\nMises \u00e0 jour en temps r\u00e9el de la disponibilit\u00e9<br \/>\nConnexion avec les agences de voyages et les tour-op\u00e9rateurs ainsi qu&#8217;avec les principaux portails en ligne avec mise \u00e0 jour continue<br \/>\nS\u00e9curit\u00e9 des transactions gr\u00e2ce \u00e0 l&#8217;utilisation de serveurs PCI DSS<br \/>\nPlus grande pr\u00e9sence et visibilit\u00e9 sur les canaux de distribution<\/li>\n<\/ul>\n<p>[\/vc_column_text][\/vc_column_inner][\/vc_row_inner][\/vc_column][\/vc_row]<\/p>\n","protected":false},"excerpt":{"rendered":"<p>[vc_row full_width=&#8221;stretch_row&#8221; css=&#8221;.vc_custom_1652710709318{margin-top: -20px !important;background-color: #ffffff !important;}&#8221;][vc_column][vc_column_text]Avez-vous d\u00e9j\u00e0 pens\u00e9 pouvoir g\u00e9rer tous les portails, agences de voyages et voyagistes \u00e0 [&hellip;]<\/p>\n","protected":false},"author":1,"featured_media":0,"parent":0,"menu_order":0,"comment_status":"closed","ping_status":"closed","template":"template\/template-homepage.php","meta":{"_acf_changed":false,"footnotes":""},"class_list":["post-2644","page","type-page","status-publish","hentry"],"acf":[],"yoast_head":"<!-- This site is optimized with the Yoast SEO plugin v23.9 - https:\/\/yoast.com\/wordpress\/plugins\/seo\/ -->\n<title>Gestionnaire de cha\u00eene - Amami Viaggi<\/title>\n<meta name=\"robots\" content=\"index, follow, max-snippet:-1, max-image-preview:large, max-video-preview:-1\" \/>\n<link rel=\"canonical\" href=\"https:\/\/amami.it\/fr\/channel-manager\/\" \/>\n<meta property=\"og:locale\" content=\"fr_FR\" \/>\n<meta property=\"og:type\" content=\"article\" \/>\n<meta property=\"og:title\" content=\"Gestionnaire de cha\u00eene - Amami Viaggi\" \/>\n<meta property=\"og:description\" content=\"[vc_row full_width=&#8221;stretch_row&#8221; css=&#8221;.vc_custom_1652710709318{margin-top: -20px !important;background-color: #ffffff !important;}&#8221;][vc_column][vc_column_text]Avez-vous d\u00e9j\u00e0 pens\u00e9 pouvoir g\u00e9rer tous les portails, agences de voyages et voyagistes \u00e0 [&hellip;]\" \/>\n<meta property=\"og:url\" content=\"https:\/\/amami.it\/fr\/channel-manager\/\" \/>\n<meta property=\"og:site_name\" content=\"Amami Viaggi\" \/>\n<meta property=\"article:publisher\" content=\"https:\/\/www.facebook.com\/amamiviaggi\" \/>\n<meta property=\"article:modified_time\" content=\"2023-03-12T19:36:25+00:00\" \/>\n<meta property=\"og:image\" content=\"https:\/\/amami.it\/wp-content\/uploads\/2022\/03\/amami.it_logo_neg.png\" \/>\n\t<meta property=\"og:image:width\" content=\"600\" \/>\n\t<meta property=\"og:image:height\" content=\"600\" \/>\n\t<meta property=\"og:image:type\" content=\"image\/png\" \/>\n<meta name=\"twitter:card\" content=\"summary_large_image\" \/>\n<meta name=\"twitter:title\" content=\"60\" \/>\n<meta name=\"twitter:description\" content=\"false\" \/>\n<meta name=\"twitter:site\" content=\"@AmamiViaggi\" \/>\n<meta name=\"twitter:label1\" content=\"Dur\u00e9e de lecture estim\u00e9e\" \/>\n\t<meta name=\"twitter:data1\" content=\"2 minutes\" \/>\n<script type=\"application\/ld+json\" class=\"yoast-schema-graph\">{\"@context\":\"https:\/\/schema.org\",\"@graph\":[{\"@type\":\"WebPage\",\"@id\":\"https:\/\/amami.it\/fr\/channel-manager\/\",\"url\":\"https:\/\/amami.it\/fr\/channel-manager\/\",\"name\":\"Gestionnaire de cha\u00eene - Amami Viaggi\",\"isPartOf\":{\"@id\":\"https:\/\/amami.it\/fr\/#website\"},\"datePublished\":\"2021-06-14T10:13:26+00:00\",\"dateModified\":\"2023-03-12T19:36:25+00:00\",\"breadcrumb\":{\"@id\":\"https:\/\/amami.it\/fr\/channel-manager\/#breadcrumb\"},\"inLanguage\":\"fr-FR\",\"potentialAction\":[{\"@type\":\"ReadAction\",\"target\":[\"https:\/\/amami.it\/fr\/channel-manager\/\"]}]},{\"@type\":\"BreadcrumbList\",\"@id\":\"https:\/\/amami.it\/fr\/channel-manager\/#breadcrumb\",\"itemListElement\":[{\"@type\":\"ListItem\",\"position\":1,\"name\":\"Home\",\"item\":\"https:\/\/amami.it\/fr\/\"},{\"@type\":\"ListItem\",\"position\":2,\"name\":\"Gestionnaire de cha\u00eene\"}]},{\"@type\":\"WebSite\",\"@id\":\"https:\/\/amami.it\/fr\/#website\",\"url\":\"https:\/\/amami.it\/fr\/\",\"name\":\"Amami Viaggi\",\"description\":\"Dal B&amp;B alla Casa Vacanze, dall&#039;Agriturismo al Residence, dall&#039;hotel all&#039;affittacamere\",\"publisher\":{\"@id\":\"https:\/\/amami.it\/fr\/#organization\"},\"potentialAction\":[{\"@type\":\"SearchAction\",\"target\":{\"@type\":\"EntryPoint\",\"urlTemplate\":\"https:\/\/amami.it\/fr\/?s={search_term_string}\"},\"query-input\":{\"@type\":\"PropertyValueSpecification\",\"valueRequired\":true,\"valueName\":\"search_term_string\"}}],\"inLanguage\":\"fr-FR\"},{\"@type\":\"Organization\",\"@id\":\"https:\/\/amami.it\/fr\/#organization\",\"name\":\"Amami Viaggi\",\"url\":\"https:\/\/amami.it\/fr\/\",\"logo\":{\"@type\":\"ImageObject\",\"inLanguage\":\"fr-FR\",\"@id\":\"https:\/\/amami.it\/fr\/#\/schema\/logo\/image\/\",\"url\":\"https:\/\/amami.it\/wp-content\/uploads\/2022\/03\/amami.it_logo_neg.png\",\"contentUrl\":\"https:\/\/amami.it\/wp-content\/uploads\/2022\/03\/amami.it_logo_neg.png\",\"width\":600,\"height\":600,\"caption\":\"Amami Viaggi\"},\"image\":{\"@id\":\"https:\/\/amami.it\/fr\/#\/schema\/logo\/image\/\"},\"sameAs\":[\"https:\/\/www.facebook.com\/amamiviaggi\",\"https:\/\/x.com\/AmamiViaggi\",\"https:\/\/www.instagram.com\/amamiviaggi\/\"]}]}<\/script>\n<!-- \/ Yoast SEO plugin. -->","yoast_head_json":{"title":"Gestionnaire de cha\u00eene - Amami Viaggi","robots":{"index":"index","follow":"follow","max-snippet":"max-snippet:-1","max-image-preview":"max-image-preview:large","max-video-preview":"max-video-preview:-1"},"canonical":"https:\/\/amami.it\/fr\/channel-manager\/","og_locale":"fr_FR","og_type":"article","og_title":"Gestionnaire de cha\u00eene - Amami Viaggi","og_description":"[vc_row full_width=&#8221;stretch_row&#8221; css=&#8221;.vc_custom_1652710709318{margin-top: -20px !important;background-color: #ffffff !important;}&#8221;][vc_column][vc_column_text]Avez-vous d\u00e9j\u00e0 pens\u00e9 pouvoir g\u00e9rer tous les portails, agences de voyages et voyagistes \u00e0 [&hellip;]","og_url":"https:\/\/amami.it\/fr\/channel-manager\/","og_site_name":"Amami Viaggi","article_publisher":"https:\/\/www.facebook.com\/amamiviaggi","article_modified_time":"2023-03-12T19:36:25+00:00","og_image":[{"width":600,"height":600,"url":"https:\/\/amami.it\/wp-content\/uploads\/2022\/03\/amami.it_logo_neg.png","type":"image\/png"}],"twitter_card":"summary_large_image","twitter_title":"60","twitter_description":"false","twitter_site":"@AmamiViaggi","twitter_misc":{"Dur\u00e9e de lecture estim\u00e9e":"2 minutes"},"schema":{"@context":"https:\/\/schema.org","@graph":[{"@type":"WebPage","@id":"https:\/\/amami.it\/fr\/channel-manager\/","url":"https:\/\/amami.it\/fr\/channel-manager\/","name":"Gestionnaire de cha\u00eene - Amami Viaggi","isPartOf":{"@id":"https:\/\/amami.it\/fr\/#website"},"datePublished":"2021-06-14T10:13:26+00:00","dateModified":"2023-03-12T19:36:25+00:00","breadcrumb":{"@id":"https:\/\/amami.it\/fr\/channel-manager\/#breadcrumb"},"inLanguage":"fr-FR","potentialAction":[{"@type":"ReadAction","target":["https:\/\/amami.it\/fr\/channel-manager\/"]}]},{"@type":"BreadcrumbList","@id":"https:\/\/amami.it\/fr\/channel-manager\/#breadcrumb","itemListElement":[{"@type":"ListItem","position":1,"name":"Home","item":"https:\/\/amami.it\/fr\/"},{"@type":"ListItem","position":2,"name":"Gestionnaire de cha\u00eene"}]},{"@type":"WebSite","@id":"https:\/\/amami.it\/fr\/#website","url":"https:\/\/amami.it\/fr\/","name":"Amami Viaggi","description":"Dal B&amp;B alla Casa Vacanze, dall&#039;Agriturismo al Residence, dall&#039;hotel all&#039;affittacamere","publisher":{"@id":"https:\/\/amami.it\/fr\/#organization"},"potentialAction":[{"@type":"SearchAction","target":{"@type":"EntryPoint","urlTemplate":"https:\/\/amami.it\/fr\/?s={search_term_string}"},"query-input":{"@type":"PropertyValueSpecification","valueRequired":true,"valueName":"search_term_string"}}],"inLanguage":"fr-FR"},{"@type":"Organization","@id":"https:\/\/amami.it\/fr\/#organization","name":"Amami Viaggi","url":"https:\/\/amami.it\/fr\/","logo":{"@type":"ImageObject","inLanguage":"fr-FR","@id":"https:\/\/amami.it\/fr\/#\/schema\/logo\/image\/","url":"https:\/\/amami.it\/wp-content\/uploads\/2022\/03\/amami.it_logo_neg.png","contentUrl":"https:\/\/amami.it\/wp-content\/uploads\/2022\/03\/amami.it_logo_neg.png","width":600,"height":600,"caption":"Amami Viaggi"},"image":{"@id":"https:\/\/amami.it\/fr\/#\/schema\/logo\/image\/"},"sameAs":["https:\/\/www.facebook.com\/amamiviaggi","https:\/\/x.com\/AmamiViaggi","https:\/\/www.instagram.com\/amamiviaggi\/"]}]}},"_links":{"self":[{"href":"https:\/\/amami.it\/fr\/wp-json\/wp\/v2\/pages\/2644","targetHints":{"allow":["GET"]}}],"collection":[{"href":"https:\/\/amami.it\/fr\/wp-json\/wp\/v2\/pages"}],"about":[{"href":"https:\/\/amami.it\/fr\/wp-json\/wp\/v2\/types\/page"}],"author":[{"embeddable":true,"href":"https:\/\/amami.it\/fr\/wp-json\/wp\/v2\/users\/1"}],"replies":[{"embeddable":true,"href":"https:\/\/amami.it\/fr\/wp-json\/wp\/v2\/comments?post=2644"}],"version-history":[{"count":2,"href":"https:\/\/amami.it\/fr\/wp-json\/wp\/v2\/pages\/2644\/revisions"}],"predecessor-version":[{"id":6028,"href":"https:\/\/amami.it\/fr\/wp-json\/wp\/v2\/pages\/2644\/revisions\/6028"}],"wp:attachment":[{"href":"https:\/\/amami.it\/fr\/wp-json\/wp\/v2\/media?parent=2644"}],"curies":[{"name":"wp","href":"https:\/\/api.w.org\/{rel}","templated":true}]}}