{"id":2648,"date":"2022-01-19T05:44:47","date_gmt":"2022-01-19T04:44:47","guid":{"rendered":"https:\/\/amami.turismomolise.com\/?page_id=2648"},"modified":"2023-03-09T15:38:39","modified_gmt":"2023-03-09T14:38:39","slug":"contacts","status":"publish","type":"page","link":"https:\/\/amami.it\/fr\/contact-us\/","title":{"rendered":"Contacts"},"content":{"rendered":"<p>[vc_row full_width=&#8221;stretch_row_content&#8221;][vc_column][vc_raw_html]JTNDaWZyYW1lJTIwc3JjJTNEJTIyaHR0cHMlM0ElMkYlMkZ3d3cuZ29vZ2xlLmNvbSUyRm1hcHMlMkZlbWJlZCUzRnBiJTNEJTIxMW0xOCUyMTFtMTIlMjExbTMlMjExZDMwMjcuNDY3MDAxNTE4MTYzJTIxMmQxNC44NzA5MDczMTU0MDI3MzYlMjEzZDQwLjY0MTYzNDk3OTMzOTQ4NiUyMTJtMyUyMTFmMCUyMTJmMCUyMTNmMCUyMTNtMiUyMTFpMTAyNCUyMTJpNzY4JTIxNGYxMy4xJTIxM20zJTIxMW0yJTIxMXMweDEzM2JkZDY2NWZjNDI3ZGQlMjUzQTB4MmE3YjVkNzM0MzllOTA2YyUyMTJzQW1hbWklMjUyMFZpYWdnaSUyMTVlMCUyMTNtMiUyMTFzaXQlMjEyc2l0JTIxNHYxNjE4NTUwODI0ODkwJTIxNW0yJTIxMXNpdCUyMTJzaXQlMjIlMjB3aWR0aCUzRCUyMjEwMCUyNSUyMiUyMGhlaWdodCUzRCUyMjQ1MCUyMiUyMHN0eWxlJTNEJTIyYm9yZGVyJTNBMCUzQiUyMiUyMGFsbG93ZnVsbHNjcmVlbiUzRCUyMiUyMiUyMGxvYWRpbmclM0QlMjJsYXp5JTIyJTNFJTNDJTJGaWZyYW1lJTNF[\/vc_raw_html][\/vc_column][\/vc_row][vc_row][vc_column width=&#8221;7\/12&#8243;]\t\t<div class=\"homey-module module-title section-title-module text-left \">\n\t\t\t<h2 >Contactez-nous<\/h2>\n\n\t\t\t<p  class=\"sub-heading\">Avez-vous besoin d&#039;informations? Remplir le formulaire!<\/p>\n\t\t<\/div>\n\t\t\n<div class=\"wpcf7 no-js\" id=\"wpcf7-f5893-o1\" lang=\"en-US\" dir=\"ltr\" data-wpcf7-id=\"5893\">\n<div class=\"screen-reader-response\"><p role=\"status\" aria-live=\"polite\" aria-atomic=\"true\"><\/p> <ul><\/ul><\/div>\n<form action=\"\/fr\/wp-json\/wp\/v2\/pages\/2648#wpcf7-f5893-o1\" method=\"post\" class=\"wpcf7-form init\" aria-label=\"Contact form\" novalidate=\"novalidate\" data-status=\"init\">\n<div style=\"display: none;\">\n<input type=\"hidden\" name=\"_wpcf7\" value=\"5893\" \/>\n<input type=\"hidden\" name=\"_wpcf7_version\" value=\"6.0\" \/>\n<input type=\"hidden\" name=\"_wpcf7_locale\" value=\"en_US\" \/>\n<input type=\"hidden\" name=\"_wpcf7_unit_tag\" value=\"wpcf7-f5893-o1\" \/>\n<input type=\"hidden\" name=\"_wpcf7_container_post\" value=\"0\" \/>\n<input type=\"hidden\" name=\"_wpcf7_posted_data_hash\" value=\"\" \/>\n<input type=\"hidden\" name=\"_wpcf7_recaptcha_response\" value=\"\" \/>\n<\/div>\n<div class=\"form-group\">\n\t<p><label class=\"required\" for=\"yourName\">Nom et surnom<\/label><span class=\"wpcf7-form-control-wrap\" data-name=\"your-name\"><input size=\"40\" maxlength=\"400\" class=\"wpcf7-form-control wpcf7-text wpcf7-validates-as-required form-control\" aria-required=\"true\" aria-invalid=\"false\" value=\"\" type=\"text\" name=\"your-name\" \/><\/span>\n\t<\/p>\n<\/div>\n<div class=\"form-group\">\n\t<p><label class=\"required\" for=\"yourEmail\">E-mail<\/label><span class=\"wpcf7-form-control-wrap\" data-name=\"your-email\"><input size=\"40\" maxlength=\"400\" class=\"wpcf7-form-control wpcf7-email wpcf7-validates-as-required wpcf7-text wpcf7-validates-as-email form-control\" aria-required=\"true\" aria-invalid=\"false\" value=\"\" type=\"email\" name=\"your-email\" \/><\/span>\n\t<\/p>\n<\/div>\n<div class=\"form-group\">\n\t<p><label class=\"required\" for=\"cellulare\">Num\u00e9ro de t\u00e9l\u00e9phone<\/label><span class=\"wpcf7-form-control-wrap\" data-name=\"cellulare\"><input size=\"40\" maxlength=\"400\" class=\"wpcf7-form-control wpcf7-tel wpcf7-validates-as-required wpcf7-text wpcf7-validates-as-tel form-control\" aria-required=\"true\" aria-invalid=\"false\" value=\"\" type=\"tel\" name=\"cellulare\" \/><\/span>\n\t<\/p>\n<\/div>\n<div class=\"form-group\">\n\t<p><label class=\"required\" for=\"yourMessage\">Comment pouvons-nous vous aider?: <\/label><span class=\"wpcf7-form-control-wrap\" data-name=\"your-message\"><textarea cols=\"40\" rows=\"10\" maxlength=\"2000\" class=\"wpcf7-form-control wpcf7-textarea wpcf7-validates-as-required form-control\" aria-required=\"true\" aria-invalid=\"false\" name=\"your-message\"><\/textarea><\/span>\n\t<\/p>\n<\/div>\n<div class=\"form-group\">\n\t<p><span class=\"sx\"><br \/>\n<span class=\"wpcf7-form-control-wrap\" data-name=\"acceptance-320\"><span class=\"wpcf7-form-control wpcf7-acceptance\"><span class=\"wpcf7-list-item\"><input type=\"checkbox\" name=\"acceptance-320\" value=\"1\" aria-invalid=\"false\" \/><\/span><\/span><\/span> <\/span><span class=\"accept\">J'ai lu les infos <a href=\"\/privacy-policy\/\" target=\"_blank\"><strong>Privacy Policy <\/strong><\/a> fournies par Amami Viaggi conform\u00e9ment aux articles 13 et 14 du r\u00e8glement UE 679\/2016 sur le traitement des donn\u00e9es personnelles via le site et je consens \u00e0 leur traitement aux fins qui y sont indiqu\u00e9es.<\/span>\n\t<\/p>\n<\/div>\n<p><input class=\"wpcf7-form-control wpcf7-submit has-spinner\" type=\"submit\" value=\"Soumettre\" \/>\n<\/p><div class=\"wpcf7-response-output\" aria-hidden=\"true\"><\/div>\n<\/form>\n<\/div>\n[\/vc_column][vc_column width=&#8221;1\/12&#8243;][\/vc_column][vc_column width=&#8221;1\/3&#8243; css=&#8221;.vc_custom_1650962763974{padding-top: 80px !important;}&#8221;][vc_column_text css=&#8221;.vc_custom_1678372711990{padding-top: 30px !important;padding-right: 30px !important;padding-bottom: 30px !important;padding-left: 30px !important;background-color: #ffffff !important;}&#8221;]<\/p>\n<h2 style=\"color: #d43232;\">Amami Viaggi<\/h2>\n<p id=\"tw-target-text\" class=\"tw-data-text tw-text-large tw-ta\" dir=\"ltr\" data-placeholder=\"Traduzione\"><span class=\"Y2IQFc\" lang=\"fr\"><strong>Si\u00e8ge social<\/strong><br \/>\n<\/span>Via San Leonardo, 52<br \/>\n84131 Salerno (SA)<\/p>\n<p><strong>Email: <\/strong><a href=\"mailto:info@amami.it\"><strong>info@amami.it<\/strong><\/a><br \/>\n<strong>Cel\/WhatsApp: <a href=\"tel:+393930314560\">393 031 4560<\/a><\/strong>[\/vc_column_text][vc_single_image image=&#8221;4482&#8243; img_size=&#8221;full&#8221; alignment=&#8221;center&#8221;][\/vc_column][\/vc_row][vc_row][vc_column]<div style=\"clear:both; width:100%; height:50px\"><\/div>[\/vc_column][\/vc_row][vc_row][vc_column][vc_column_text]&nbsp;<\/p>\n<p>&nbsp;[\/vc_column_text][\/vc_column][\/vc_row]<\/p>\n","protected":false},"excerpt":{"rendered":"<p>[vc_row full_width=&#8221;stretch_row_content&#8221;][vc_column][vc_raw_html]JTNDaWZyYW1lJTIwc3JjJTNEJTIyaHR0cHMlM0ElMkYlMkZ3d3cuZ29vZ2xlLmNvbSUyRm1hcHMlMkZlbWJlZCUzRnBiJTNEJTIxMW0xOCUyMTFtMTIlMjExbTMlMjExZDMwMjcuNDY3MDAxNTE4MTYzJTIxMmQxNC44NzA5MDczMTU0MDI3MzYlMjEzZDQwLjY0MTYzNDk3OTMzOTQ4NiUyMTJtMyUyMTFmMCUyMTJmMCUyMTNmMCUyMTNtMiUyMTFpMTAyNCUyMTJpNzY4JTIxNGYxMy4xJTIxM20zJTIxMW0yJTIxMXMweDEzM2JkZDY2NWZjNDI3ZGQlMjUzQTB4MmE3YjVkNzM0MzllOTA2YyUyMTJzQW1hbWklMjUyMFZpYWdnaSUyMTVlMCUyMTNtMiUyMTFzaXQlMjEyc2l0JTIxNHYxNjE4NTUwODI0ODkwJTIxNW0yJTIxMXNpdCUyMTJzaXQlMjIlMjB3aWR0aCUzRCUyMjEwMCUyNSUyMiUyMGhlaWdodCUzRCUyMjQ1MCUyMiUyMHN0eWxlJTNEJTIyYm9yZGVyJTNBMCUzQiUyMiUyMGFsbG93ZnVsbHNjcmVlbiUzRCUyMiUyMiUyMGxvYWRpbmclM0QlMjJsYXp5JTIyJTNFJTNDJTJGaWZyYW1lJTNF[\/vc_raw_html][\/vc_column][\/vc_row][vc_row][vc_column width=&#8221;7\/12&#8243;][\/vc_column][vc_column width=&#8221;1\/12&#8243;][\/vc_column][vc_column width=&#8221;1\/3&#8243; css=&#8221;.vc_custom_1650962763974{padding-top: 80px !important;}&#8221;][vc_column_text css=&#8221;.vc_custom_1678372711990{padding-top: 30px !important;padding-right: 30px !important;padding-bottom: 30px !important;padding-left: 30px !important;background-color: #ffffff !important;}&#8221;] Amami [&hellip;]<\/p>\n","protected":false},"author":1,"featured_media":0,"parent":0,"menu_order":0,"comment_status":"closed","ping_status":"closed","template":"template\/template-homepage.php","meta":{"_acf_changed":false,"footnotes":""},"class_list":["post-2648","page","type-page","status-publish","hentry"],"acf":[],"yoast_head":"<!-- This site is optimized with the Yoast SEO plugin v23.9 - https:\/\/yoast.com\/wordpress\/plugins\/seo\/ -->\n<title>Contacts - Amami Viaggi<\/title>\n<meta name=\"robots\" content=\"index, follow, max-snippet:-1, max-image-preview:large, max-video-preview:-1\" \/>\n<link rel=\"canonical\" href=\"https:\/\/amami.it\/fr\/contact-us\/\" \/>\n<meta property=\"og:locale\" content=\"fr_FR\" \/>\n<meta property=\"og:type\" content=\"article\" \/>\n<meta property=\"og:title\" content=\"Contacts - Amami Viaggi\" \/>\n<meta property=\"og:description\" content=\"[vc_row full_width=&#8221;stretch_row_content&#8221;][vc_column][vc_raw_html]JTNDaWZyYW1lJTIwc3JjJTNEJTIyaHR0cHMlM0ElMkYlMkZ3d3cuZ29vZ2xlLmNvbSUyRm1hcHMlMkZlbWJlZCUzRnBiJTNEJTIxMW0xOCUyMTFtMTIlMjExbTMlMjExZDMwMjcuNDY3MDAxNTE4MTYzJTIxMmQxNC44NzA5MDczMTU0MDI3MzYlMjEzZDQwLjY0MTYzNDk3OTMzOTQ4NiUyMTJtMyUyMTFmMCUyMTJmMCUyMTNmMCUyMTNtMiUyMTFpMTAyNCUyMTJpNzY4JTIxNGYxMy4xJTIxM20zJTIxMW0yJTIxMXMweDEzM2JkZDY2NWZjNDI3ZGQlMjUzQTB4MmE3YjVkNzM0MzllOTA2YyUyMTJzQW1hbWklMjUyMFZpYWdnaSUyMTVlMCUyMTNtMiUyMTFzaXQlMjEyc2l0JTIxNHYxNjE4NTUwODI0ODkwJTIxNW0yJTIxMXNpdCUyMTJzaXQlMjIlMjB3aWR0aCUzRCUyMjEwMCUyNSUyMiUyMGhlaWdodCUzRCUyMjQ1MCUyMiUyMHN0eWxlJTNEJTIyYm9yZGVyJTNBMCUzQiUyMiUyMGFsbG93ZnVsbHNjcmVlbiUzRCUyMiUyMiUyMGxvYWRpbmclM0QlMjJsYXp5JTIyJTNFJTNDJTJGaWZyYW1lJTNF[\/vc_raw_html][\/vc_column][\/vc_row][vc_row][vc_column width=&#8221;7\/12&#8243;][\/vc_column][vc_column width=&#8221;1\/12&#8243;][\/vc_column][vc_column width=&#8221;1\/3&#8243; css=&#8221;.vc_custom_1650962763974{padding-top: 80px !important;}&#8221;][vc_column_text css=&#8221;.vc_custom_1678372711990{padding-top: 30px !important;padding-right: 30px !important;padding-bottom: 30px !important;padding-left: 30px !important;background-color: #ffffff !important;}&#8221;] Amami [&hellip;]\" \/>\n<meta property=\"og:url\" content=\"https:\/\/amami.it\/fr\/contact-us\/\" \/>\n<meta property=\"og:site_name\" content=\"Amami Viaggi\" \/>\n<meta property=\"article:publisher\" content=\"https:\/\/www.facebook.com\/amamiviaggi\" \/>\n<meta property=\"article:modified_time\" content=\"2023-03-09T14:38:39+00:00\" \/>\n<meta property=\"og:image\" content=\"https:\/\/amami.it\/wp-content\/uploads\/2022\/03\/amami.it_logo_neg.png\" \/>\n\t<meta property=\"og:image:width\" content=\"600\" \/>\n\t<meta property=\"og:image:height\" content=\"600\" \/>\n\t<meta property=\"og:image:type\" content=\"image\/png\" \/>\n<meta name=\"twitter:card\" content=\"summary_large_image\" \/>\n<meta name=\"twitter:site\" content=\"@AmamiViaggi\" \/>\n<meta name=\"twitter:label1\" content=\"Dur\u00e9e de lecture estim\u00e9e\" \/>\n\t<meta name=\"twitter:data1\" content=\"1 minute\" \/>\n<script type=\"application\/ld+json\" class=\"yoast-schema-graph\">{\"@context\":\"https:\/\/schema.org\",\"@graph\":[{\"@type\":\"WebPage\",\"@id\":\"https:\/\/amami.it\/fr\/contact-us\/\",\"url\":\"https:\/\/amami.it\/fr\/contact-us\/\",\"name\":\"Contacts - Amami Viaggi\",\"isPartOf\":{\"@id\":\"https:\/\/amami.it\/fr\/#website\"},\"datePublished\":\"2022-01-19T04:44:47+00:00\",\"dateModified\":\"2023-03-09T14:38:39+00:00\",\"breadcrumb\":{\"@id\":\"https:\/\/amami.it\/fr\/contact-us\/#breadcrumb\"},\"inLanguage\":\"fr-FR\",\"potentialAction\":[{\"@type\":\"ReadAction\",\"target\":[\"https:\/\/amami.it\/fr\/contact-us\/\"]}]},{\"@type\":\"BreadcrumbList\",\"@id\":\"https:\/\/amami.it\/fr\/contact-us\/#breadcrumb\",\"itemListElement\":[{\"@type\":\"ListItem\",\"position\":1,\"name\":\"Home\",\"item\":\"https:\/\/amami.it\/fr\/\"},{\"@type\":\"ListItem\",\"position\":2,\"name\":\"Contacts\"}]},{\"@type\":\"WebSite\",\"@id\":\"https:\/\/amami.it\/fr\/#website\",\"url\":\"https:\/\/amami.it\/fr\/\",\"name\":\"Amami Viaggi\",\"description\":\"Dal B&amp;B alla Casa Vacanze, dall&#039;Agriturismo al Residence, dall&#039;hotel all&#039;affittacamere\",\"publisher\":{\"@id\":\"https:\/\/amami.it\/fr\/#organization\"},\"potentialAction\":[{\"@type\":\"SearchAction\",\"target\":{\"@type\":\"EntryPoint\",\"urlTemplate\":\"https:\/\/amami.it\/fr\/?s={search_term_string}\"},\"query-input\":{\"@type\":\"PropertyValueSpecification\",\"valueRequired\":true,\"valueName\":\"search_term_string\"}}],\"inLanguage\":\"fr-FR\"},{\"@type\":\"Organization\",\"@id\":\"https:\/\/amami.it\/fr\/#organization\",\"name\":\"Amami Viaggi\",\"url\":\"https:\/\/amami.it\/fr\/\",\"logo\":{\"@type\":\"ImageObject\",\"inLanguage\":\"fr-FR\",\"@id\":\"https:\/\/amami.it\/fr\/#\/schema\/logo\/image\/\",\"url\":\"https:\/\/amami.it\/wp-content\/uploads\/2022\/03\/amami.it_logo_neg.png\",\"contentUrl\":\"https:\/\/amami.it\/wp-content\/uploads\/2022\/03\/amami.it_logo_neg.png\",\"width\":600,\"height\":600,\"caption\":\"Amami Viaggi\"},\"image\":{\"@id\":\"https:\/\/amami.it\/fr\/#\/schema\/logo\/image\/\"},\"sameAs\":[\"https:\/\/www.facebook.com\/amamiviaggi\",\"https:\/\/x.com\/AmamiViaggi\",\"https:\/\/www.instagram.com\/amamiviaggi\/\"]}]}<\/script>\n<!-- \/ Yoast SEO plugin. -->","yoast_head_json":{"title":"Contacts - Amami Viaggi","robots":{"index":"index","follow":"follow","max-snippet":"max-snippet:-1","max-image-preview":"max-image-preview:large","max-video-preview":"max-video-preview:-1"},"canonical":"https:\/\/amami.it\/fr\/contact-us\/","og_locale":"fr_FR","og_type":"article","og_title":"Contacts - Amami Viaggi","og_description":"[vc_row full_width=&#8221;stretch_row_content&#8221;][vc_column][vc_raw_html]JTNDaWZyYW1lJTIwc3JjJTNEJTIyaHR0cHMlM0ElMkYlMkZ3d3cuZ29vZ2xlLmNvbSUyRm1hcHMlMkZlbWJlZCUzRnBiJTNEJTIxMW0xOCUyMTFtMTIlMjExbTMlMjExZDMwMjcuNDY3MDAxNTE4MTYzJTIxMmQxNC44NzA5MDczMTU0MDI3MzYlMjEzZDQwLjY0MTYzNDk3OTMzOTQ4NiUyMTJtMyUyMTFmMCUyMTJmMCUyMTNmMCUyMTNtMiUyMTFpMTAyNCUyMTJpNzY4JTIxNGYxMy4xJTIxM20zJTIxMW0yJTIxMXMweDEzM2JkZDY2NWZjNDI3ZGQlMjUzQTB4MmE3YjVkNzM0MzllOTA2YyUyMTJzQW1hbWklMjUyMFZpYWdnaSUyMTVlMCUyMTNtMiUyMTFzaXQlMjEyc2l0JTIxNHYxNjE4NTUwODI0ODkwJTIxNW0yJTIxMXNpdCUyMTJzaXQlMjIlMjB3aWR0aCUzRCUyMjEwMCUyNSUyMiUyMGhlaWdodCUzRCUyMjQ1MCUyMiUyMHN0eWxlJTNEJTIyYm9yZGVyJTNBMCUzQiUyMiUyMGFsbG93ZnVsbHNjcmVlbiUzRCUyMiUyMiUyMGxvYWRpbmclM0QlMjJsYXp5JTIyJTNFJTNDJTJGaWZyYW1lJTNF[\/vc_raw_html][\/vc_column][\/vc_row][vc_row][vc_column width=&#8221;7\/12&#8243;][\/vc_column][vc_column width=&#8221;1\/12&#8243;][\/vc_column][vc_column width=&#8221;1\/3&#8243; css=&#8221;.vc_custom_1650962763974{padding-top: 80px !important;}&#8221;][vc_column_text css=&#8221;.vc_custom_1678372711990{padding-top: 30px !important;padding-right: 30px !important;padding-bottom: 30px !important;padding-left: 30px !important;background-color: #ffffff !important;}&#8221;] Amami [&hellip;]","og_url":"https:\/\/amami.it\/fr\/contact-us\/","og_site_name":"Amami Viaggi","article_publisher":"https:\/\/www.facebook.com\/amamiviaggi","article_modified_time":"2023-03-09T14:38:39+00:00","og_image":[{"width":600,"height":600,"url":"https:\/\/amami.it\/wp-content\/uploads\/2022\/03\/amami.it_logo_neg.png","type":"image\/png"}],"twitter_card":"summary_large_image","twitter_site":"@AmamiViaggi","twitter_misc":{"Dur\u00e9e de lecture estim\u00e9e":"1 minute"},"schema":{"@context":"https:\/\/schema.org","@graph":[{"@type":"WebPage","@id":"https:\/\/amami.it\/fr\/contact-us\/","url":"https:\/\/amami.it\/fr\/contact-us\/","name":"Contacts - Amami Viaggi","isPartOf":{"@id":"https:\/\/amami.it\/fr\/#website"},"datePublished":"2022-01-19T04:44:47+00:00","dateModified":"2023-03-09T14:38:39+00:00","breadcrumb":{"@id":"https:\/\/amami.it\/fr\/contact-us\/#breadcrumb"},"inLanguage":"fr-FR","potentialAction":[{"@type":"ReadAction","target":["https:\/\/amami.it\/fr\/contact-us\/"]}]},{"@type":"BreadcrumbList","@id":"https:\/\/amami.it\/fr\/contact-us\/#breadcrumb","itemListElement":[{"@type":"ListItem","position":1,"name":"Home","item":"https:\/\/amami.it\/fr\/"},{"@type":"ListItem","position":2,"name":"Contacts"}]},{"@type":"WebSite","@id":"https:\/\/amami.it\/fr\/#website","url":"https:\/\/amami.it\/fr\/","name":"Amami Viaggi","description":"Dal B&amp;B alla Casa Vacanze, dall&#039;Agriturismo al Residence, dall&#039;hotel all&#039;affittacamere","publisher":{"@id":"https:\/\/amami.it\/fr\/#organization"},"potentialAction":[{"@type":"SearchAction","target":{"@type":"EntryPoint","urlTemplate":"https:\/\/amami.it\/fr\/?s={search_term_string}"},"query-input":{"@type":"PropertyValueSpecification","valueRequired":true,"valueName":"search_term_string"}}],"inLanguage":"fr-FR"},{"@type":"Organization","@id":"https:\/\/amami.it\/fr\/#organization","name":"Amami Viaggi","url":"https:\/\/amami.it\/fr\/","logo":{"@type":"ImageObject","inLanguage":"fr-FR","@id":"https:\/\/amami.it\/fr\/#\/schema\/logo\/image\/","url":"https:\/\/amami.it\/wp-content\/uploads\/2022\/03\/amami.it_logo_neg.png","contentUrl":"https:\/\/amami.it\/wp-content\/uploads\/2022\/03\/amami.it_logo_neg.png","width":600,"height":600,"caption":"Amami Viaggi"},"image":{"@id":"https:\/\/amami.it\/fr\/#\/schema\/logo\/image\/"},"sameAs":["https:\/\/www.facebook.com\/amamiviaggi","https:\/\/x.com\/AmamiViaggi","https:\/\/www.instagram.com\/amamiviaggi\/"]}]}},"_links":{"self":[{"href":"https:\/\/amami.it\/fr\/wp-json\/wp\/v2\/pages\/2648","targetHints":{"allow":["GET"]}}],"collection":[{"href":"https:\/\/amami.it\/fr\/wp-json\/wp\/v2\/pages"}],"about":[{"href":"https:\/\/amami.it\/fr\/wp-json\/wp\/v2\/types\/page"}],"author":[{"embeddable":true,"href":"https:\/\/amami.it\/fr\/wp-json\/wp\/v2\/users\/1"}],"replies":[{"embeddable":true,"href":"https:\/\/amami.it\/fr\/wp-json\/wp\/v2\/comments?post=2648"}],"version-history":[{"count":2,"href":"https:\/\/amami.it\/fr\/wp-json\/wp\/v2\/pages\/2648\/revisions"}],"predecessor-version":[{"id":5937,"href":"https:\/\/amami.it\/fr\/wp-json\/wp\/v2\/pages\/2648\/revisions\/5937"}],"wp:attachment":[{"href":"https:\/\/amami.it\/fr\/wp-json\/wp\/v2\/media?parent=2648"}],"curies":[{"name":"wp","href":"https:\/\/api.w.org\/{rel}","templated":true}]}}