{"id":2660,"date":"2021-06-14T12:19:32","date_gmt":"2021-06-14T10:19:32","guid":{"rendered":"https:\/\/amami.turismomolise.com\/?page_id=2660"},"modified":"2023-03-12T20:17:57","modified_gmt":"2023-03-12T19:17:57","slug":"contratto-business","status":"publish","type":"page","link":"https:\/\/amami.it\/fr\/contratto-business\/","title":{"rendered":"Contrat commercial"},"content":{"rendered":"<p>[vc_row][vc_column][vc_text_separator title=&#8221;La gestion de votre propri\u00e9t\u00e9 n&#8217;a jamais \u00e9t\u00e9 aussi simple !&#8221; color=&#8221;custom&#8221; border_width=&#8221;5&#8243; accent_color=&#8221;#d43232&#8243;][vc_column_text]Avec le soutien gratuit d&#8217;une \u00e9quipe de professionnels, vous pouvez publier votre maison de vacances, votre B&amp;B, ferme, maison d&#8217;h\u00f4tes ou h\u00f4tel dans l&#8217;un des circuits les plus riches qu&#8217;offre le monde du tourisme.<\/p>\n<p>Le profil d&#8217;entreprise d&#8217;Amami Viaggi est le meilleur que vous puissiez imaginer obtenir \u00e0 partir d&#8217;une seule plateforme.<\/p>\n<p>Le seul Channel Manager qui r\u00e9unit les plus importants portails de r\u00e9servation en ligne, r\u00e9seau d&#8217;agences de voyages et tour-op\u00e9rateurs internationaux gr\u00e2ce \u00e0 une gestion int\u00e9gr\u00e9e accessible depuis votre propre espace priv\u00e9.<\/p>\n<p>Un centre de contr\u00f4le unique qui vous permettra d&#8217;optimiser votre temps et vos ventes gr\u00e2ce aux promotions et modules de derni\u00e8re minute qu&#8217;Amami met \u00e0 votre disposition.[\/vc_column_text][\/vc_column][\/vc_row][vc_row full_width=&#8221;stretch_row&#8221; css=&#8221;.vc_custom_1618488868384{background-color: #ffffff !important;}&#8221;][vc_column][vc_text_separator title=&#8221;Des gens pour vous soutenir!&#8221; i_icon_fontawesome=&#8221;fas fa-user-friends&#8221; i_color=&#8221;custom&#8221; title_align=&#8221;separator_align_left&#8221; color=&#8221;custom&#8221; border_width=&#8221;5&#8243; add_icon=&#8221;true&#8221; accent_color=&#8221;#d43232&#8243; i_custom_color=&#8221;#dd3333&#8243;][vc_column_text]<img decoding=\"async\" class=\"alignleft size-medium wp-image-1942\" src=\"https:\/\/amami.turismomolise.com\/wp-content\/uploads\/2021\/03\/new-york-2-555x360-1-300x195.png\" alt=\"\" width=\"300\" height=\"195\" srcset=\"https:\/\/amami.it\/wp-content\/uploads\/2021\/03\/new-york-2-555x360-1-300x195.png 300w, https:\/\/amami.it\/wp-content\/uploads\/2021\/03\/new-york-2-555x360-1.png 555w\" sizes=\"(max-width: 300px) 100vw, 300px\" \/>Nous proposons \u00e0 nos clients la meilleure solution pour leurs besoins et nous savons \u00e0 quel point il est important de choisir la bonne pour des vacances bien m\u00e9rit\u00e9es. C&#8217;est pourquoi nous visitons tous les \u00e9tablissements Business Instant Booking que nous proposons, afin d&#8217;avoir une compr\u00e9hension approfondie de chaque propri\u00e9t\u00e9 et de son emplacement.<br \/>\n<b><\/b><\/p>\n<p>Un de nos repr\u00e9sentants effectuera une inspection de la structure et collectera toutes les informations n\u00e9cessaires afin de fournir des descriptions compl\u00e8tes et d\u00e9taill\u00e9es comprenant, en plus des distances des points d&#8217;int\u00e9r\u00eat, \u00e9galement la position exacte de la structure sur le satellite Plans. Toutes les photos publi\u00e9es dans le circuit Business Instant Booking sont prises par nos soins lors de nos contr\u00f4les afin d&#8217;assurer un maximum de s\u00e9rieux et d&#8217;\u00e9viter les mauvaises surprises \u00e0 l&#8217;arriv\u00e9e.<\/p>\n<p>Notre service client est disponible 7 jours sur 7 et vous assistera de la demande de r\u00e9servation jusqu&#8217;au moment du d\u00e9part.<\/p>\n<p><b>\u00a0<\/b>[\/vc_column_text][\/vc_column][\/vc_row][vc_row][vc_column][vc_column_text][\/vc_column_text][\/vc_column][\/vc_row][vc_row full_width=&#8221;stretch_row&#8221; css=&#8221;.vc_custom_1651826700756{margin-top: 20px !important;background-color: #ffffff !important;}&#8221;][vc_column][vc_row_inner][vc_column_inner width=&#8221;3\/4&#8243;][vc_column_text]<\/p>\n<h4 style=\"color: #6c6c6c;\">Avez-vous besoin d&#8217;aide pour votre r\u00e9servation?<br \/>\nVous souhaitez enregistrer votre agence de voyage et vous avez des questions ?<\/h4>\n<h4 style=\"color: #d43232;\">Contactez-nous et demandez de l&#8217;aide!<\/h4>\n<p>[\/vc_column_text][vc_raw_html css=&#8221;.vc_custom_1678378434538{margin-bottom: 0px !important;padding-bottom: 20px !important;}&#8221;]JTNDZGl2JTIwY2xhc3MlM0QlMjJjb250YWN0LXRlbCUyMiUzRSUwQSUzQ2ltZyUyMHNyYyUzRCUyMiUyRndwLWNvbnRlbnQlMkZ1cGxvYWRzJTJGMjAyMiUyRjA0JTJGYW5hbG9nLTEyOTMzMTZfMTI4MC5wbmclMjIlMjBhbHQlM0QlMjJUZWxlZm9ubyUyMiUyMCUyRiUzRSUwQSUzQ2ElMjBocmVmJTNEJTIydGVsJTNBJTJCMzkzODk0NDQ2NTE5JTIyJTNFJTNDc3BhbiUyMGNsYXNzJTNEJTIydGVsJTIyJTNFJTJCMzklMjAzODklMjA0NDQlMjA2NTE5JTNDJTJGc3BhbiUzRSUzQyUyRmElM0UlMEElM0MlMkZkaXYlM0U=[\/vc_raw_html][\/vc_column_inner][vc_column_inner width=&#8221;1\/4&#8243;][vc_single_image image=&#8221;4489&#8243; img_size=&#8221;full&#8221; alignment=&#8221;center&#8221; css=&#8221;.vc_custom_1650964388449{margin-top: 10px !important;margin-bottom: 0px !important;}&#8221;][\/vc_column_inner][\/vc_row_inner][\/vc_column][\/vc_row]<\/p>\n","protected":false},"excerpt":{"rendered":"<p>[vc_row][vc_column][vc_text_separator title=&#8221;La gestion de votre propri\u00e9t\u00e9 n&#8217;a jamais \u00e9t\u00e9 aussi simple !&#8221; color=&#8221;custom&#8221; border_width=&#8221;5&#8243; accent_color=&#8221;#d43232&#8243;][vc_column_text]Avec le soutien gratuit d&#8217;une \u00e9quipe [&hellip;]<\/p>\n","protected":false},"author":1,"featured_media":0,"parent":0,"menu_order":0,"comment_status":"closed","ping_status":"closed","template":"template\/template-homepage.php","meta":{"_acf_changed":false,"footnotes":""},"class_list":["post-2660","page","type-page","status-publish","hentry"],"acf":[],"yoast_head":"<!-- This site is optimized with the Yoast SEO plugin v23.9 - https:\/\/yoast.com\/wordpress\/plugins\/seo\/ -->\n<title>Contrat commercial - Amami Viaggi<\/title>\n<meta name=\"robots\" content=\"index, follow, max-snippet:-1, max-image-preview:large, max-video-preview:-1\" \/>\n<link rel=\"canonical\" href=\"https:\/\/amami.it\/fr\/contratto-business\/\" \/>\n<meta property=\"og:locale\" content=\"fr_FR\" \/>\n<meta property=\"og:type\" content=\"article\" \/>\n<meta property=\"og:title\" content=\"Contrat commercial - Amami Viaggi\" \/>\n<meta property=\"og:description\" content=\"[vc_row][vc_column][vc_text_separator title=&#8221;La gestion de votre propri\u00e9t\u00e9 n&#8217;a jamais \u00e9t\u00e9 aussi simple !&#8221; color=&#8221;custom&#8221; border_width=&#8221;5&#8243; accent_color=&#8221;#d43232&#8243;][vc_column_text]Avec le soutien gratuit d&#8217;une \u00e9quipe [&hellip;]\" \/>\n<meta property=\"og:url\" content=\"https:\/\/amami.it\/fr\/contratto-business\/\" \/>\n<meta property=\"og:site_name\" content=\"Amami Viaggi\" \/>\n<meta property=\"article:publisher\" content=\"https:\/\/www.facebook.com\/amamiviaggi\" \/>\n<meta property=\"article:modified_time\" content=\"2023-03-12T19:17:57+00:00\" \/>\n<meta property=\"og:image\" content=\"https:\/\/amami.it\/wp-content\/uploads\/2022\/03\/amami.it_logo_neg.png\" \/>\n\t<meta property=\"og:image:width\" content=\"600\" \/>\n\t<meta property=\"og:image:height\" content=\"600\" \/>\n\t<meta property=\"og:image:type\" content=\"image\/png\" \/>\n<meta name=\"twitter:card\" content=\"summary_large_image\" \/>\n<meta name=\"twitter:title\" content=\"90\" \/>\n<meta name=\"twitter:description\" content=\"false\" \/>\n<meta name=\"twitter:site\" content=\"@AmamiViaggi\" \/>\n<meta name=\"twitter:label1\" content=\"Dur\u00e9e de lecture estim\u00e9e\" \/>\n\t<meta name=\"twitter:data1\" content=\"2 minutes\" \/>\n<script type=\"application\/ld+json\" class=\"yoast-schema-graph\">{\"@context\":\"https:\/\/schema.org\",\"@graph\":[{\"@type\":\"WebPage\",\"@id\":\"https:\/\/amami.it\/fr\/contratto-business\/\",\"url\":\"https:\/\/amami.it\/fr\/contratto-business\/\",\"name\":\"Contrat commercial - Amami Viaggi\",\"isPartOf\":{\"@id\":\"https:\/\/amami.it\/fr\/#website\"},\"primaryImageOfPage\":{\"@id\":\"https:\/\/amami.it\/fr\/contratto-business\/#primaryimage\"},\"image\":{\"@id\":\"https:\/\/amami.it\/fr\/contratto-business\/#primaryimage\"},\"thumbnailUrl\":\"https:\/\/amami.turismomolise.com\/wp-content\/uploads\/2021\/03\/new-york-2-555x360-1-300x195.png\",\"datePublished\":\"2021-06-14T10:19:32+00:00\",\"dateModified\":\"2023-03-12T19:17:57+00:00\",\"breadcrumb\":{\"@id\":\"https:\/\/amami.it\/fr\/contratto-business\/#breadcrumb\"},\"inLanguage\":\"fr-FR\",\"potentialAction\":[{\"@type\":\"ReadAction\",\"target\":[\"https:\/\/amami.it\/fr\/contratto-business\/\"]}]},{\"@type\":\"ImageObject\",\"inLanguage\":\"fr-FR\",\"@id\":\"https:\/\/amami.it\/fr\/contratto-business\/#primaryimage\",\"url\":\"https:\/\/amami.turismomolise.com\/wp-content\/uploads\/2021\/03\/new-york-2-555x360-1-300x195.png\",\"contentUrl\":\"https:\/\/amami.turismomolise.com\/wp-content\/uploads\/2021\/03\/new-york-2-555x360-1-300x195.png\"},{\"@type\":\"BreadcrumbList\",\"@id\":\"https:\/\/amami.it\/fr\/contratto-business\/#breadcrumb\",\"itemListElement\":[{\"@type\":\"ListItem\",\"position\":1,\"name\":\"Home\",\"item\":\"https:\/\/amami.it\/fr\/\"},{\"@type\":\"ListItem\",\"position\":2,\"name\":\"Contrat commercial\"}]},{\"@type\":\"WebSite\",\"@id\":\"https:\/\/amami.it\/fr\/#website\",\"url\":\"https:\/\/amami.it\/fr\/\",\"name\":\"Amami Viaggi\",\"description\":\"Dal B&amp;B alla Casa Vacanze, dall&#039;Agriturismo al Residence, dall&#039;hotel all&#039;affittacamere\",\"publisher\":{\"@id\":\"https:\/\/amami.it\/fr\/#organization\"},\"potentialAction\":[{\"@type\":\"SearchAction\",\"target\":{\"@type\":\"EntryPoint\",\"urlTemplate\":\"https:\/\/amami.it\/fr\/?s={search_term_string}\"},\"query-input\":{\"@type\":\"PropertyValueSpecification\",\"valueRequired\":true,\"valueName\":\"search_term_string\"}}],\"inLanguage\":\"fr-FR\"},{\"@type\":\"Organization\",\"@id\":\"https:\/\/amami.it\/fr\/#organization\",\"name\":\"Amami Viaggi\",\"url\":\"https:\/\/amami.it\/fr\/\",\"logo\":{\"@type\":\"ImageObject\",\"inLanguage\":\"fr-FR\",\"@id\":\"https:\/\/amami.it\/fr\/#\/schema\/logo\/image\/\",\"url\":\"https:\/\/amami.it\/wp-content\/uploads\/2022\/03\/amami.it_logo_neg.png\",\"contentUrl\":\"https:\/\/amami.it\/wp-content\/uploads\/2022\/03\/amami.it_logo_neg.png\",\"width\":600,\"height\":600,\"caption\":\"Amami Viaggi\"},\"image\":{\"@id\":\"https:\/\/amami.it\/fr\/#\/schema\/logo\/image\/\"},\"sameAs\":[\"https:\/\/www.facebook.com\/amamiviaggi\",\"https:\/\/x.com\/AmamiViaggi\",\"https:\/\/www.instagram.com\/amamiviaggi\/\"]}]}<\/script>\n<!-- \/ Yoast SEO plugin. -->","yoast_head_json":{"title":"Contrat commercial - Amami Viaggi","robots":{"index":"index","follow":"follow","max-snippet":"max-snippet:-1","max-image-preview":"max-image-preview:large","max-video-preview":"max-video-preview:-1"},"canonical":"https:\/\/amami.it\/fr\/contratto-business\/","og_locale":"fr_FR","og_type":"article","og_title":"Contrat commercial - Amami Viaggi","og_description":"[vc_row][vc_column][vc_text_separator title=&#8221;La gestion de votre propri\u00e9t\u00e9 n&#8217;a jamais \u00e9t\u00e9 aussi simple !&#8221; color=&#8221;custom&#8221; border_width=&#8221;5&#8243; accent_color=&#8221;#d43232&#8243;][vc_column_text]Avec le soutien gratuit d&#8217;une \u00e9quipe [&hellip;]","og_url":"https:\/\/amami.it\/fr\/contratto-business\/","og_site_name":"Amami Viaggi","article_publisher":"https:\/\/www.facebook.com\/amamiviaggi","article_modified_time":"2023-03-12T19:17:57+00:00","og_image":[{"width":600,"height":600,"url":"https:\/\/amami.it\/wp-content\/uploads\/2022\/03\/amami.it_logo_neg.png","type":"image\/png"}],"twitter_card":"summary_large_image","twitter_title":"90","twitter_description":"false","twitter_site":"@AmamiViaggi","twitter_misc":{"Dur\u00e9e de lecture estim\u00e9e":"2 minutes"},"schema":{"@context":"https:\/\/schema.org","@graph":[{"@type":"WebPage","@id":"https:\/\/amami.it\/fr\/contratto-business\/","url":"https:\/\/amami.it\/fr\/contratto-business\/","name":"Contrat commercial - Amami Viaggi","isPartOf":{"@id":"https:\/\/amami.it\/fr\/#website"},"primaryImageOfPage":{"@id":"https:\/\/amami.it\/fr\/contratto-business\/#primaryimage"},"image":{"@id":"https:\/\/amami.it\/fr\/contratto-business\/#primaryimage"},"thumbnailUrl":"https:\/\/amami.turismomolise.com\/wp-content\/uploads\/2021\/03\/new-york-2-555x360-1-300x195.png","datePublished":"2021-06-14T10:19:32+00:00","dateModified":"2023-03-12T19:17:57+00:00","breadcrumb":{"@id":"https:\/\/amami.it\/fr\/contratto-business\/#breadcrumb"},"inLanguage":"fr-FR","potentialAction":[{"@type":"ReadAction","target":["https:\/\/amami.it\/fr\/contratto-business\/"]}]},{"@type":"ImageObject","inLanguage":"fr-FR","@id":"https:\/\/amami.it\/fr\/contratto-business\/#primaryimage","url":"https:\/\/amami.turismomolise.com\/wp-content\/uploads\/2021\/03\/new-york-2-555x360-1-300x195.png","contentUrl":"https:\/\/amami.turismomolise.com\/wp-content\/uploads\/2021\/03\/new-york-2-555x360-1-300x195.png"},{"@type":"BreadcrumbList","@id":"https:\/\/amami.it\/fr\/contratto-business\/#breadcrumb","itemListElement":[{"@type":"ListItem","position":1,"name":"Home","item":"https:\/\/amami.it\/fr\/"},{"@type":"ListItem","position":2,"name":"Contrat commercial"}]},{"@type":"WebSite","@id":"https:\/\/amami.it\/fr\/#website","url":"https:\/\/amami.it\/fr\/","name":"Amami Viaggi","description":"Dal B&amp;B alla Casa Vacanze, dall&#039;Agriturismo al Residence, dall&#039;hotel all&#039;affittacamere","publisher":{"@id":"https:\/\/amami.it\/fr\/#organization"},"potentialAction":[{"@type":"SearchAction","target":{"@type":"EntryPoint","urlTemplate":"https:\/\/amami.it\/fr\/?s={search_term_string}"},"query-input":{"@type":"PropertyValueSpecification","valueRequired":true,"valueName":"search_term_string"}}],"inLanguage":"fr-FR"},{"@type":"Organization","@id":"https:\/\/amami.it\/fr\/#organization","name":"Amami Viaggi","url":"https:\/\/amami.it\/fr\/","logo":{"@type":"ImageObject","inLanguage":"fr-FR","@id":"https:\/\/amami.it\/fr\/#\/schema\/logo\/image\/","url":"https:\/\/amami.it\/wp-content\/uploads\/2022\/03\/amami.it_logo_neg.png","contentUrl":"https:\/\/amami.it\/wp-content\/uploads\/2022\/03\/amami.it_logo_neg.png","width":600,"height":600,"caption":"Amami Viaggi"},"image":{"@id":"https:\/\/amami.it\/fr\/#\/schema\/logo\/image\/"},"sameAs":["https:\/\/www.facebook.com\/amamiviaggi","https:\/\/x.com\/AmamiViaggi","https:\/\/www.instagram.com\/amamiviaggi\/"]}]}},"_links":{"self":[{"href":"https:\/\/amami.it\/fr\/wp-json\/wp\/v2\/pages\/2660","targetHints":{"allow":["GET"]}}],"collection":[{"href":"https:\/\/amami.it\/fr\/wp-json\/wp\/v2\/pages"}],"about":[{"href":"https:\/\/amami.it\/fr\/wp-json\/wp\/v2\/types\/page"}],"author":[{"embeddable":true,"href":"https:\/\/amami.it\/fr\/wp-json\/wp\/v2\/users\/1"}],"replies":[{"embeddable":true,"href":"https:\/\/amami.it\/fr\/wp-json\/wp\/v2\/comments?post=2660"}],"version-history":[{"count":2,"href":"https:\/\/amami.it\/fr\/wp-json\/wp\/v2\/pages\/2660\/revisions"}],"predecessor-version":[{"id":6025,"href":"https:\/\/amami.it\/fr\/wp-json\/wp\/v2\/pages\/2660\/revisions\/6025"}],"wp:attachment":[{"href":"https:\/\/amami.it\/fr\/wp-json\/wp\/v2\/media?parent=2660"}],"curies":[{"name":"wp","href":"https:\/\/api.w.org\/{rel}","templated":true}]}}