{"id":2689,"date":"2021-06-14T12:33:25","date_gmt":"2021-06-14T10:33:25","guid":{"rendered":"https:\/\/amami.turismomolise.com\/?page_id=2689"},"modified":"2022-07-13T09:37:56","modified_gmt":"2022-07-13T07:37:56","slug":"richiesta-di-registrazione-per-agenzie","status":"publish","type":"page","link":"https:\/\/amami.it\/fr\/richiesta-di-registrazione-per-agenzie\/","title":{"rendered":"Demande d&#8217;inscription pour les agences"},"content":{"rendered":"<p>[vc_row full_width=&#8221;stretch_row&#8221; css=&#8221;.vc_custom_1654096759119{margin-top: -20px !important;background-color: #ffffff !important;}&#8221;][vc_column][vc_column_text]Un monde d&#8217;avantages commerciaux vous attend sur amami.it, une plateforme technologiquement avanc\u00e9e qui utilise tous les outils int\u00e9gr\u00e9s de marketing et de r\u00e9servation pour optimiser les processus de r\u00e9servation et de vente !<\/p>\n<p>Devenez partenaire d&#8217;Amami Viaggi et commencez imm\u00e9diatement \u00e0 r\u00e9server des installations h\u00f4teli\u00e8res et extra-h\u00f4teli\u00e8res dans toute l&#8217;Italie : du B&amp;B \u00e0 la maison de vacances, de la ferme \u00e0 la maison d&#8217;h\u00f4tes, de l&#8217;h\u00f4tel \u00e0 la villa de luxe.<\/p>\n<p>Toutes les structures sont certifi\u00e9es par Amami Viaggi.<\/p>\n<p>Commissions avantageuses<br \/>\nTarifs en taux de parit\u00e9 avec les principales OTA et mis \u00e0 jour en temps r\u00e9el<br \/>\nMeilleur tarif disponible sur les circuits B2B<br \/>\nDescriptions utiles et compl\u00e8tes des installations<\/p>\n<p>Remplissez le formulaire et commencez \u00e0 profiter de tous les services et avantages d\u00e9di\u00e9s ![\/vc_column_text][\/vc_column][\/vc_row][vc_row full_width=&#8221;stretch_row&#8221; equal_height=&#8221;yes&#8221; content_placement=&#8221;middle&#8221; css=&#8221;.vc_custom_1654096724240{margin-top: -20px !important;padding-top: 80px !important;padding-bottom: 80px !important;}&#8221;][vc_column]\n<div class=\"wpcf7 no-js\" id=\"wpcf7-f2376-o1\" lang=\"en-US\" dir=\"ltr\" data-wpcf7-id=\"2376\">\n<div class=\"screen-reader-response\"><p role=\"status\" aria-live=\"polite\" aria-atomic=\"true\"><\/p> <ul><\/ul><\/div>\n<form action=\"\/fr\/wp-json\/wp\/v2\/pages\/2689#wpcf7-f2376-o1\" method=\"post\" class=\"wpcf7-form init wpcf7-acceptance-as-validation\" aria-label=\"Contact form\" novalidate=\"novalidate\" data-status=\"init\">\n<div style=\"display: none;\">\n<input type=\"hidden\" name=\"_wpcf7\" value=\"2376\" \/>\n<input type=\"hidden\" name=\"_wpcf7_version\" value=\"6.0\" \/>\n<input type=\"hidden\" name=\"_wpcf7_locale\" value=\"en_US\" \/>\n<input type=\"hidden\" name=\"_wpcf7_unit_tag\" value=\"wpcf7-f2376-o1\" \/>\n<input type=\"hidden\" name=\"_wpcf7_container_post\" value=\"0\" \/>\n<input type=\"hidden\" name=\"_wpcf7_posted_data_hash\" value=\"\" \/>\n<input type=\"hidden\" name=\"_wpcf7_recaptcha_response\" value=\"\" \/>\n<\/div>\n<div class=\"col-lg-6\">\n\t<div class=\"form-group\">\n\t\t<p><label class=\"required\" for=\"societa\">Societ\u00e0<\/label><span class=\"wpcf7-form-control-wrap\" data-name=\"your-societa\"><input size=\"40\" maxlength=\"400\" class=\"wpcf7-form-control wpcf7-text wpcf7-validates-as-required form-control\" aria-required=\"true\" aria-invalid=\"false\" value=\"\" type=\"text\" name=\"your-societa\" \/><\/span>\n\t\t<\/p>\n\t<\/div>\n\t<div class=\"form-group\">\n\t\t<p><label class=\"required\" for=\"rappresentante\"> Rappresentante Legale <\/label><span class=\"wpcf7-form-control-wrap\" data-name=\"rappresentante\"><input size=\"40\" maxlength=\"400\" class=\"wpcf7-form-control wpcf7-text wpcf7-validates-as-required form-control\" aria-required=\"true\" aria-invalid=\"false\" value=\"\" type=\"text\" name=\"rappresentante\" \/><\/span>\n\t\t<\/p>\n\t<\/div>\n\t<div class=\"form-group\">\n\t\t<p><label class=\"required\" for=\"iva\"> Partita IVA <\/label><span class=\"wpcf7-form-control-wrap\" data-name=\"iva\"><input size=\"40\" maxlength=\"400\" class=\"wpcf7-form-control wpcf7-text wpcf7-validates-as-required form-control\" aria-required=\"true\" aria-invalid=\"false\" value=\"\" type=\"text\" name=\"iva\" \/><\/span>\n\t\t<\/p>\n\t<\/div>\n\t<div class=\"form-group\">\n\t\t<p><label class=\"required\" for=\"tel\"> Telefono <\/label><span class=\"wpcf7-form-control-wrap\" data-name=\"tel\"><input size=\"40\" maxlength=\"400\" class=\"wpcf7-form-control wpcf7-text wpcf7-validates-as-required form-control\" aria-required=\"true\" aria-invalid=\"false\" value=\"\" type=\"text\" name=\"tel\" \/><\/span>\n\t\t<\/p>\n\t<\/div>\n<\/div>\n<div class=\"col-lg-6\">\n\t<div class=\"form-group\">\n\t\t<p><label class=\"required\" for=\"yourEmail\">Email<\/label><span class=\"wpcf7-form-control-wrap\" data-name=\"your-email\"><input size=\"40\" maxlength=\"400\" class=\"wpcf7-form-control wpcf7-email wpcf7-validates-as-required wpcf7-text wpcf7-validates-as-email form-control\" aria-required=\"true\" aria-invalid=\"false\" value=\"\" type=\"email\" name=\"your-email\" \/><\/span>\n\t\t<\/p>\n\t<\/div>\n\t<div class=\"form-group\">\n\t\t<p><label class=\"required\" for=\"indirizzo\"> Indirizzo della societ\u00e0 <\/label><span class=\"wpcf7-form-control-wrap\" data-name=\"indirizzo\"><input size=\"40\" maxlength=\"400\" class=\"wpcf7-form-control wpcf7-text wpcf7-validates-as-required form-control\" aria-required=\"true\" aria-invalid=\"false\" value=\"\" type=\"text\" name=\"indirizzo\" \/><\/span>\n\t\t<\/p>\n\t<\/div>\n\t<div class=\"form-group\">\n\t\t<p><label class=\"required\" for=\"citta\"> Citt\u00e0 <\/label><span class=\"wpcf7-form-control-wrap\" data-name=\"citta\"><input size=\"40\" maxlength=\"400\" class=\"wpcf7-form-control wpcf7-text wpcf7-validates-as-required form-control\" aria-required=\"true\" aria-invalid=\"false\" value=\"\" type=\"text\" name=\"citta\" \/><\/span>\n\t\t<\/p>\n\t<\/div>\n\t<div class=\"form-group\">\n\t\t<p><label class=\"required\" for=\"paese\"> Paese <\/label><span class=\"wpcf7-form-control-wrap\" data-name=\"paese\"><input size=\"40\" maxlength=\"400\" class=\"wpcf7-form-control wpcf7-text wpcf7-validates-as-required form-control\" aria-required=\"true\" aria-invalid=\"false\" value=\"\" type=\"text\" name=\"paese\" \/><\/span>\n\t\t<\/p>\n\t<\/div>\n<\/div>\n<div class=\"form-group\">\n\t<p><span class=\"wpcf7-form-control-wrap\" data-name=\"acceptance-320\"><span class=\"wpcf7-form-control wpcf7-acceptance\"><span class=\"wpcf7-list-item\"><input type=\"checkbox\" name=\"acceptance-320\" value=\"1\" aria-invalid=\"false\" \/><\/span><\/span><\/span><span class=\"accept\">Ho preso conoscenza dell\u2019informativa <a href=\"\/privacy-policy\/\" target=\"_blank\"><strong>Privacy Policy <\/strong><\/a> resa da Amami Viaggi ai sensi degli artt.13 e 14 del Regolamento UE 679\/2016 sul trattamento dei dati personali attraverso il sito ed acconsento al loro trattamento per le finalit\u00e0 ivi indicate.<\/span>\n\t<\/p>\n\t<p><span class=\"wpcf7-form-control-wrap\" data-name=\"acceptance-940\"><span class=\"wpcf7-form-control wpcf7-acceptance\"><span class=\"wpcf7-list-item\"><input type=\"checkbox\" name=\"acceptance-940\" value=\"1\" aria-invalid=\"false\" \/><\/span><\/span><\/span><span class=\"accept\">Accetto <a href=\"\/terms-and-conditions\/\" target=\"_blank\"><strong>Termini e Condizioni<\/strong><\/a><\/span>\n\t<\/p>\n<\/div>\n<div class=\"col-lg-2\">\n\t<p><input class=\"wpcf7-form-control wpcf7-submit has-spinner btn btn-primary\" type=\"submit\" value=\"Send\" \/>\n\t<\/p>\n<\/div><div class=\"wpcf7-response-output\" aria-hidden=\"true\"><\/div>\n<\/form>\n<\/div>\n[\/vc_column][\/vc_row]<\/p>\n","protected":false},"excerpt":{"rendered":"<p>[vc_row full_width=&#8221;stretch_row&#8221; css=&#8221;.vc_custom_1654096759119{margin-top: -20px !important;background-color: #ffffff !important;}&#8221;][vc_column][vc_column_text]Un monde d&#8217;avantages commerciaux vous attend sur amami.it, une plateforme technologiquement avanc\u00e9e qui utilise [&hellip;]<\/p>\n","protected":false},"author":1,"featured_media":0,"parent":0,"menu_order":0,"comment_status":"closed","ping_status":"closed","template":"template\/template-homepage.php","meta":{"_acf_changed":false,"footnotes":""},"class_list":["post-2689","page","type-page","status-publish","hentry"],"acf":[],"yoast_head":"<!-- This site is optimized with the Yoast SEO plugin v23.9 - https:\/\/yoast.com\/wordpress\/plugins\/seo\/ -->\n<title>Demande d&#039;inscription pour les agences - Amami Viaggi<\/title>\n<meta name=\"robots\" content=\"index, follow, max-snippet:-1, max-image-preview:large, max-video-preview:-1\" \/>\n<link rel=\"canonical\" href=\"https:\/\/amami.it\/fr\/richiesta-di-registrazione-per-agenzie\/\" \/>\n<meta property=\"og:locale\" content=\"fr_FR\" \/>\n<meta property=\"og:type\" content=\"article\" \/>\n<meta property=\"og:title\" content=\"Demande d&#039;inscription pour les agences - Amami Viaggi\" \/>\n<meta property=\"og:description\" content=\"[vc_row full_width=&#8221;stretch_row&#8221; css=&#8221;.vc_custom_1654096759119{margin-top: -20px !important;background-color: #ffffff !important;}&#8221;][vc_column][vc_column_text]Un monde d&#8217;avantages commerciaux vous attend sur amami.it, une plateforme technologiquement avanc\u00e9e qui utilise [&hellip;]\" \/>\n<meta property=\"og:url\" content=\"https:\/\/amami.it\/fr\/richiesta-di-registrazione-per-agenzie\/\" \/>\n<meta property=\"og:site_name\" content=\"Amami Viaggi\" \/>\n<meta property=\"article:publisher\" content=\"https:\/\/www.facebook.com\/amamiviaggi\" \/>\n<meta property=\"article:modified_time\" content=\"2022-07-13T07:37:56+00:00\" \/>\n<meta property=\"og:image\" content=\"https:\/\/amami.it\/wp-content\/uploads\/2022\/03\/amami.it_logo_neg.png\" \/>\n\t<meta property=\"og:image:width\" content=\"600\" \/>\n\t<meta property=\"og:image:height\" content=\"600\" \/>\n\t<meta property=\"og:image:type\" content=\"image\/png\" \/>\n<meta name=\"twitter:card\" content=\"summary_large_image\" \/>\n<meta name=\"twitter:title\" content=\"90\" \/>\n<meta name=\"twitter:description\" content=\"false\" \/>\n<meta name=\"twitter:site\" content=\"@AmamiViaggi\" \/>\n<meta name=\"twitter:label1\" content=\"Dur\u00e9e de lecture estim\u00e9e\" \/>\n\t<meta name=\"twitter:data1\" content=\"1 minute\" \/>\n<script type=\"application\/ld+json\" class=\"yoast-schema-graph\">{\"@context\":\"https:\/\/schema.org\",\"@graph\":[{\"@type\":\"WebPage\",\"@id\":\"https:\/\/amami.it\/fr\/richiesta-di-registrazione-per-agenzie\/\",\"url\":\"https:\/\/amami.it\/fr\/richiesta-di-registrazione-per-agenzie\/\",\"name\":\"Demande d'inscription pour les agences - Amami Viaggi\",\"isPartOf\":{\"@id\":\"https:\/\/amami.it\/fr\/#website\"},\"datePublished\":\"2021-06-14T10:33:25+00:00\",\"dateModified\":\"2022-07-13T07:37:56+00:00\",\"breadcrumb\":{\"@id\":\"https:\/\/amami.it\/fr\/richiesta-di-registrazione-per-agenzie\/#breadcrumb\"},\"inLanguage\":\"fr-FR\",\"potentialAction\":[{\"@type\":\"ReadAction\",\"target\":[\"https:\/\/amami.it\/fr\/richiesta-di-registrazione-per-agenzie\/\"]}]},{\"@type\":\"BreadcrumbList\",\"@id\":\"https:\/\/amami.it\/fr\/richiesta-di-registrazione-per-agenzie\/#breadcrumb\",\"itemListElement\":[{\"@type\":\"ListItem\",\"position\":1,\"name\":\"Home\",\"item\":\"https:\/\/amami.it\/fr\/\"},{\"@type\":\"ListItem\",\"position\":2,\"name\":\"Demande d&#8217;inscription pour les agences\"}]},{\"@type\":\"WebSite\",\"@id\":\"https:\/\/amami.it\/fr\/#website\",\"url\":\"https:\/\/amami.it\/fr\/\",\"name\":\"Amami Viaggi\",\"description\":\"Dal B&amp;B alla Casa Vacanze, dall&#039;Agriturismo al Residence, dall&#039;hotel all&#039;affittacamere\",\"publisher\":{\"@id\":\"https:\/\/amami.it\/fr\/#organization\"},\"potentialAction\":[{\"@type\":\"SearchAction\",\"target\":{\"@type\":\"EntryPoint\",\"urlTemplate\":\"https:\/\/amami.it\/fr\/?s={search_term_string}\"},\"query-input\":{\"@type\":\"PropertyValueSpecification\",\"valueRequired\":true,\"valueName\":\"search_term_string\"}}],\"inLanguage\":\"fr-FR\"},{\"@type\":\"Organization\",\"@id\":\"https:\/\/amami.it\/fr\/#organization\",\"name\":\"Amami Viaggi\",\"url\":\"https:\/\/amami.it\/fr\/\",\"logo\":{\"@type\":\"ImageObject\",\"inLanguage\":\"fr-FR\",\"@id\":\"https:\/\/amami.it\/fr\/#\/schema\/logo\/image\/\",\"url\":\"https:\/\/amami.it\/wp-content\/uploads\/2022\/03\/amami.it_logo_neg.png\",\"contentUrl\":\"https:\/\/amami.it\/wp-content\/uploads\/2022\/03\/amami.it_logo_neg.png\",\"width\":600,\"height\":600,\"caption\":\"Amami Viaggi\"},\"image\":{\"@id\":\"https:\/\/amami.it\/fr\/#\/schema\/logo\/image\/\"},\"sameAs\":[\"https:\/\/www.facebook.com\/amamiviaggi\",\"https:\/\/x.com\/AmamiViaggi\",\"https:\/\/www.instagram.com\/amamiviaggi\/\"]}]}<\/script>\n<!-- \/ Yoast SEO plugin. -->","yoast_head_json":{"title":"Demande d'inscription pour les agences - Amami Viaggi","robots":{"index":"index","follow":"follow","max-snippet":"max-snippet:-1","max-image-preview":"max-image-preview:large","max-video-preview":"max-video-preview:-1"},"canonical":"https:\/\/amami.it\/fr\/richiesta-di-registrazione-per-agenzie\/","og_locale":"fr_FR","og_type":"article","og_title":"Demande d'inscription pour les agences - Amami Viaggi","og_description":"[vc_row full_width=&#8221;stretch_row&#8221; css=&#8221;.vc_custom_1654096759119{margin-top: -20px !important;background-color: #ffffff !important;}&#8221;][vc_column][vc_column_text]Un monde d&#8217;avantages commerciaux vous attend sur amami.it, une plateforme technologiquement avanc\u00e9e qui utilise [&hellip;]","og_url":"https:\/\/amami.it\/fr\/richiesta-di-registrazione-per-agenzie\/","og_site_name":"Amami Viaggi","article_publisher":"https:\/\/www.facebook.com\/amamiviaggi","article_modified_time":"2022-07-13T07:37:56+00:00","og_image":[{"width":600,"height":600,"url":"https:\/\/amami.it\/wp-content\/uploads\/2022\/03\/amami.it_logo_neg.png","type":"image\/png"}],"twitter_card":"summary_large_image","twitter_title":"90","twitter_description":"false","twitter_site":"@AmamiViaggi","twitter_misc":{"Dur\u00e9e de lecture estim\u00e9e":"1 minute"},"schema":{"@context":"https:\/\/schema.org","@graph":[{"@type":"WebPage","@id":"https:\/\/amami.it\/fr\/richiesta-di-registrazione-per-agenzie\/","url":"https:\/\/amami.it\/fr\/richiesta-di-registrazione-per-agenzie\/","name":"Demande d'inscription pour les agences - Amami Viaggi","isPartOf":{"@id":"https:\/\/amami.it\/fr\/#website"},"datePublished":"2021-06-14T10:33:25+00:00","dateModified":"2022-07-13T07:37:56+00:00","breadcrumb":{"@id":"https:\/\/amami.it\/fr\/richiesta-di-registrazione-per-agenzie\/#breadcrumb"},"inLanguage":"fr-FR","potentialAction":[{"@type":"ReadAction","target":["https:\/\/amami.it\/fr\/richiesta-di-registrazione-per-agenzie\/"]}]},{"@type":"BreadcrumbList","@id":"https:\/\/amami.it\/fr\/richiesta-di-registrazione-per-agenzie\/#breadcrumb","itemListElement":[{"@type":"ListItem","position":1,"name":"Home","item":"https:\/\/amami.it\/fr\/"},{"@type":"ListItem","position":2,"name":"Demande d&#8217;inscription pour les agences"}]},{"@type":"WebSite","@id":"https:\/\/amami.it\/fr\/#website","url":"https:\/\/amami.it\/fr\/","name":"Amami Viaggi","description":"Dal B&amp;B alla Casa Vacanze, dall&#039;Agriturismo al Residence, dall&#039;hotel all&#039;affittacamere","publisher":{"@id":"https:\/\/amami.it\/fr\/#organization"},"potentialAction":[{"@type":"SearchAction","target":{"@type":"EntryPoint","urlTemplate":"https:\/\/amami.it\/fr\/?s={search_term_string}"},"query-input":{"@type":"PropertyValueSpecification","valueRequired":true,"valueName":"search_term_string"}}],"inLanguage":"fr-FR"},{"@type":"Organization","@id":"https:\/\/amami.it\/fr\/#organization","name":"Amami Viaggi","url":"https:\/\/amami.it\/fr\/","logo":{"@type":"ImageObject","inLanguage":"fr-FR","@id":"https:\/\/amami.it\/fr\/#\/schema\/logo\/image\/","url":"https:\/\/amami.it\/wp-content\/uploads\/2022\/03\/amami.it_logo_neg.png","contentUrl":"https:\/\/amami.it\/wp-content\/uploads\/2022\/03\/amami.it_logo_neg.png","width":600,"height":600,"caption":"Amami Viaggi"},"image":{"@id":"https:\/\/amami.it\/fr\/#\/schema\/logo\/image\/"},"sameAs":["https:\/\/www.facebook.com\/amamiviaggi","https:\/\/x.com\/AmamiViaggi","https:\/\/www.instagram.com\/amamiviaggi\/"]}]}},"_links":{"self":[{"href":"https:\/\/amami.it\/fr\/wp-json\/wp\/v2\/pages\/2689","targetHints":{"allow":["GET"]}}],"collection":[{"href":"https:\/\/amami.it\/fr\/wp-json\/wp\/v2\/pages"}],"about":[{"href":"https:\/\/amami.it\/fr\/wp-json\/wp\/v2\/types\/page"}],"author":[{"embeddable":true,"href":"https:\/\/amami.it\/fr\/wp-json\/wp\/v2\/users\/1"}],"replies":[{"embeddable":true,"href":"https:\/\/amami.it\/fr\/wp-json\/wp\/v2\/comments?post=2689"}],"version-history":[{"count":0,"href":"https:\/\/amami.it\/fr\/wp-json\/wp\/v2\/pages\/2689\/revisions"}],"wp:attachment":[{"href":"https:\/\/amami.it\/fr\/wp-json\/wp\/v2\/media?parent=2689"}],"curies":[{"name":"wp","href":"https:\/\/api.w.org\/{rel}","templated":true}]}}