{"id":2834,"date":"2021-06-21T16:18:02","date_gmt":"2021-06-21T14:18:02","guid":{"rendered":"https:\/\/amami.turismomolise.com\/guides-touristiques\/sardegna\/"},"modified":"2023-03-26T13:51:47","modified_gmt":"2023-03-26T11:51:47","slug":"sardegna","status":"publish","type":"page","link":"https:\/\/amami.it\/fr\/guides-touristiques\/sardegna\/","title":{"rendered":"Sardegna"},"content":{"rendered":"<p>[vc_row][vc_column]<div style=\"clear:both; width:100%; height:20px\"><\/div>[vc_text_separator title=&#8221;C&#8217;est hors du temps et hors de l&#8217;histoire&#8221; color=&#8221;custom&#8221; border_width=&#8221;5&#8243; accent_color=&#8221;#be1701&#8243;][vc_column_text]C\u2019est une \u00eele au milieu de la M\u00e9diterran\u00e9e, d\u2019une beaut\u00e9 incroyable en raison de sa nature <strong>intacte<\/strong>.<\/p>\n<p>Protagoniste indiscutable est la mer avec la <strong>Costa Smeralda<\/strong>. Ceux qui pr\u00e9f\u00e8rent les montagnes pourront explorer la r\u00e9gion de <strong>Gennargentu<\/strong>, avec sa flore et sa faune: chamois, aigles royaux, cerf sarde et nombreuses esp\u00e8ces presque \u00e0 l\u2019extinction. Pour des vacances de l\u2019histoire est \u00e0 visiter le Nuraghe, les anciennes tours de pierre construit de grands blocs de pierre qui est c\u00e9l\u00e8bre <strong>le complexe de Barumini<\/strong> qui figure sur la liste du patrimoine mondial de l\u2019<strong>UNESCO.<\/strong><\/p>\n<p>Les provinces de la Sardaigne sont\u00a0: <strong>Cagliari<\/strong> (capitale), <strong>Carbonia-Iglesias, Nuoro, Olbia-Tempio, Sassari, Oristano, Medio Campidano, Ogliastra.\u00a0<\/strong>[\/vc_column_text][\/vc_column][\/vc_row][vc_row full_width=&#8221;stretch_row&#8221; css=&#8221;.vc_custom_1618488868384{background-color: #ffffff !important;}&#8221;][vc_column][vc_text_separator title=&#8221;QUE VOIR&#8221; i_icon_fontawesome=&#8221;fas fa-image&#8221; i_color=&#8221;custom&#8221; title_align=&#8221;separator_align_left&#8221; color=&#8221;custom&#8221; border_width=&#8221;5&#8243; add_icon=&#8221;true&#8221; accent_color=&#8221;#be1701&#8243; i_custom_color=&#8221;#dd3333&#8243;][vc_row_inner][vc_column_inner width=&#8221;1\/2&#8243;][vc_single_image image=&#8221;3715&#8243; img_size=&#8221;600&#215;300&#8243;][vc_column_text]<strong>Cagliari<\/strong>, o\u00f9 admirer les nombreuses colonies de flamants roses \u00e0 laguna, le ch\u00e2teau, l\u2019\u00e9glise de Sainte Eulalie.<\/p>\n<p><strong>Alghero<\/strong> avec les grottes de Neptune, les remparts et le promontoire de Capo Caccia. Villasimius avec deux mers, plage de Porto Sa Ruxi et Punta Molentis.[\/vc_column_text][\/vc_column_inner][vc_column_inner width=&#8221;1\/2&#8243;][vc_column_text]Un des premiers domaines \u00e0 consid\u00e9rer est sans aucun doute <strong>l\u2019archipel de la Maddalena<\/strong> avec les \u00ab<strong>sept s\u0153urs<\/strong>\u00bb, autrement dit, les principales \u00eeles de l\u2019archipel de la Maddalena, Nationalpark avec ses riches eaux de vie pour les <strong>amateurs de plong\u00e9e<\/strong>.<\/p>\n<p><strong>\u00cele de Caprera<\/strong> et a v\u00e9cu l\u00e0 Garibaldi, transform\u00e9 en un mus\u00e9e de la maison.<\/p>\n<p><strong>L\u2019\u00eele de Budelli<\/strong>, sauvage et inhabit\u00e9e, avec sa belle plage rose qui doit sa couleur aux coraux et de coquillages.<\/p>\n<p><strong>Stintino<\/strong>, offre des possibilit\u00e9s infinies pour les loisirs de golf pour la randonn\u00e9e et plong\u00e9e, randonn\u00e9es \u00e0 v\u00e9lo ou \u00e0 cheval ; la plage de la Pelosa, la Torre Falcone et les Saline.[\/vc_column_text][vc_single_image image=&#8221;3721&#8243; img_size=&#8221;600&#215;300&#8243;][\/vc_column_inner][\/vc_row_inner][\/vc_column][\/vc_row][vc_row full_width=&#8221;stretch_row&#8221;][vc_column][vc_text_separator title=&#8221;CUISINE TYPIQUE&#8221; i_icon_fontawesome=&#8221;fas fa-utensils&#8221; i_color=&#8221;custom&#8221; title_align=&#8221;separator_align_left&#8221; color=&#8221;custom&#8221; border_width=&#8221;5&#8243; add_icon=&#8221;true&#8221; accent_color=&#8221;#be1701&#8243; i_custom_color=&#8221;#dd3333&#8243;][vc_row_inner][vc_column_inner width=&#8221;1\/2&#8243;][vc_single_image image=&#8221;3712&#8243; img_size=&#8221;600&#215;300&#8243;][\/vc_column_inner][vc_column_inner width=&#8221;1\/2&#8243;][vc_column_text]Ingr\u00e9dient principal de la cuisine est le <strong>bl\u00e9<\/strong>, qui produisent le pain carasau c\u00e9l\u00e8bre, utilis\u00e9 comme base pour les plats c\u00e9l\u00e8bres tels que malloreddus, culurgiones et fregola.<\/p>\n<p>Pour essayer est <strong>\u00e9galement grill\u00e9 le d\u00e9licieux cochon de lait et de cochon de lait<\/strong>, cochon de lait servi sur des plateaux en li\u00e8ge recouvert de branches de myrte.<\/p>\n<p>Parmi les <strong>plats de poisson<\/strong>, plat de homard, le thon de Carloforte, la zuppa di palourdes et les spaghettis aux oursins et poutargue de Cabras. <strong>Pecorino de fromage<\/strong> est grandement appr\u00e9ci\u00e9e.<\/p>\n<p>Les <strong>vins<\/strong> sont d\u2019excellente qualit\u00e9: Vermentino di Gallura ou Cannonau. Tr\u00e8s bonne est aussi la liqueur de myrte.[\/vc_column_text][\/vc_column_inner][\/vc_row_inner][\/vc_column][\/vc_row][vc_row full_width=&#8221;stretch_row&#8221; css=&#8221;.vc_custom_1618488943735{background-color: #ffffff !important;}&#8221;][vc_column][vc_text_separator title=&#8221;QUE FAIRE&#8221; i_icon_fontawesome=&#8221;fas fa-walking&#8221; i_color=&#8221;custom&#8221; title_align=&#8221;separator_align_left&#8221; color=&#8221;custom&#8221; border_width=&#8221;5&#8243; add_icon=&#8221;true&#8221; accent_color=&#8221;#be1701&#8243; i_custom_color=&#8221;#dd3333&#8243;][vc_column_text]<strong>La Maddalena<\/strong>, est une destination id\u00e9ale pour des vacances de voile avec sa baie naturelle riche et aspiration tasses d\u00e9barquements \u00eeles ou plong\u00e9e visites, offre \u00e9galement de <strong>promenades \u00e0 cheval et en VTT<\/strong>, \u00e0 ne pas manquer est la randonn\u00e9e dans le Parc National de l\u2019Asinara, entre les colonies des \u00e2nes blancs \u00e0 l\u2019\u00e9tat sauvage ou la longue randonn\u00e9e itin\u00e9raires th\u00e9matiques , v\u00e9lo, \u00e9quitation sur les chevaux <strong>n\u00e9s et \u00e9lev\u00e9s<\/strong> sur l\u2019\u00eele.<\/p>\n<p><strong>Gennargentu<\/strong> avec son vaste territoire montagneux d\u2019une beaut\u00e9 exceptionnelle, offre la possibilit\u00e9 de randonn\u00e9es, ski parmi les reliefs de <strong>Bruncu Spina<\/strong>, un des plus hauts <strong>sommets<\/strong> ou <strong>excursions<\/strong> aux sites arch\u00e9ologiques.[\/vc_column_text][\/vc_column][\/vc_row][vc_row full_width=&#8221;stretch_row&#8221; css=&#8221;.vc_custom_1679831140544{background-color: #3b4249 !important;}&#8221;][vc_column][vc_custom_heading font_container=&#8221;tag:h2|text_align:left|color:%23ffffff&#8221; use_theme_fonts=&#8221;yes&#8221;][\/vc_column][\/vc_row][vc_row][vc_column][vc_row_inner][vc_column_inner width=&#8221;3\/4&#8243;][vc_column_text]<\/p>\n<h4 style=\"color: #6c6c6c;\">Avez-vous besoin d\u2019aide pour votre r\u00e9servation?<br \/>\nVous souhaitez enregistrer votre agence de voyage et vous avez des questions?<br \/>\n<\/h4>\n<h4 style=\"color: #d43232;\">Contactez-nous et demandez de l\u2019aide!<\/h4>\n<p>[\/vc_column_text][vc_raw_html]JTNDZGl2JTIwY2xhc3MlM0QlMjJjb250YWN0LXRlbCUyMiUzRSUwQSUzQ2ltZyUyMHNyYyUzRCUyMiUyRndwLWNvbnRlbnQlMkZ1cGxvYWRzJTJGMjAyMiUyRjA0JTJGYW5hbG9nLTEyOTMzMTZfMTI4MC5wbmclMjIlMjBhbHQlM0QlMjJUZWxlZm9ubyUyMiUyMCUyRiUzRSUwQSUzQ2ElMjBocmVmJTNEJTIydGVsJTNBJTJCMzkzODk0NDQ2NTE5JTIyJTNFJTNDc3BhbiUyMGNsYXNzJTNEJTIydGVsJTIyJTNFJTJCMzklMjAzODklMjA0NDQlMjA2NTE5JTNDJTJGc3BhbiUzRSUzQyUyRmElM0UlMEElM0MlMkZkaXYlM0U=[\/vc_raw_html][\/vc_column_inner][vc_column_inner width=&#8221;1\/4&#8243;][vc_single_image image=&#8221;4491&#8243; img_size=&#8221;full&#8221;][\/vc_column_inner][\/vc_row_inner][\/vc_column][\/vc_row]<\/p>\n","protected":false},"excerpt":{"rendered":"<p>[vc_row][vc_column][vc_text_separator title=&#8221;C&#8217;est hors du temps et hors de l&#8217;histoire&#8221; color=&#8221;custom&#8221; border_width=&#8221;5&#8243; accent_color=&#8221;#be1701&#8243;][vc_column_text]C\u2019est une \u00eele au milieu de la M\u00e9diterran\u00e9e, d\u2019une [&hellip;]<\/p>\n","protected":false},"author":3,"featured_media":0,"parent":2705,"menu_order":0,"comment_status":"closed","ping_status":"closed","template":"template\/template-homepage.php","meta":{"_acf_changed":false,"footnotes":""},"class_list":["post-2834","page","type-page","status-publish","hentry"],"acf":[],"yoast_head":"<!-- This site is optimized with the Yoast SEO plugin v23.9 - https:\/\/yoast.com\/wordpress\/plugins\/seo\/ -->\n<title>Sardegna - Amami Viaggi<\/title>\n<meta name=\"robots\" content=\"index, follow, max-snippet:-1, max-image-preview:large, max-video-preview:-1\" \/>\n<link rel=\"canonical\" href=\"https:\/\/amami.it\/fr\/guides-touristiques\/sardegna\/\" \/>\n<meta property=\"og:locale\" content=\"fr_FR\" \/>\n<meta property=\"og:type\" content=\"article\" \/>\n<meta property=\"og:title\" content=\"Sardegna - Amami Viaggi\" \/>\n<meta property=\"og:description\" content=\"[vc_row][vc_column][vc_text_separator title=&#8221;C&#8217;est hors du temps et hors de l&#8217;histoire&#8221; color=&#8221;custom&#8221; border_width=&#8221;5&#8243; accent_color=&#8221;#be1701&#8243;][vc_column_text]C\u2019est une \u00eele au milieu de la M\u00e9diterran\u00e9e, d\u2019une [&hellip;]\" \/>\n<meta property=\"og:url\" content=\"https:\/\/amami.it\/fr\/guides-touristiques\/sardegna\/\" \/>\n<meta property=\"og:site_name\" content=\"Amami Viaggi\" \/>\n<meta property=\"article:publisher\" content=\"https:\/\/www.facebook.com\/amamiviaggi\" \/>\n<meta property=\"article:modified_time\" content=\"2023-03-26T11:51:47+00:00\" \/>\n<meta property=\"og:image\" content=\"https:\/\/amami.it\/wp-content\/uploads\/2022\/03\/amami.it_logo_neg.png\" \/>\n\t<meta property=\"og:image:width\" content=\"600\" \/>\n\t<meta property=\"og:image:height\" content=\"600\" \/>\n\t<meta property=\"og:image:type\" content=\"image\/png\" \/>\n<meta name=\"twitter:card\" content=\"summary_large_image\" \/>\n<meta name=\"twitter:site\" content=\"@AmamiViaggi\" \/>\n<meta name=\"twitter:label1\" content=\"Dur\u00e9e de lecture estim\u00e9e\" \/>\n\t<meta name=\"twitter:data1\" content=\"3 minutes\" \/>\n<script type=\"application\/ld+json\" class=\"yoast-schema-graph\">{\"@context\":\"https:\/\/schema.org\",\"@graph\":[{\"@type\":\"WebPage\",\"@id\":\"https:\/\/amami.it\/fr\/guides-touristiques\/sardegna\/\",\"url\":\"https:\/\/amami.it\/fr\/guides-touristiques\/sardegna\/\",\"name\":\"Sardegna - Amami Viaggi\",\"isPartOf\":{\"@id\":\"https:\/\/amami.it\/fr\/#website\"},\"datePublished\":\"2021-06-21T14:18:02+00:00\",\"dateModified\":\"2023-03-26T11:51:47+00:00\",\"breadcrumb\":{\"@id\":\"https:\/\/amami.it\/fr\/guides-touristiques\/sardegna\/#breadcrumb\"},\"inLanguage\":\"fr-FR\",\"potentialAction\":[{\"@type\":\"ReadAction\",\"target\":[\"https:\/\/amami.it\/fr\/guides-touristiques\/sardegna\/\"]}]},{\"@type\":\"BreadcrumbList\",\"@id\":\"https:\/\/amami.it\/fr\/guides-touristiques\/sardegna\/#breadcrumb\",\"itemListElement\":[{\"@type\":\"ListItem\",\"position\":1,\"name\":\"Home\",\"item\":\"https:\/\/amami.it\/fr\/\"},{\"@type\":\"ListItem\",\"position\":2,\"name\":\"Guides Touristiques\",\"item\":\"https:\/\/amami.it\/fr\/guides-touristiques\/\"},{\"@type\":\"ListItem\",\"position\":3,\"name\":\"Sardegna\"}]},{\"@type\":\"WebSite\",\"@id\":\"https:\/\/amami.it\/fr\/#website\",\"url\":\"https:\/\/amami.it\/fr\/\",\"name\":\"Amami Viaggi\",\"description\":\"Dal B&amp;B alla Casa Vacanze, dall&#039;Agriturismo al Residence, dall&#039;hotel all&#039;affittacamere\",\"publisher\":{\"@id\":\"https:\/\/amami.it\/fr\/#organization\"},\"potentialAction\":[{\"@type\":\"SearchAction\",\"target\":{\"@type\":\"EntryPoint\",\"urlTemplate\":\"https:\/\/amami.it\/fr\/?s={search_term_string}\"},\"query-input\":{\"@type\":\"PropertyValueSpecification\",\"valueRequired\":true,\"valueName\":\"search_term_string\"}}],\"inLanguage\":\"fr-FR\"},{\"@type\":\"Organization\",\"@id\":\"https:\/\/amami.it\/fr\/#organization\",\"name\":\"Amami Viaggi\",\"url\":\"https:\/\/amami.it\/fr\/\",\"logo\":{\"@type\":\"ImageObject\",\"inLanguage\":\"fr-FR\",\"@id\":\"https:\/\/amami.it\/fr\/#\/schema\/logo\/image\/\",\"url\":\"https:\/\/amami.it\/wp-content\/uploads\/2022\/03\/amami.it_logo_neg.png\",\"contentUrl\":\"https:\/\/amami.it\/wp-content\/uploads\/2022\/03\/amami.it_logo_neg.png\",\"width\":600,\"height\":600,\"caption\":\"Amami Viaggi\"},\"image\":{\"@id\":\"https:\/\/amami.it\/fr\/#\/schema\/logo\/image\/\"},\"sameAs\":[\"https:\/\/www.facebook.com\/amamiviaggi\",\"https:\/\/x.com\/AmamiViaggi\",\"https:\/\/www.instagram.com\/amamiviaggi\/\"]}]}<\/script>\n<!-- \/ Yoast SEO plugin. -->","yoast_head_json":{"title":"Sardegna - Amami Viaggi","robots":{"index":"index","follow":"follow","max-snippet":"max-snippet:-1","max-image-preview":"max-image-preview:large","max-video-preview":"max-video-preview:-1"},"canonical":"https:\/\/amami.it\/fr\/guides-touristiques\/sardegna\/","og_locale":"fr_FR","og_type":"article","og_title":"Sardegna - Amami Viaggi","og_description":"[vc_row][vc_column][vc_text_separator title=&#8221;C&#8217;est hors du temps et hors de l&#8217;histoire&#8221; color=&#8221;custom&#8221; border_width=&#8221;5&#8243; accent_color=&#8221;#be1701&#8243;][vc_column_text]C\u2019est une \u00eele au milieu de la M\u00e9diterran\u00e9e, d\u2019une [&hellip;]","og_url":"https:\/\/amami.it\/fr\/guides-touristiques\/sardegna\/","og_site_name":"Amami Viaggi","article_publisher":"https:\/\/www.facebook.com\/amamiviaggi","article_modified_time":"2023-03-26T11:51:47+00:00","og_image":[{"width":600,"height":600,"url":"https:\/\/amami.it\/wp-content\/uploads\/2022\/03\/amami.it_logo_neg.png","type":"image\/png"}],"twitter_card":"summary_large_image","twitter_site":"@AmamiViaggi","twitter_misc":{"Dur\u00e9e de lecture estim\u00e9e":"3 minutes"},"schema":{"@context":"https:\/\/schema.org","@graph":[{"@type":"WebPage","@id":"https:\/\/amami.it\/fr\/guides-touristiques\/sardegna\/","url":"https:\/\/amami.it\/fr\/guides-touristiques\/sardegna\/","name":"Sardegna - Amami Viaggi","isPartOf":{"@id":"https:\/\/amami.it\/fr\/#website"},"datePublished":"2021-06-21T14:18:02+00:00","dateModified":"2023-03-26T11:51:47+00:00","breadcrumb":{"@id":"https:\/\/amami.it\/fr\/guides-touristiques\/sardegna\/#breadcrumb"},"inLanguage":"fr-FR","potentialAction":[{"@type":"ReadAction","target":["https:\/\/amami.it\/fr\/guides-touristiques\/sardegna\/"]}]},{"@type":"BreadcrumbList","@id":"https:\/\/amami.it\/fr\/guides-touristiques\/sardegna\/#breadcrumb","itemListElement":[{"@type":"ListItem","position":1,"name":"Home","item":"https:\/\/amami.it\/fr\/"},{"@type":"ListItem","position":2,"name":"Guides Touristiques","item":"https:\/\/amami.it\/fr\/guides-touristiques\/"},{"@type":"ListItem","position":3,"name":"Sardegna"}]},{"@type":"WebSite","@id":"https:\/\/amami.it\/fr\/#website","url":"https:\/\/amami.it\/fr\/","name":"Amami Viaggi","description":"Dal B&amp;B alla Casa Vacanze, dall&#039;Agriturismo al Residence, dall&#039;hotel all&#039;affittacamere","publisher":{"@id":"https:\/\/amami.it\/fr\/#organization"},"potentialAction":[{"@type":"SearchAction","target":{"@type":"EntryPoint","urlTemplate":"https:\/\/amami.it\/fr\/?s={search_term_string}"},"query-input":{"@type":"PropertyValueSpecification","valueRequired":true,"valueName":"search_term_string"}}],"inLanguage":"fr-FR"},{"@type":"Organization","@id":"https:\/\/amami.it\/fr\/#organization","name":"Amami Viaggi","url":"https:\/\/amami.it\/fr\/","logo":{"@type":"ImageObject","inLanguage":"fr-FR","@id":"https:\/\/amami.it\/fr\/#\/schema\/logo\/image\/","url":"https:\/\/amami.it\/wp-content\/uploads\/2022\/03\/amami.it_logo_neg.png","contentUrl":"https:\/\/amami.it\/wp-content\/uploads\/2022\/03\/amami.it_logo_neg.png","width":600,"height":600,"caption":"Amami Viaggi"},"image":{"@id":"https:\/\/amami.it\/fr\/#\/schema\/logo\/image\/"},"sameAs":["https:\/\/www.facebook.com\/amamiviaggi","https:\/\/x.com\/AmamiViaggi","https:\/\/www.instagram.com\/amamiviaggi\/"]}]}},"_links":{"self":[{"href":"https:\/\/amami.it\/fr\/wp-json\/wp\/v2\/pages\/2834","targetHints":{"allow":["GET"]}}],"collection":[{"href":"https:\/\/amami.it\/fr\/wp-json\/wp\/v2\/pages"}],"about":[{"href":"https:\/\/amami.it\/fr\/wp-json\/wp\/v2\/types\/page"}],"author":[{"embeddable":true,"href":"https:\/\/amami.it\/fr\/wp-json\/wp\/v2\/users\/3"}],"replies":[{"embeddable":true,"href":"https:\/\/amami.it\/fr\/wp-json\/wp\/v2\/comments?post=2834"}],"version-history":[{"count":4,"href":"https:\/\/amami.it\/fr\/wp-json\/wp\/v2\/pages\/2834\/revisions"}],"predecessor-version":[{"id":6176,"href":"https:\/\/amami.it\/fr\/wp-json\/wp\/v2\/pages\/2834\/revisions\/6176"}],"up":[{"embeddable":true,"href":"https:\/\/amami.it\/fr\/wp-json\/wp\/v2\/pages\/2705"}],"wp:attachment":[{"href":"https:\/\/amami.it\/fr\/wp-json\/wp\/v2\/media?parent=2834"}],"curies":[{"name":"wp","href":"https:\/\/api.w.org\/{rel}","templated":true}]}}