{"id":2995,"date":"2021-06-24T11:50:17","date_gmt":"2021-06-24T09:50:17","guid":{"rendered":"https:\/\/amami.turismomolise.com\/guides-touristiques\/costiera-amalfitana\/"},"modified":"2021-06-24T12:16:52","modified_gmt":"2021-06-24T10:16:52","slug":"costiera-amalfitana","status":"publish","type":"page","link":"https:\/\/amami.it\/fr\/guides-touristiques\/costiera-amalfitana\/","title":{"rendered":"Costiera Amalfitana"},"content":{"rendered":"<p>[vc_row][vc_column][vc_custom_heading text=&#8221;COSTIERA AMALFITANA&#8221; font_container=&#8221;tag:h2|text_align:center&#8221; use_theme_fonts=&#8221;yes&#8221;][vc_text_separator title=&#8221;QUE VOIR ET QUE FAIRE&#8221; color=&#8221;custom&#8221; border_width=&#8221;5&#8243; accent_color=&#8221;#d43232&#8243;][vc_column_text]<\/p>\n<p align=\"justify\">La C<span style=\"font-family: Times New Roman, serif;\">\u00f4<\/span><span style=\"font-family: Times New Roman, serif;\">te Amalfitaine, trait de la c<\/span><span style=\"font-family: Times New Roman, serif;\">\u00f4<\/span><span style=\"font-family: Times New Roman, serif;\">te de la Campanie qui s&#8217;\u00e9tend entre le Golfe de Naples et le Golfe de Salerne, est l&#8217;un des 50 lieux italiens denomm\u00e9es Patrimoine Mondial de l&#8217;UNESCO, il s&#8217;agit d&#8217;un v\u00e9ritable paradis natural. <\/span><\/p>\n<p align=\"justify\"><span style=\"font-family: Times New Roman, serif;\">La C<\/span><span style=\"font-family: Times New Roman, serif;\">\u00f4<\/span><span style=\"font-family: Times New Roman, serif;\">te Amalfitaine comprends 15 communes de la province de Salerne: Amalfi, Atrani, Cetara, Conca dei Marini, Corbara, Furore, Maiori, Minori, Positano, Praiano, Ravello, Sant Egidio del Monte Albino, Scala, Tramonti e Vietri sul Mare. Cettes villes sont toutes diff\u00e9rentes entre elles et chacune a des propres caract\u00e9risriques qui rendent le territoire exclusif. <\/span><\/p>\n<p>[\/vc_column_text][\/vc_column][\/vc_row][vc_row full_width=&#8221;stretch_row&#8221; css=&#8221;.vc_custom_1618488868384{background-color: #ffffff !important;}&#8221;][vc_column][vc_text_separator title=&#8221;QUE VOIR&#8221; i_icon_fontawesome=&#8221;fas fa-image&#8221; i_color=&#8221;custom&#8221; title_align=&#8221;separator_align_left&#8221; color=&#8221;custom&#8221; border_width=&#8221;5&#8243; add_icon=&#8221;true&#8221; accent_color=&#8221;#d43232&#8243; i_custom_color=&#8221;#dd3333&#8243;][vc_column_text]<\/p>\n<p align=\"justify\"><img decoding=\"async\" class=\"size-medium wp-image-2990 alignleft\" src=\"https:\/\/amami.turismomolise.com\/wp-content\/uploads\/2021\/06\/Campania_CostaAmalfi-300x200.jpg\" alt=\"\" width=\"300\" height=\"200\" srcset=\"https:\/\/amami.it\/wp-content\/uploads\/2021\/06\/Campania_CostaAmalfi-300x200.jpg 300w, https:\/\/amami.it\/wp-content\/uploads\/2021\/06\/Campania_CostaAmalfi-1024x683.jpg 1024w, https:\/\/amami.it\/wp-content\/uploads\/2021\/06\/Campania_CostaAmalfi-768x512.jpg 768w, https:\/\/amami.it\/wp-content\/uploads\/2021\/06\/Campania_CostaAmalfi-1536x1024.jpg 1536w, https:\/\/amami.it\/wp-content\/uploads\/2021\/06\/Campania_CostaAmalfi-450x300.jpg 450w, https:\/\/amami.it\/wp-content\/uploads\/2021\/06\/Campania_CostaAmalfi-1140x760.jpg 1140w, https:\/\/amami.it\/wp-content\/uploads\/2021\/06\/Campania_CostaAmalfi-120x80.jpg 120w, https:\/\/amami.it\/wp-content\/uploads\/2021\/06\/Campania_CostaAmalfi-750x500.jpg 750w, https:\/\/amami.it\/wp-content\/uploads\/2021\/06\/Campania_CostaAmalfi.jpg 1920w\" sizes=\"(max-width: 300px) 100vw, 300px\" \/><\/p>\n<p align=\"justify\"><span style=\"font-family: Times New Roman, serif;\"><span style=\"font-size: medium;\">Dans la C<\/span><\/span><span style=\"font-family: Times New Roman, serif;\"><span style=\"font-size: medium;\">\u00f4<\/span><\/span><span style=\"font-family: Times New Roman, serif;\"><span style=\"font-size: medium;\">te Amalfitaine il y a beaucoup de lieux \u00e0 voir, mais on a choisi les plus importants et fascinant qui m\u00e9ritent d&#8217;<\/span><\/span><span style=\"font-family: Times New Roman, serif;\"><span style=\"font-size: medium;\">\u00ea<\/span><\/span><span style=\"font-family: Times New Roman, serif;\"><span style=\"font-size: medium;\">tre visit\u00e9s au moins une fois dans la vie. <\/span><\/span><\/p>\n<p align=\"justify\"><span style=\"font-family: Times New Roman, serif;\"><span style=\"font-size: medium;\">La ville la plus grande de toute la C<\/span><\/span><span style=\"font-family: Times New Roman, serif;\"><span style=\"font-size: medium;\">\u00f4<\/span><\/span><span style=\"font-family: Times New Roman, serif;\"><span style=\"font-size: medium;\">te, et probablement la plus connue, c&#8217;est Amalfi. Cette ville charmante, ex R\u00e9publique Maritime, attire chaque ann\u00e9e millions de visiteurs. La premi\u00e8re chose \u00e0 voir c&#8217;est certainement le majestueux D<\/span><\/span><span style=\"font-family: Times New Roman, serif;\"><span style=\"font-size: medium;\">\u00f4<\/span><\/span><span style=\"font-family: Times New Roman, serif;\"><span style=\"font-size: medium;\">me consacr\u00e9 \u00e0 l&#8217;ap<\/span><\/span><span style=\"font-family: Times New Roman, serif;\"><span style=\"font-size: medium;\">\u00f4<\/span><\/span><span style=\"font-family: Times New Roman, serif;\"><span style=\"font-size: medium;\">tre Saint-Andr\u00e9, patron de la ville. A l&#8217;int\u00e9rieur on trouve la crypte dans laquelle il est gard\u00e9 le corp du saint patron auquel les citoyens sont beaucoup d\u00e9vou\u00e9s.<\/span><\/span><\/p>\n<p align=\"justify\">Un autre lieu tr\u00e8s importante c&#8217;est le Mus\u00e9e du Papier, ex papeterie convertie en mus\u00e9e en 1969. Dans ce mus\u00e9e le touristes pourron visiter les \u00e9quipements et les outils utilis\u00e9s pour la r\u00e8alisation du papier artisanal d&#8217;Amalfi appel\u00e9e \u201cCharta Bambagina\u201d. Ce type de papier est surtout utilis\u00e9 pour les publications les plus particuli\u00e8res comme le papier \u00e0 lettre, invitations, attestations, importantes cartes de visite et \u00e9ditions \u00e9ditoriaux haute de gamme. Le mus\u00e9e offre aux turistes la possibilit\u00e9 de r\u00e9aliser la forme d&#8217;un feuille de papier.<\/p>\n<p align=\"justify\">De plus, il est recommand\u00e9e de profiter des sentiers avec des paysages \u00e0 couper le souffle et de se promener entre les boutiques de souvenirs et de produits typiques du territoire.<\/p>\n<p align=\"justify\">Une curiosit\u00e9e de cette ville c&#8217;est la traditionnelle R\u00e9gate des Anciennes R\u00e9publiques Maritimes, qui se d\u00e9roule chaque ann\u00e9e, dans laquelle un \u00e9quipage de rameurs amalfitains d\u00e9fi les villes de G<span style=\"font-family: Times New Roman, serif;\">\u00ea<\/span><span style=\"font-family: Times New Roman, serif;\">nes, Pise et Venise.<\/span><\/p>\n<p align=\"justify\"><span style=\"font-family: Times New Roman, serif;\">Un&#8217;autre ville qui vaut la peine de visiter c&#8217;est Positano. R\u00e9nomm\u00e9e comme la perle de la <\/span><span style=\"font-family: Times New Roman, serif;\"><span style=\"font-size: medium;\">C<\/span><\/span><span style=\"font-family: Times New Roman, serif;\"><span style=\"font-size: medium;\">\u00f4<\/span><\/span><span style=\"font-family: Times New Roman, serif;\"><span style=\"font-size: medium;\">te Amalfitaine, Positano c&#8217;est une ville d\u00e9velopp\u00e9e principalement en position verticale, c&#8217;est pour \u00e7a qu&#8217;elle est connue par les typiques rues serr\u00e9s compos\u00e9es de nombreuses escaliers qui m\u00e8nent \u00e0 la mer. Dans ces escaliers on trouve beaucoup de magasins de souvenir, produits artisanaux et magasins de v<\/span><\/span><span style=\"font-family: Times New Roman, serif;\"><span style=\"font-size: medium;\">\u00ea<\/span><\/span><span style=\"font-family: Times New Roman, serif;\"><span style=\"font-size: medium;\">tements, en effet tr\u00e8s connue partout dans le monde c&#8217;est la \u201cModa Positano\u201d.<\/span><\/span><\/p>\n<p align=\"justify\"><span style=\"font-family: Times New Roman, serif;\"><span style=\"font-size: medium;\">Les plages les plus importantes de la ville sont la Plage Grande et la Plage de Fornillo, les deux accesibles \u00e0 pied. <\/span><\/span><\/p>\n<p align=\"justify\"><span style=\"font-family: Times New Roman, serif;\"><span style=\"font-size: medium;\">Avant de quitter la C<\/span><\/span><span style=\"font-family: Times New Roman, serif;\"><span style=\"font-size: medium;\">\u00f4<\/span><\/span><span style=\"font-family: Times New Roman, serif;\"><span style=\"font-size: medium;\">te il faudrait visiter la suggestive ville de Ravello. Connue comme Ville de la Musique car c&#8217;est le si\u00e8ge du Ravello festival e de l&#8217;Auditorium Oscar Niemeyer, Ravello \u00e8 une des destinations italiennes qui accueille plus de touristes, en particulier les amants des beaut\u00e9 architecturales; en effet Ravello est tr\u00e8s connue dans le monde entier pour ces c\u00e9l\u00e8bres terrasses de Villa Rufolo et Villa Cimbrone.<\/span><\/span><\/p>\n<p>[\/vc_column_text][\/vc_column][\/vc_row][vc_row full_width=&#8221;stretch_row&#8221; css=&#8221;.vc_custom_1618488943735{background-color: #ffffff !important;}&#8221;][vc_column][vc_text_separator title=&#8221;QUE FAIRE&#8221; i_icon_fontawesome=&#8221;fas fa-walking&#8221; i_color=&#8221;custom&#8221; title_align=&#8221;separator_align_left&#8221; color=&#8221;custom&#8221; border_width=&#8221;5&#8243; add_icon=&#8221;true&#8221; accent_color=&#8221;#d43232&#8243; i_custom_color=&#8221;#dd3333&#8243;][vc_column_text]<\/p>\n<p align=\"justify\"><span style=\"font-family: Times New Roman, serif;\"><span style=\"font-size: medium;\">La C\u00f4te Amalfitaine offre beaucoup d&#8217;activit\u00e9s, tant en mer qu&#8217;en montagne. <\/span><\/span><\/p>\n<p align=\"justify\"><span style=\"font-family: Times New Roman, serif;\"><span style=\"font-size: medium;\">L&#8217;excursion qui attire le plus grand nombre de touristes chaque ann\u00e9e c&#8217;est le Sentiero degli Dei qui traverse les Monts Lattari e qui part d&#8217;Agerola jusqu&#8217;\u00e0 arriver \u00e0 Nocelle, un hameau de Positano. C&#8217;est une excursion qu&#8217;on peut parcourir dans toute l&#8217;ann\u00e9e et qui permet de choisir entre duex types de chemins, le grand, qui c&#8217;est le plus fatigant car on monte en hauteur, et le petit, qui c&#8217;est le traditionnel et le moins fatigant, puisque est totalement en descente. Le Sentiero degli Dei permet aux touristes d&#8217;appr\u00e9cier \u00e0 plein le paysage de la C\u00f4te Amalfitaine et de l&#8217;\u00cele de Capri, un des plus \u00e9vocateurs du monde.<\/span><\/span><\/p>\n<p align=\"justify\"><span style=\"font-size: medium;\"><span style=\"font-family: Times New Roman, serif;\">Un \u00e9v\u00e9nement d&#8217;importance de la C<\/span><span style=\"font-family: Times New Roman, serif;\">\u00f4<\/span><span style=\"font-family: Times New Roman, serif;\">te Amalfitaine c&#8217;est le Ravello Festival, l&#8217;un des festival les plus anciens et c\u00e9l\u00e8bres d&#8217;Italie. <\/span><\/span><\/p>\n<p align=\"justify\"><span style=\"font-size: medium;\"><span style=\"font-family: Times New Roman, serif;\">Le sc\u00e9nario de ce festival c&#8217;est la spectaculaire Villa Rufolo qui offre tant des lieux ext\u00e9rieurs, qui donnent sur le paysage, que des lieux int\u00e9rieurs. Le festival se d\u00e9roule du mois de Juillet au mois de Septembre dans lequel, au cours de 50 ann\u00e9es, ont jou\u00e9s beaucoup d&#8217;orchestres importantes, plusieurs musiciens de chambre, solistes, tout comme joueurs de jazz, compositeurs, danseurs, chor\u00e9ographes, acteurs et r\u00e9alisateurs d&#8217;une r\u00e9putation internationale.<\/span><\/span><\/p>\n<p align=\"justify\"><span style=\"font-family: Times New Roman, serif;\"><span style=\"font-size: medium;\">C&#8217;est un festival qui attire chaque ann\u00e9e un grand nombre d&#8217;amants de la culture provenant dans le monde entier. <\/span><\/span><\/p>\n<p>[\/vc_column_text][\/vc_column][\/vc_row][vc_row][vc_column][text_with_icons style=&#8221;style_two&#8221; columns=&#8221;three_columns&#8221;][text_with_icon icon_type=&#8221;custom_icon&#8221; custom_icon=&#8221;2129&#8243; title=&#8221;Protezione antifrode&#8221; text=&#8221;&#8221; read_more_text=&#8221;&#8221; read_more_link=&#8221;&#8221;][text_with_icon icon_type=&#8221;custom_icon&#8221; custom_icon=&#8221;2128&#8243; title=&#8221;Facile da utilizzare&#8221; text=&#8221;&#8221; read_more_text=&#8221;&#8221; read_more_link=&#8221;&#8221;][text_with_icon icon_type=&#8221;custom_icon&#8221; custom_icon=&#8221;2121&#8243; title=&#8221;Miglior prezzo garantito&#8221; text=&#8221;&#8221; read_more_text=&#8221;&#8221; read_more_link=&#8221;&#8221;][text_with_icon icon_type=&#8221;custom_icon&#8221; custom_icon=&#8221;2120&#8243; title=&#8221;Assistenza 7\/7&#8243; text=&#8221;&#8221; read_more_text=&#8221;&#8221; read_more_link=&#8221;&#8221;][text_with_icon icon_type=&#8221;custom_icon&#8221; custom_icon=&#8221;2119&#8243; title=&#8221;Strutture certificate&#8221; text=&#8221;&#8221; read_more_text=&#8221;&#8221; read_more_link=&#8221;&#8221;][text_with_icon icon_type=&#8221;custom_icon&#8221; custom_icon=&#8221;2120&#8243; title=&#8221;Prenotazione immediata&#8221; text=&#8221;&#8221; read_more_text=&#8221;&#8221; read_more_link=&#8221;&#8221;][\/text_with_icons][\/vc_column][\/vc_row][vc_row full_width=&#8221;stretch_row&#8221; css=&#8221;.vc_custom_1618489929538{background-color: #ffffff !important;}&#8221;][vc_column][vc_cta h2=&#8221;Hai bisogno di assistenza per la tua prenotazione?&#8221; h4=&#8221;Supporto di registrazione Amami Viaggi&#8221; txt_align=&#8221;center&#8221; style=&#8221;custom&#8221; add_button=&#8221;bottom&#8221; btn_title=&#8221;Contact Us&#8221; btn_color=&#8221;danger&#8221; btn_align=&#8221;center&#8221; btn_link=&#8221;url:%2Fcontact&#8221; css=&#8221;.vc_custom_1618490190679{background-color: #dd3333 !important;}&#8221; custom_background=&#8221;#dd3333&#8243; custom_text=&#8221;#ffffff&#8221;]<\/p>\n<div class=\"col-md-8\" style=\"text-align: center;\"><span style=\"color: #ffffff;\">Tel. +39 089 9713931<\/span><br \/>\n<span style=\"color: #ffffff;\">E-mail <\/span><a href=\"mailto:info@amami.it\"><span style=\"color: #ffffff;\"> info@amami.it<\/span> <\/a><\/div>\n<p>[\/vc_cta][\/vc_column][\/vc_row]<\/p>\n","protected":false},"excerpt":{"rendered":"<p>[vc_row][vc_column][vc_custom_heading text=&#8221;COSTIERA AMALFITANA&#8221; font_container=&#8221;tag:h2|text_align:center&#8221; use_theme_fonts=&#8221;yes&#8221;][vc_text_separator title=&#8221;QUE VOIR ET QUE FAIRE&#8221; color=&#8221;custom&#8221; border_width=&#8221;5&#8243; accent_color=&#8221;#d43232&#8243;][vc_column_text] La C\u00f4te Amalfitaine, trait de la c\u00f4te [&hellip;]<\/p>\n","protected":false},"author":3,"featured_media":0,"parent":2705,"menu_order":0,"comment_status":"closed","ping_status":"closed","template":"template\/template-homepage.php","meta":{"_acf_changed":false,"footnotes":""},"class_list":["post-2995","page","type-page","status-publish","hentry"],"acf":[],"yoast_head":"<!-- This site is optimized with the Yoast SEO plugin v23.9 - https:\/\/yoast.com\/wordpress\/plugins\/seo\/ -->\n<title>Costiera Amalfitana - Amami Viaggi<\/title>\n<meta name=\"robots\" content=\"index, follow, max-snippet:-1, max-image-preview:large, max-video-preview:-1\" \/>\n<link rel=\"canonical\" href=\"https:\/\/amami.it\/fr\/guides-touristiques\/costiera-amalfitana\/\" \/>\n<meta property=\"og:locale\" content=\"fr_FR\" \/>\n<meta property=\"og:type\" content=\"article\" \/>\n<meta property=\"og:title\" content=\"Costiera Amalfitana - Amami Viaggi\" \/>\n<meta property=\"og:description\" content=\"[vc_row][vc_column][vc_custom_heading text=&#8221;COSTIERA AMALFITANA&#8221; font_container=&#8221;tag:h2|text_align:center&#8221; use_theme_fonts=&#8221;yes&#8221;][vc_text_separator title=&#8221;QUE VOIR ET QUE FAIRE&#8221; color=&#8221;custom&#8221; border_width=&#8221;5&#8243; accent_color=&#8221;#d43232&#8243;][vc_column_text] La C\u00f4te Amalfitaine, trait de la c\u00f4te [&hellip;]\" \/>\n<meta property=\"og:url\" content=\"https:\/\/amami.it\/fr\/guides-touristiques\/costiera-amalfitana\/\" \/>\n<meta property=\"og:site_name\" content=\"Amami Viaggi\" \/>\n<meta property=\"article:publisher\" content=\"https:\/\/www.facebook.com\/amamiviaggi\" \/>\n<meta property=\"article:modified_time\" content=\"2021-06-24T10:16:52+00:00\" \/>\n<meta property=\"og:image\" content=\"https:\/\/amami.turismomolise.com\/wp-content\/uploads\/2021\/06\/Campania_CostaAmalfi-300x200.jpg\" \/>\n<meta name=\"twitter:card\" content=\"summary_large_image\" \/>\n<meta name=\"twitter:site\" content=\"@AmamiViaggi\" \/>\n<meta name=\"twitter:label1\" content=\"Dur\u00e9e de lecture estim\u00e9e\" \/>\n\t<meta name=\"twitter:data1\" content=\"5 minutes\" \/>\n<script type=\"application\/ld+json\" class=\"yoast-schema-graph\">{\"@context\":\"https:\/\/schema.org\",\"@graph\":[{\"@type\":\"WebPage\",\"@id\":\"https:\/\/amami.it\/fr\/guides-touristiques\/costiera-amalfitana\/\",\"url\":\"https:\/\/amami.it\/fr\/guides-touristiques\/costiera-amalfitana\/\",\"name\":\"Costiera Amalfitana - Amami Viaggi\",\"isPartOf\":{\"@id\":\"https:\/\/amami.it\/fr\/#website\"},\"primaryImageOfPage\":{\"@id\":\"https:\/\/amami.it\/fr\/guides-touristiques\/costiera-amalfitana\/#primaryimage\"},\"image\":{\"@id\":\"https:\/\/amami.it\/fr\/guides-touristiques\/costiera-amalfitana\/#primaryimage\"},\"thumbnailUrl\":\"https:\/\/amami.turismomolise.com\/wp-content\/uploads\/2021\/06\/Campania_CostaAmalfi-300x200.jpg\",\"datePublished\":\"2021-06-24T09:50:17+00:00\",\"dateModified\":\"2021-06-24T10:16:52+00:00\",\"breadcrumb\":{\"@id\":\"https:\/\/amami.it\/fr\/guides-touristiques\/costiera-amalfitana\/#breadcrumb\"},\"inLanguage\":\"fr-FR\",\"potentialAction\":[{\"@type\":\"ReadAction\",\"target\":[\"https:\/\/amami.it\/fr\/guides-touristiques\/costiera-amalfitana\/\"]}]},{\"@type\":\"ImageObject\",\"inLanguage\":\"fr-FR\",\"@id\":\"https:\/\/amami.it\/fr\/guides-touristiques\/costiera-amalfitana\/#primaryimage\",\"url\":\"https:\/\/amami.turismomolise.com\/wp-content\/uploads\/2021\/06\/Campania_CostaAmalfi-300x200.jpg\",\"contentUrl\":\"https:\/\/amami.turismomolise.com\/wp-content\/uploads\/2021\/06\/Campania_CostaAmalfi-300x200.jpg\"},{\"@type\":\"BreadcrumbList\",\"@id\":\"https:\/\/amami.it\/fr\/guides-touristiques\/costiera-amalfitana\/#breadcrumb\",\"itemListElement\":[{\"@type\":\"ListItem\",\"position\":1,\"name\":\"Home\",\"item\":\"https:\/\/amami.it\/fr\/\"},{\"@type\":\"ListItem\",\"position\":2,\"name\":\"Guides Touristiques\",\"item\":\"https:\/\/amami.it\/fr\/guides-touristiques\/\"},{\"@type\":\"ListItem\",\"position\":3,\"name\":\"Costiera Amalfitana\"}]},{\"@type\":\"WebSite\",\"@id\":\"https:\/\/amami.it\/fr\/#website\",\"url\":\"https:\/\/amami.it\/fr\/\",\"name\":\"Amami Viaggi\",\"description\":\"Dal B&amp;B alla Casa Vacanze, dall&#039;Agriturismo al Residence, dall&#039;hotel all&#039;affittacamere\",\"publisher\":{\"@id\":\"https:\/\/amami.it\/fr\/#organization\"},\"potentialAction\":[{\"@type\":\"SearchAction\",\"target\":{\"@type\":\"EntryPoint\",\"urlTemplate\":\"https:\/\/amami.it\/fr\/?s={search_term_string}\"},\"query-input\":{\"@type\":\"PropertyValueSpecification\",\"valueRequired\":true,\"valueName\":\"search_term_string\"}}],\"inLanguage\":\"fr-FR\"},{\"@type\":\"Organization\",\"@id\":\"https:\/\/amami.it\/fr\/#organization\",\"name\":\"Amami Viaggi\",\"url\":\"https:\/\/amami.it\/fr\/\",\"logo\":{\"@type\":\"ImageObject\",\"inLanguage\":\"fr-FR\",\"@id\":\"https:\/\/amami.it\/fr\/#\/schema\/logo\/image\/\",\"url\":\"https:\/\/amami.it\/wp-content\/uploads\/2022\/03\/amami.it_logo_neg.png\",\"contentUrl\":\"https:\/\/amami.it\/wp-content\/uploads\/2022\/03\/amami.it_logo_neg.png\",\"width\":600,\"height\":600,\"caption\":\"Amami Viaggi\"},\"image\":{\"@id\":\"https:\/\/amami.it\/fr\/#\/schema\/logo\/image\/\"},\"sameAs\":[\"https:\/\/www.facebook.com\/amamiviaggi\",\"https:\/\/x.com\/AmamiViaggi\",\"https:\/\/www.instagram.com\/amamiviaggi\/\"]}]}<\/script>\n<!-- \/ Yoast SEO plugin. -->","yoast_head_json":{"title":"Costiera Amalfitana - Amami Viaggi","robots":{"index":"index","follow":"follow","max-snippet":"max-snippet:-1","max-image-preview":"max-image-preview:large","max-video-preview":"max-video-preview:-1"},"canonical":"https:\/\/amami.it\/fr\/guides-touristiques\/costiera-amalfitana\/","og_locale":"fr_FR","og_type":"article","og_title":"Costiera Amalfitana - Amami Viaggi","og_description":"[vc_row][vc_column][vc_custom_heading text=&#8221;COSTIERA AMALFITANA&#8221; font_container=&#8221;tag:h2|text_align:center&#8221; use_theme_fonts=&#8221;yes&#8221;][vc_text_separator title=&#8221;QUE VOIR ET QUE FAIRE&#8221; color=&#8221;custom&#8221; border_width=&#8221;5&#8243; accent_color=&#8221;#d43232&#8243;][vc_column_text] La C\u00f4te Amalfitaine, trait de la c\u00f4te [&hellip;]","og_url":"https:\/\/amami.it\/fr\/guides-touristiques\/costiera-amalfitana\/","og_site_name":"Amami Viaggi","article_publisher":"https:\/\/www.facebook.com\/amamiviaggi","article_modified_time":"2021-06-24T10:16:52+00:00","og_image":[{"url":"https:\/\/amami.turismomolise.com\/wp-content\/uploads\/2021\/06\/Campania_CostaAmalfi-300x200.jpg"}],"twitter_card":"summary_large_image","twitter_site":"@AmamiViaggi","twitter_misc":{"Dur\u00e9e de lecture estim\u00e9e":"5 minutes"},"schema":{"@context":"https:\/\/schema.org","@graph":[{"@type":"WebPage","@id":"https:\/\/amami.it\/fr\/guides-touristiques\/costiera-amalfitana\/","url":"https:\/\/amami.it\/fr\/guides-touristiques\/costiera-amalfitana\/","name":"Costiera Amalfitana - Amami Viaggi","isPartOf":{"@id":"https:\/\/amami.it\/fr\/#website"},"primaryImageOfPage":{"@id":"https:\/\/amami.it\/fr\/guides-touristiques\/costiera-amalfitana\/#primaryimage"},"image":{"@id":"https:\/\/amami.it\/fr\/guides-touristiques\/costiera-amalfitana\/#primaryimage"},"thumbnailUrl":"https:\/\/amami.turismomolise.com\/wp-content\/uploads\/2021\/06\/Campania_CostaAmalfi-300x200.jpg","datePublished":"2021-06-24T09:50:17+00:00","dateModified":"2021-06-24T10:16:52+00:00","breadcrumb":{"@id":"https:\/\/amami.it\/fr\/guides-touristiques\/costiera-amalfitana\/#breadcrumb"},"inLanguage":"fr-FR","potentialAction":[{"@type":"ReadAction","target":["https:\/\/amami.it\/fr\/guides-touristiques\/costiera-amalfitana\/"]}]},{"@type":"ImageObject","inLanguage":"fr-FR","@id":"https:\/\/amami.it\/fr\/guides-touristiques\/costiera-amalfitana\/#primaryimage","url":"https:\/\/amami.turismomolise.com\/wp-content\/uploads\/2021\/06\/Campania_CostaAmalfi-300x200.jpg","contentUrl":"https:\/\/amami.turismomolise.com\/wp-content\/uploads\/2021\/06\/Campania_CostaAmalfi-300x200.jpg"},{"@type":"BreadcrumbList","@id":"https:\/\/amami.it\/fr\/guides-touristiques\/costiera-amalfitana\/#breadcrumb","itemListElement":[{"@type":"ListItem","position":1,"name":"Home","item":"https:\/\/amami.it\/fr\/"},{"@type":"ListItem","position":2,"name":"Guides Touristiques","item":"https:\/\/amami.it\/fr\/guides-touristiques\/"},{"@type":"ListItem","position":3,"name":"Costiera Amalfitana"}]},{"@type":"WebSite","@id":"https:\/\/amami.it\/fr\/#website","url":"https:\/\/amami.it\/fr\/","name":"Amami Viaggi","description":"Dal B&amp;B alla Casa Vacanze, dall&#039;Agriturismo al Residence, dall&#039;hotel all&#039;affittacamere","publisher":{"@id":"https:\/\/amami.it\/fr\/#organization"},"potentialAction":[{"@type":"SearchAction","target":{"@type":"EntryPoint","urlTemplate":"https:\/\/amami.it\/fr\/?s={search_term_string}"},"query-input":{"@type":"PropertyValueSpecification","valueRequired":true,"valueName":"search_term_string"}}],"inLanguage":"fr-FR"},{"@type":"Organization","@id":"https:\/\/amami.it\/fr\/#organization","name":"Amami Viaggi","url":"https:\/\/amami.it\/fr\/","logo":{"@type":"ImageObject","inLanguage":"fr-FR","@id":"https:\/\/amami.it\/fr\/#\/schema\/logo\/image\/","url":"https:\/\/amami.it\/wp-content\/uploads\/2022\/03\/amami.it_logo_neg.png","contentUrl":"https:\/\/amami.it\/wp-content\/uploads\/2022\/03\/amami.it_logo_neg.png","width":600,"height":600,"caption":"Amami Viaggi"},"image":{"@id":"https:\/\/amami.it\/fr\/#\/schema\/logo\/image\/"},"sameAs":["https:\/\/www.facebook.com\/amamiviaggi","https:\/\/x.com\/AmamiViaggi","https:\/\/www.instagram.com\/amamiviaggi\/"]}]}},"_links":{"self":[{"href":"https:\/\/amami.it\/fr\/wp-json\/wp\/v2\/pages\/2995","targetHints":{"allow":["GET"]}}],"collection":[{"href":"https:\/\/amami.it\/fr\/wp-json\/wp\/v2\/pages"}],"about":[{"href":"https:\/\/amami.it\/fr\/wp-json\/wp\/v2\/types\/page"}],"author":[{"embeddable":true,"href":"https:\/\/amami.it\/fr\/wp-json\/wp\/v2\/users\/3"}],"replies":[{"embeddable":true,"href":"https:\/\/amami.it\/fr\/wp-json\/wp\/v2\/comments?post=2995"}],"version-history":[{"count":0,"href":"https:\/\/amami.it\/fr\/wp-json\/wp\/v2\/pages\/2995\/revisions"}],"up":[{"embeddable":true,"href":"https:\/\/amami.it\/fr\/wp-json\/wp\/v2\/pages\/2705"}],"wp:attachment":[{"href":"https:\/\/amami.it\/fr\/wp-json\/wp\/v2\/media?parent=2995"}],"curies":[{"name":"wp","href":"https:\/\/api.w.org\/{rel}","templated":true}]}}