{"id":3014,"date":"2021-06-24T14:07:34","date_gmt":"2021-06-24T12:07:34","guid":{"rendered":"https:\/\/amami.turismomolise.com\/guides-touristiques\/costiera-cilentana\/"},"modified":"2021-06-24T14:21:08","modified_gmt":"2021-06-24T12:21:08","slug":"costiera-cilentana","status":"publish","type":"page","link":"https:\/\/amami.it\/fr\/guides-touristiques\/costiera-cilentana\/","title":{"rendered":"Costiera Cilentana"},"content":{"rendered":"<p>[vc_row][vc_column][vc_custom_heading text=&#8221;Costiera Cilentana&#8221; font_container=&#8221;tag:h2|text_align:center&#8221; use_theme_fonts=&#8221;yes&#8221;][vc_text_separator title=&#8221;QUE VOIR ET QUE FAIRE&#8221; color=&#8221;custom&#8221; border_width=&#8221;5&#8243; accent_color=&#8221;#d43232&#8243;][vc_column_text]La C\u00f4te Cilentaine est une partie de c\u00f4te de la Campanie qui va du Golfe de Salerne au Golfe de Policastro et qui fait partie du vaste terriroire du Cilento qui constitue deux tiers de la province de Salerne.<br \/>\nLa C\u00f4te Cilentaine comprends 11 municipalit\u00e9s: Paestum, Agropoli, Castellabate, Acciaroli, Ascea, Pisciotta, Palinuro, Marina di Camerota, Scario, Policastro et Sapri.<br \/>\nLes plages du Cilento sont parmi les meilleures d&#8217;Italie; en effet on a 12 Drapeaux Bleau dans cette zone c\u00f4ti\u00e8re.[\/vc_column_text][\/vc_column][\/vc_row][vc_row full_width=&#8221;stretch_row&#8221; css=&#8221;.vc_custom_1618488868384{background-color: #ffffff !important;}&#8221;][vc_column][vc_text_separator title=&#8221;QUE VOIR&#8221; i_icon_fontawesome=&#8221;fas fa-image&#8221; i_color=&#8221;custom&#8221; title_align=&#8221;separator_align_left&#8221; color=&#8221;custom&#8221; border_width=&#8221;5&#8243; add_icon=&#8221;true&#8221; accent_color=&#8221;#d43232&#8243; i_custom_color=&#8221;#dd3333&#8243;][vc_column_text]<\/p>\n<p align=\"justify\"><span style=\"font-family: Times New Roman, serif;\"><img decoding=\"async\" class=\"size-medium wp-image-3011 alignleft\" src=\"https:\/\/amami.turismomolise.com\/wp-content\/uploads\/2021\/06\/Campania_CostaCilento-300x200.jpg\" alt=\"\" width=\"300\" height=\"200\" srcset=\"https:\/\/amami.it\/wp-content\/uploads\/2021\/06\/Campania_CostaCilento-300x200.jpg 300w, https:\/\/amami.it\/wp-content\/uploads\/2021\/06\/Campania_CostaCilento-1024x683.jpg 1024w, https:\/\/amami.it\/wp-content\/uploads\/2021\/06\/Campania_CostaCilento-768x512.jpg 768w, https:\/\/amami.it\/wp-content\/uploads\/2021\/06\/Campania_CostaCilento-1536x1024.jpg 1536w, https:\/\/amami.it\/wp-content\/uploads\/2021\/06\/Campania_CostaCilento-450x300.jpg 450w, https:\/\/amami.it\/wp-content\/uploads\/2021\/06\/Campania_CostaCilento-1140x760.jpg 1140w, https:\/\/amami.it\/wp-content\/uploads\/2021\/06\/Campania_CostaCilento-120x80.jpg 120w, https:\/\/amami.it\/wp-content\/uploads\/2021\/06\/Campania_CostaCilento-750x500.jpg 750w, https:\/\/amami.it\/wp-content\/uploads\/2021\/06\/Campania_CostaCilento.jpg 1920w\" sizes=\"(max-width: 300px) 100vw, 300px\" \/>La C<\/span><span style=\"font-family: Times New Roman, serif;\">\u00f4<\/span><span style=\"font-family: Times New Roman, serif;\">te Cilentaine est une zone riche en lieu \u00e0 d\u00e9couvrir, entre sites arch\u00e9ologiques et baln\u00e9aires on cite les endroits plus particuliers qui&#8217;il convient visiter. <\/span><\/p>\n<p align=\"justify\"><span style=\"font-family: Times New Roman, serif;\">Aux portes du Parc National du Cilento Vallo di Diano et Alburni on trouve la ville de Agropoli, tr\u00e8s connue pour son littoral et ses plages. La plus caract\u00e9ristique c&#8217;est la Baie de Trentova, d\u00e9sign\u00e9e Drapeau Bleau. Elle ressemble \u00e0 un paradis naturel dans lequel l&#8217;eau cristalline attire toujours beaucoup de touristes qui sont fascin\u00e9s par cette petite plage. <\/span><\/p>\n<p align=\"justify\"><span style=\"font-family: Times New Roman, serif;\">Une autre \u00e9tape importane est Acciaroli, une petite fraction de la municipalit\u00e9 de Pollica. Acciaroli aussi a une des mer les plus clairs et N\u00e8ttoy\u00e9s d&#8217;Italie r\u00e9compens\u00e9 Drapeau Bleau. Ici le centre historique et le la zone portuelle, la plus moderne du bourg, ce sont tr\u00e8s caract\u00e9ristiques. <\/span><\/p>\n<p align=\"justify\"><span style=\"font-family: Times New Roman, serif;\">Une des zones les plus suggestives de la C<\/span><span style=\"font-family: Times New Roman, serif;\">\u00f4<\/span><span style=\"font-family: Times New Roman, serif;\">te Cilentaine est la ville de Palinuro, typique pour les nombreuses plages, grottes, baies et criques. D\u00e9velopp\u00e9e sur la colline de Capo Palinuro, la petite ville attire l&#8217;attention de nombreux touristes nationals et internationals. Une des grottes le plus importantes de Palinuro c&#8217;est la Grotte Bleue, nomm\u00e9e ainsi pour l&#8217;intense couleur bleue de la mer; un autre lieu tout aussi importante c&#8217;est la plage du Buon Dormire, joignable uniquement par mer qui est d&#8217;une couleur verte \u00e9meraude. De cette plage on peut admirer le c\u00e9l\u00e8bre Rocher du Lapin. Palinuro est aussi tr\u00e8s connue pour la mouvement\u00e9e vie nocturne, riche de bars, restaurants et discopubs dont on peut s&#8217;amuser pendant les soir\u00e9es d&#8217;\u00e9t\u00e9. <\/span><\/p>\n<p align=\"justify\"><span style=\"font-family: Times New Roman, serif;\">A 10 km de Palinuro on trouve la charmante Marina di Camerota, une localit\u00e9 touristique de la C<\/span><span style=\"font-family: Times New Roman, serif;\">\u00f4<\/span><span style=\"font-family: Times New Roman, serif;\">te Cilentaine tr\u00e8s connue par les touristes nationaux et internationaux qu&#8217;on appelle la \u201cPerle du Cilento\u201d. Marina di Camerota a nombreuses plages mais c&#8217;est aussi un lieu plein d&#8217;histoire et de nature. En effet on y trouve beaucoup de grottes et pour leur importance historique, arch\u00e9ologique et g\u00e9ologique on a cr\u00e9e le Mus\u00e9e Virtuel Pal\u00e9olithique.<\/span><\/p>\n<p align=\"justify\"><span style=\"font-family: Times New Roman, serif;\">La plage la plus magnifique de Marina di Camerota c&#8217;esl la Baie degli Infreschi, une petite crique marine qu&#8217;on peut joindre par la mer, du port de la ville. Cette crique c&#8217;est un lieu tr\u00e8s suggestif puisqu&#8217;il est un v\u00e9ritable plan d&#8217;eau cristallin.<\/span><\/p>\n<p align=\"justify\">Enfin la C<span style=\"font-family: Times New Roman, serif;\">\u00f4<\/span><span style=\"font-family: Times New Roman, serif;\">te Cilentaine est connue pour le R\u00e9gime M\u00e9diterran\u00e9en puisque le lieu d&#8217;origine de ce r\u00e9gime c&#8217;est la ville de Pioppi, un hameau de la municipalit\u00e8 de Pollica. <\/span><\/p>\n<p align=\"justify\"><span style=\"font-family: Times New Roman, serif;\">Le R\u00e9gime M\u00e9diterran\u00e9en a \u00e9t\u00e9 cr\u00e9e par le scientifique am\u00e9ricain Ancel Keys dans la ville de Pioppi dont il a commenc\u00e9 un \u00e9tude sur l&#8217;alimentation habituelle du peuple du Cilento. C&#8217;est une alimentation pauvre en graisses animaux et riche en crudit\u00e9s, l\u00e9gumes, huile d&#8217;olive et poisson. Keys considerait que cette alimentation apportait des b\u00e9n\u00e9fices pour la sant\u00e9 car elle r\u00e9duisait la hausse des \u201cmaladies du bien-<\/span><span style=\"font-family: Times New Roman, serif;\">\u00ea<\/span><span style=\"font-family: Times New Roman, serif;\">tre\u201d comme l&#8217;hypertension, le diab\u00e8te, l&#8217;ath\u00e9roscl\u00e9rose. Le hameau de Pollica a aussi \u00e9tabli le Mus\u00e9e Vivante du R\u00e9gime M\u00e9diterran\u00e9en en hommage \u00e0 son fondateur Ancel Keys.<\/span><\/p>\n<p>[\/vc_column_text][\/vc_column][\/vc_row][vc_row full_width=&#8221;stretch_row&#8221; css=&#8221;.vc_custom_1618488943735{background-color: #ffffff !important;}&#8221;][vc_column][vc_text_separator title=&#8221;QUE FAIRE&#8221; i_icon_fontawesome=&#8221;fas fa-walking&#8221; i_color=&#8221;custom&#8221; title_align=&#8221;separator_align_left&#8221; color=&#8221;custom&#8221; border_width=&#8221;5&#8243; add_icon=&#8221;true&#8221; accent_color=&#8221;#d43232&#8243; i_custom_color=&#8221;#dd3333&#8243;][vc_column_text]<\/p>\n<p align=\"justify\">Une fois arriv\u00e9 dans la C<span style=\"font-family: Times New Roman, serif;\">\u00f4<\/span><span style=\"font-family: Times New Roman, serif;\">te Cilentaine il convient visiter la ville de Paestum, connue partout dans le monde pour <\/span><span style=\"font-family: Times New Roman, serif;\">\u00ea<\/span><span style=\"font-family: Times New Roman, serif;\">tre l&#8217;un des sites arch\u00e9ologiques plus importants d&#8217;Italie. Paestum jouit d&#8217;une grande importance historique et architecturale puisqu&#8217;elle a \u00e9t\u00e9 fond\u00e9e par les Grecs \u00e0 la fin du VII si\u00e8cle avant J.-C.<\/span><\/p>\n<p align=\"justify\"><span style=\"font-family: Times New Roman, serif;\">Paestum est tr\u00e8s connue pour ses monuments, en particulier pour les Temples et les Fouilles. Il faut aussi citer le Mus\u00e9e National de Paestum qui garde \u00e0 l&#8217;interieur une des oeuvres grecques les plus importantes, la Tombe du Plongeur. La ville n&#8217;est pas seulement culture et architecture, mais selon la plupart des gens c&#8217;est dans cette municipalit\u00e9 qu&#8217;on produit la meilleure Mozzarella di Bubala Campana; de plus Paestum dispose \u00e9galement de beaucoup de plages qui commencent la long portion de c<\/span><span style=\"font-family: Times New Roman, serif;\">\u00f4<\/span><span style=\"font-family: Times New Roman, serif;\">te.<\/span><\/p>\n<p align=\"justify\"><span style=\"font-family: Times New Roman, serif;\">Un autre grand site arch\u00e9oligique c&#8217;est celui des Fouilles de Velia, situ\u00e9 dans la commune de Ascea qui se trouve \u00e0 l&#8217;interieur du Parc National du Cilento Vallo di Diano et Alburni. Les fouilles de la metropolis grecque de Velia ont une position privil\u00e9gi\u00e9e entre les differentes localit\u00e9s marittimes plus importantes de la c<\/span><span style=\"font-family: Times New Roman, serif;\">\u00f4<\/span><span style=\"font-family: Times New Roman, serif;\">te. Le symbole des fouilles c&#8217;est la c\u00e9l\u00e8bre Porte Rose, exemplaire unique d&#8217;arc grec qui remonte au V si\u00e8cle.<\/span><\/p>\n<p align=\"justify\"><span style=\"font-family: Times New Roman, serif;\">Il faut aussi visiter deux lieux particuli\u00e8rement \u00e9vocateurs, les deux situ\u00e9s dans les terres du Cilento. Le premier c&#8217;est la Chartreuse de Padula, d\u00e9clar\u00e9e patrimoine mondial de l&#8217;UNESCO en 1998. Aujourd&#8217;hui elle est lieu de manifestations, conf\u00e9rences et \u00e9v\u00e9nements.<\/span><\/p>\n<p align=\"justify\"><span style=\"font-family: Times New Roman, serif;\">Le deuxi\u00e8me est repr\u00e9sent\u00e9 par les Grottes de Pertosa qui constituent le seule site sp\u00e9l\u00e9ologique en Europe o\u00f9 l&#8217;on peut naviguer dans une rivi\u00e8re souterraine et p\u00e9n\u00e9trer le coeur des Monts Alburni.<\/span><\/p>\n<p>[\/vc_column_text][\/vc_column][\/vc_row][vc_row][vc_column][text_with_icons style=&#8221;style_two&#8221; columns=&#8221;three_columns&#8221;][text_with_icon icon_type=&#8221;custom_icon&#8221; custom_icon=&#8221;2129&#8243; title=&#8221;Protezione antifrode&#8221; text=&#8221;&#8221; read_more_text=&#8221;&#8221; read_more_link=&#8221;&#8221;][text_with_icon icon_type=&#8221;custom_icon&#8221; custom_icon=&#8221;2128&#8243; title=&#8221;Facile da utilizzare&#8221; text=&#8221;&#8221; read_more_text=&#8221;&#8221; read_more_link=&#8221;&#8221;][text_with_icon icon_type=&#8221;custom_icon&#8221; custom_icon=&#8221;2121&#8243; title=&#8221;Miglior prezzo garantito&#8221; text=&#8221;&#8221; read_more_text=&#8221;&#8221; read_more_link=&#8221;&#8221;][text_with_icon icon_type=&#8221;custom_icon&#8221; custom_icon=&#8221;2120&#8243; title=&#8221;Assistenza 7\/7&#8243; text=&#8221;&#8221; read_more_text=&#8221;&#8221; read_more_link=&#8221;&#8221;][text_with_icon icon_type=&#8221;custom_icon&#8221; custom_icon=&#8221;2119&#8243; title=&#8221;Strutture certificate&#8221; text=&#8221;&#8221; read_more_text=&#8221;&#8221; read_more_link=&#8221;&#8221;][text_with_icon icon_type=&#8221;custom_icon&#8221; custom_icon=&#8221;2120&#8243; title=&#8221;Prenotazione immediata&#8221; text=&#8221;&#8221; read_more_text=&#8221;&#8221; read_more_link=&#8221;&#8221;][\/text_with_icons][\/vc_column][\/vc_row][vc_row full_width=&#8221;stretch_row&#8221; css=&#8221;.vc_custom_1618489929538{background-color: #ffffff !important;}&#8221;][vc_column][vc_cta h2=&#8221;Hai bisogno di assistenza per la tua prenotazione?&#8221; h4=&#8221;Supporto di registrazione Amami Viaggi&#8221; txt_align=&#8221;center&#8221; style=&#8221;custom&#8221; add_button=&#8221;bottom&#8221; btn_title=&#8221;Contact Us&#8221; btn_color=&#8221;danger&#8221; btn_align=&#8221;center&#8221; btn_link=&#8221;url:%2Fcontact&#8221; css=&#8221;.vc_custom_1618490190679{background-color: #dd3333 !important;}&#8221; custom_background=&#8221;#dd3333&#8243; custom_text=&#8221;#ffffff&#8221;]<\/p>\n<div class=\"col-md-8\" style=\"text-align: center;\"><span style=\"color: #ffffff;\">Tel. +39 089 9713931<\/span><br \/>\n<span style=\"color: #ffffff;\">E-mail <\/span><a href=\"mailto:info@amami.it\"><span style=\"color: #ffffff;\"> info@amami.it<\/span> <\/a><\/div>\n<p>[\/vc_cta][\/vc_column][\/vc_row]<\/p>\n","protected":false},"excerpt":{"rendered":"<p>[vc_row][vc_column][vc_custom_heading text=&#8221;Costiera Cilentana&#8221; font_container=&#8221;tag:h2|text_align:center&#8221; use_theme_fonts=&#8221;yes&#8221;][vc_text_separator title=&#8221;QUE VOIR ET QUE FAIRE&#8221; color=&#8221;custom&#8221; border_width=&#8221;5&#8243; accent_color=&#8221;#d43232&#8243;][vc_column_text]La C\u00f4te Cilentaine est une partie de c\u00f4te [&hellip;]<\/p>\n","protected":false},"author":3,"featured_media":0,"parent":2705,"menu_order":0,"comment_status":"closed","ping_status":"closed","template":"template\/template-homepage.php","meta":{"_acf_changed":false,"footnotes":""},"class_list":["post-3014","page","type-page","status-publish","hentry"],"acf":[],"yoast_head":"<!-- This site is optimized with the Yoast SEO plugin v23.9 - https:\/\/yoast.com\/wordpress\/plugins\/seo\/ -->\n<title>Costiera Cilentana - Amami Viaggi<\/title>\n<meta name=\"robots\" content=\"index, follow, max-snippet:-1, max-image-preview:large, max-video-preview:-1\" \/>\n<link rel=\"canonical\" href=\"https:\/\/amami.it\/fr\/guides-touristiques\/costiera-cilentana\/\" \/>\n<meta property=\"og:locale\" content=\"fr_FR\" \/>\n<meta property=\"og:type\" content=\"article\" \/>\n<meta property=\"og:title\" content=\"Costiera Cilentana - Amami Viaggi\" \/>\n<meta property=\"og:description\" content=\"[vc_row][vc_column][vc_custom_heading text=&#8221;Costiera Cilentana&#8221; font_container=&#8221;tag:h2|text_align:center&#8221; use_theme_fonts=&#8221;yes&#8221;][vc_text_separator title=&#8221;QUE VOIR ET QUE FAIRE&#8221; color=&#8221;custom&#8221; border_width=&#8221;5&#8243; accent_color=&#8221;#d43232&#8243;][vc_column_text]La C\u00f4te Cilentaine est une partie de c\u00f4te [&hellip;]\" \/>\n<meta property=\"og:url\" content=\"https:\/\/amami.it\/fr\/guides-touristiques\/costiera-cilentana\/\" \/>\n<meta property=\"og:site_name\" content=\"Amami Viaggi\" \/>\n<meta property=\"article:publisher\" content=\"https:\/\/www.facebook.com\/amamiviaggi\" \/>\n<meta property=\"article:modified_time\" content=\"2021-06-24T12:21:08+00:00\" \/>\n<meta property=\"og:image\" content=\"https:\/\/amami.turismomolise.com\/wp-content\/uploads\/2021\/06\/Campania_CostaCilento-300x200.jpg\" \/>\n<meta name=\"twitter:card\" content=\"summary_large_image\" \/>\n<meta name=\"twitter:site\" content=\"@AmamiViaggi\" \/>\n<meta name=\"twitter:label1\" content=\"Dur\u00e9e de lecture estim\u00e9e\" \/>\n\t<meta name=\"twitter:data1\" content=\"5 minutes\" \/>\n<script type=\"application\/ld+json\" class=\"yoast-schema-graph\">{\"@context\":\"https:\/\/schema.org\",\"@graph\":[{\"@type\":\"WebPage\",\"@id\":\"https:\/\/amami.it\/fr\/guides-touristiques\/costiera-cilentana\/\",\"url\":\"https:\/\/amami.it\/fr\/guides-touristiques\/costiera-cilentana\/\",\"name\":\"Costiera Cilentana - Amami Viaggi\",\"isPartOf\":{\"@id\":\"https:\/\/amami.it\/fr\/#website\"},\"primaryImageOfPage\":{\"@id\":\"https:\/\/amami.it\/fr\/guides-touristiques\/costiera-cilentana\/#primaryimage\"},\"image\":{\"@id\":\"https:\/\/amami.it\/fr\/guides-touristiques\/costiera-cilentana\/#primaryimage\"},\"thumbnailUrl\":\"https:\/\/amami.turismomolise.com\/wp-content\/uploads\/2021\/06\/Campania_CostaCilento-300x200.jpg\",\"datePublished\":\"2021-06-24T12:07:34+00:00\",\"dateModified\":\"2021-06-24T12:21:08+00:00\",\"breadcrumb\":{\"@id\":\"https:\/\/amami.it\/fr\/guides-touristiques\/costiera-cilentana\/#breadcrumb\"},\"inLanguage\":\"fr-FR\",\"potentialAction\":[{\"@type\":\"ReadAction\",\"target\":[\"https:\/\/amami.it\/fr\/guides-touristiques\/costiera-cilentana\/\"]}]},{\"@type\":\"ImageObject\",\"inLanguage\":\"fr-FR\",\"@id\":\"https:\/\/amami.it\/fr\/guides-touristiques\/costiera-cilentana\/#primaryimage\",\"url\":\"https:\/\/amami.turismomolise.com\/wp-content\/uploads\/2021\/06\/Campania_CostaCilento-300x200.jpg\",\"contentUrl\":\"https:\/\/amami.turismomolise.com\/wp-content\/uploads\/2021\/06\/Campania_CostaCilento-300x200.jpg\"},{\"@type\":\"BreadcrumbList\",\"@id\":\"https:\/\/amami.it\/fr\/guides-touristiques\/costiera-cilentana\/#breadcrumb\",\"itemListElement\":[{\"@type\":\"ListItem\",\"position\":1,\"name\":\"Home\",\"item\":\"https:\/\/amami.it\/fr\/\"},{\"@type\":\"ListItem\",\"position\":2,\"name\":\"Guides Touristiques\",\"item\":\"https:\/\/amami.it\/fr\/guides-touristiques\/\"},{\"@type\":\"ListItem\",\"position\":3,\"name\":\"Costiera Cilentana\"}]},{\"@type\":\"WebSite\",\"@id\":\"https:\/\/amami.it\/fr\/#website\",\"url\":\"https:\/\/amami.it\/fr\/\",\"name\":\"Amami Viaggi\",\"description\":\"Dal B&amp;B alla Casa Vacanze, dall&#039;Agriturismo al Residence, dall&#039;hotel all&#039;affittacamere\",\"publisher\":{\"@id\":\"https:\/\/amami.it\/fr\/#organization\"},\"potentialAction\":[{\"@type\":\"SearchAction\",\"target\":{\"@type\":\"EntryPoint\",\"urlTemplate\":\"https:\/\/amami.it\/fr\/?s={search_term_string}\"},\"query-input\":{\"@type\":\"PropertyValueSpecification\",\"valueRequired\":true,\"valueName\":\"search_term_string\"}}],\"inLanguage\":\"fr-FR\"},{\"@type\":\"Organization\",\"@id\":\"https:\/\/amami.it\/fr\/#organization\",\"name\":\"Amami Viaggi\",\"url\":\"https:\/\/amami.it\/fr\/\",\"logo\":{\"@type\":\"ImageObject\",\"inLanguage\":\"fr-FR\",\"@id\":\"https:\/\/amami.it\/fr\/#\/schema\/logo\/image\/\",\"url\":\"https:\/\/amami.it\/wp-content\/uploads\/2022\/03\/amami.it_logo_neg.png\",\"contentUrl\":\"https:\/\/amami.it\/wp-content\/uploads\/2022\/03\/amami.it_logo_neg.png\",\"width\":600,\"height\":600,\"caption\":\"Amami Viaggi\"},\"image\":{\"@id\":\"https:\/\/amami.it\/fr\/#\/schema\/logo\/image\/\"},\"sameAs\":[\"https:\/\/www.facebook.com\/amamiviaggi\",\"https:\/\/x.com\/AmamiViaggi\",\"https:\/\/www.instagram.com\/amamiviaggi\/\"]}]}<\/script>\n<!-- \/ Yoast SEO plugin. -->","yoast_head_json":{"title":"Costiera Cilentana - Amami Viaggi","robots":{"index":"index","follow":"follow","max-snippet":"max-snippet:-1","max-image-preview":"max-image-preview:large","max-video-preview":"max-video-preview:-1"},"canonical":"https:\/\/amami.it\/fr\/guides-touristiques\/costiera-cilentana\/","og_locale":"fr_FR","og_type":"article","og_title":"Costiera Cilentana - Amami Viaggi","og_description":"[vc_row][vc_column][vc_custom_heading text=&#8221;Costiera Cilentana&#8221; font_container=&#8221;tag:h2|text_align:center&#8221; use_theme_fonts=&#8221;yes&#8221;][vc_text_separator title=&#8221;QUE VOIR ET QUE FAIRE&#8221; color=&#8221;custom&#8221; border_width=&#8221;5&#8243; accent_color=&#8221;#d43232&#8243;][vc_column_text]La C\u00f4te Cilentaine est une partie de c\u00f4te [&hellip;]","og_url":"https:\/\/amami.it\/fr\/guides-touristiques\/costiera-cilentana\/","og_site_name":"Amami Viaggi","article_publisher":"https:\/\/www.facebook.com\/amamiviaggi","article_modified_time":"2021-06-24T12:21:08+00:00","og_image":[{"url":"https:\/\/amami.turismomolise.com\/wp-content\/uploads\/2021\/06\/Campania_CostaCilento-300x200.jpg"}],"twitter_card":"summary_large_image","twitter_site":"@AmamiViaggi","twitter_misc":{"Dur\u00e9e de lecture estim\u00e9e":"5 minutes"},"schema":{"@context":"https:\/\/schema.org","@graph":[{"@type":"WebPage","@id":"https:\/\/amami.it\/fr\/guides-touristiques\/costiera-cilentana\/","url":"https:\/\/amami.it\/fr\/guides-touristiques\/costiera-cilentana\/","name":"Costiera Cilentana - Amami Viaggi","isPartOf":{"@id":"https:\/\/amami.it\/fr\/#website"},"primaryImageOfPage":{"@id":"https:\/\/amami.it\/fr\/guides-touristiques\/costiera-cilentana\/#primaryimage"},"image":{"@id":"https:\/\/amami.it\/fr\/guides-touristiques\/costiera-cilentana\/#primaryimage"},"thumbnailUrl":"https:\/\/amami.turismomolise.com\/wp-content\/uploads\/2021\/06\/Campania_CostaCilento-300x200.jpg","datePublished":"2021-06-24T12:07:34+00:00","dateModified":"2021-06-24T12:21:08+00:00","breadcrumb":{"@id":"https:\/\/amami.it\/fr\/guides-touristiques\/costiera-cilentana\/#breadcrumb"},"inLanguage":"fr-FR","potentialAction":[{"@type":"ReadAction","target":["https:\/\/amami.it\/fr\/guides-touristiques\/costiera-cilentana\/"]}]},{"@type":"ImageObject","inLanguage":"fr-FR","@id":"https:\/\/amami.it\/fr\/guides-touristiques\/costiera-cilentana\/#primaryimage","url":"https:\/\/amami.turismomolise.com\/wp-content\/uploads\/2021\/06\/Campania_CostaCilento-300x200.jpg","contentUrl":"https:\/\/amami.turismomolise.com\/wp-content\/uploads\/2021\/06\/Campania_CostaCilento-300x200.jpg"},{"@type":"BreadcrumbList","@id":"https:\/\/amami.it\/fr\/guides-touristiques\/costiera-cilentana\/#breadcrumb","itemListElement":[{"@type":"ListItem","position":1,"name":"Home","item":"https:\/\/amami.it\/fr\/"},{"@type":"ListItem","position":2,"name":"Guides Touristiques","item":"https:\/\/amami.it\/fr\/guides-touristiques\/"},{"@type":"ListItem","position":3,"name":"Costiera Cilentana"}]},{"@type":"WebSite","@id":"https:\/\/amami.it\/fr\/#website","url":"https:\/\/amami.it\/fr\/","name":"Amami Viaggi","description":"Dal B&amp;B alla Casa Vacanze, dall&#039;Agriturismo al Residence, dall&#039;hotel all&#039;affittacamere","publisher":{"@id":"https:\/\/amami.it\/fr\/#organization"},"potentialAction":[{"@type":"SearchAction","target":{"@type":"EntryPoint","urlTemplate":"https:\/\/amami.it\/fr\/?s={search_term_string}"},"query-input":{"@type":"PropertyValueSpecification","valueRequired":true,"valueName":"search_term_string"}}],"inLanguage":"fr-FR"},{"@type":"Organization","@id":"https:\/\/amami.it\/fr\/#organization","name":"Amami Viaggi","url":"https:\/\/amami.it\/fr\/","logo":{"@type":"ImageObject","inLanguage":"fr-FR","@id":"https:\/\/amami.it\/fr\/#\/schema\/logo\/image\/","url":"https:\/\/amami.it\/wp-content\/uploads\/2022\/03\/amami.it_logo_neg.png","contentUrl":"https:\/\/amami.it\/wp-content\/uploads\/2022\/03\/amami.it_logo_neg.png","width":600,"height":600,"caption":"Amami Viaggi"},"image":{"@id":"https:\/\/amami.it\/fr\/#\/schema\/logo\/image\/"},"sameAs":["https:\/\/www.facebook.com\/amamiviaggi","https:\/\/x.com\/AmamiViaggi","https:\/\/www.instagram.com\/amamiviaggi\/"]}]}},"_links":{"self":[{"href":"https:\/\/amami.it\/fr\/wp-json\/wp\/v2\/pages\/3014","targetHints":{"allow":["GET"]}}],"collection":[{"href":"https:\/\/amami.it\/fr\/wp-json\/wp\/v2\/pages"}],"about":[{"href":"https:\/\/amami.it\/fr\/wp-json\/wp\/v2\/types\/page"}],"author":[{"embeddable":true,"href":"https:\/\/amami.it\/fr\/wp-json\/wp\/v2\/users\/3"}],"replies":[{"embeddable":true,"href":"https:\/\/amami.it\/fr\/wp-json\/wp\/v2\/comments?post=3014"}],"version-history":[{"count":0,"href":"https:\/\/amami.it\/fr\/wp-json\/wp\/v2\/pages\/3014\/revisions"}],"up":[{"embeddable":true,"href":"https:\/\/amami.it\/fr\/wp-json\/wp\/v2\/pages\/2705"}],"wp:attachment":[{"href":"https:\/\/amami.it\/fr\/wp-json\/wp\/v2\/media?parent=3014"}],"curies":[{"name":"wp","href":"https:\/\/api.w.org\/{rel}","templated":true}]}}