{"id":3297,"date":"2022-03-02T12:37:25","date_gmt":"2022-03-02T11:37:25","guid":{"rendered":"https:\/\/amami.it\/about-us-2\/"},"modified":"2024-06-10T18:40:12","modified_gmt":"2024-06-10T16:40:12","slug":"about-us-2","status":"publish","type":"page","link":"https:\/\/amami.it\/fr\/about-us\/","title":{"rendered":"About Us"},"content":{"rendered":"<p>[vc_row css=&#8221;.vc_custom_1540484653733{margin-bottom: 30px !important;padding-right: 30px !important;padding-left: 30px !important;background-color: #ffffff !important;}&#8221;][vc_column width=&#8221;1\/2&#8243;]\t\t<div class=\"homey-module module-title section-title-module text-left \">\n\t\t\t<h2 >Amami<\/h2>\n\n\t\t\t<p  class=\"sub-heading\"><\/p>\n\t\t<\/div>\n\t\t<div style=\"clear:both; width:100%; height:20px\"><\/div>[vc_separator color=&#8221;custom&#8221; border_width=&#8221;3&#8243; accent_color=&#8221;#be1701&#8243;][vc_column_text]Amami Viaggi est un tour op\u00e9rateur sp\u00e9cialis\u00e9 dans <strong>l&#8217;h\u00f4tellerie<\/strong> . Nous nous occupons principalement de la gestion et de la commercialisation d&#8217;installations h\u00f4teli\u00e8res et non h\u00f4teli\u00e8res dans toute l&#8217;Italie.[\/vc_column_text][\/vc_column][vc_column width=&#8221;1\/2&#8243;][vc_single_image image=&#8221;3229&#8243; img_size=&#8221;1140&#215;400&#8243;]<div style=\"clear:both; width:100%; height:20px\"><\/div>[\/vc_column][\/vc_row][vc_row css=&#8221;.vc_custom_1540484271922{margin-bottom: 30px !important;padding-right: 30px !important;padding-left: 30px !important;background-color: #ffffff !important;}&#8221;][vc_column][vc_column_text]<\/p>\n<p class=\"p1\">Gr\u00e2ce \u00e0 l&#8217;exp\u00e9rience et aux relations commerciales \u00e9troites de plus de 20 ans d&#8217;activit\u00e9 dans le secteur du tourisme, Amami Viaggi propose des structures id\u00e9ales pour la cr\u00e9ation <strong>des vacances personnalis\u00e9es<\/strong> toute l&#8217;ann\u00e9e \u00e0 travers des lieux d&#8217;une beaut\u00e9 inn\u00e9e pour d\u00e9couvrir les traditions, l&#8217;histoire et l&#8217;art ou simplement pour profiter de la mer ou des montagnes italiennes.<\/p>\n<p class=\"p1\">Le service propos\u00e9 par Amami Viaggi est le bon point de rencontre entre le propri\u00e9taire qui souhaite maximiser les ventes de sa propri\u00e9t\u00e9 et le client \u00e0 la recherche du s\u00e9jour parfait.<\/p>\n<p class=\"p1\">Amami.it, en fait, est une centrale de r\u00e9servation en ligne qui offre, d&#8217;une part, un excellent service de r\u00e9servation aux voyageurs et, d&#8217;autre part, fournit aux propri\u00e9taires une plateforme efficace pour maximiser les ventes dans leurs installations.<\/p>\n<p>[\/vc_column_text][vc_separator color=&#8221;custom&#8221; border_width=&#8221;3&#8243; accent_color=&#8221;#be1701&#8243;][vc_single_image image=&#8221;3227&#8243; img_size=&#8221;1140&#215;300&#8243; alignment=&#8221;center&#8221;][vc_separator color=&#8221;custom&#8221; border_width=&#8221;3&#8243; accent_color=&#8221;#be1701&#8243;][vc_column_text]<\/p>\n<p class=\"p1\"><strong>Efficacit\u00e9, facilit\u00e9 et s\u00e9curit\u00e9<\/strong> sont les principales caract\u00e9ristiques qui distinguent le portail de r\u00e9servation de vos vacances.<\/p>\n<p class=\"p1\">Les propri\u00e9taires auront non seulement la possibilit\u00e9 d&#8217;ins\u00e9rer la structure dans un r\u00e9seau de voyagistes performants, mais \u00e9galement une assistance dans la r\u00e9alisation d&#8217;analyses de march\u00e9, de politiques de gestion des revenus et d&#8217;optimisation des ventes, de gestion et de prise en charge des r\u00e9servations et du pr\u00e9-enregistrement. phase, leur offrant un moyen de paiement garanti. Tout cela n&#8217;aura aucun co\u00fbt, tout sera enti\u00e8rement gratuit.<\/p>\n<p class=\"p1\">Gr\u00e2ce \u00e0 &#8220;l&#8217;espace propri\u00e9taires&#8221;, vous pourrez g\u00e9rer des dizaines de portails et sites web en m\u00eame temps et \u00eatre en relation imm\u00e9diate avec les agences de voyages et tour-op\u00e9rateurs du monde entier. Vous n&#8217;aurez plus \u00e0 avoir peur d&#8217;une r\u00e9servation re\u00e7ue pendant la nuit ou \u00e0 d&#8217;autres moments o\u00f9 vous n&#8217;avez pas la possibilit\u00e9 de mettre \u00e0 jour les calendriers et les disponibilit\u00e9s.<\/p>\n<p class=\"p1\">Amami.it garantira \u00e9galement un service d&#8217;assistance aux propri\u00e9taires et aux clients avant, pendant et apr\u00e8s le s\u00e9jour ; insistant sur l&#8217;un des concepts cl\u00e9s sur lesquels repose la famille Amami Viaggi : fid\u00e9lisation de la client\u00e8le et retour dans l&#8217;une des structures faisant partie du circuit.<\/p>\n<p class=\"p1\">Notre <em>mission<\/em> est de cr\u00e9er une exp\u00e9rience vraiment <strong>unique<\/strong> , gr\u00e2ce \u00e0 une relation entre clients et propri\u00e9taires capable de laisser une \u00e9motion dont on se souviendra et qui peut contribuer \u00e0 profiter au mieux des vacances.<\/p>\n<p>[\/vc_column_text][\/vc_column][\/vc_row][vc_row css=&#8221;.vc_custom_1540484815791{margin-bottom: 30px !important;padding-right: 30px !important;padding-left: 30px !important;background-color: #ffffff !important;}&#8221;][vc_column]\t\t<div class=\"homey-module module-title section-title-module text-left \">\n\t\t\t<h2 >Team<\/h2>\n\n\t\t\t<p  class=\"sub-heading\"><\/p>\n\t\t<\/div>\n\t\t<div style=\"clear:both; width:100%; height:20px\"><\/div>[vc_separator color=&#8221;custom&#8221; border_width=&#8221;3&#8243; accent_color=&#8221;#be1701&#8243;][vc_row_inner][vc_column_inner width=&#8221;1\/3&#8243; offset=&#8221;vc_hidden-xs&#8221;][vc_single_image image=&#8221;6874&#8243; img_size=&#8221;200&#215;200&#8243; alignment=&#8221;center&#8221;][vc_column_text css=&#8221;.vc_custom_1718037551212{padding-left: 50px !important;}&#8221;]<\/p>\n<p class=\"p1\"><strong>Marco Gasparro<br \/>\nCEO<br \/>\n<\/strong><\/p>\n<p>[\/vc_column_text][\/vc_column_inner][vc_column_inner width=&#8221;1\/3&#8243; offset=&#8221;vc_hidden-xs&#8221;][vc_single_image image=&#8221;3552&#8243; img_size=&#8221;200&#215;200&#8243; alignment=&#8221;center&#8221;][vc_column_text css=&#8221;.vc_custom_1718037572139{padding-left: 50px !important;}&#8221;]<\/p>\n<p class=\"p1\"><strong>Mich\u00e8le Gasparro<br \/>\n<span class=\"HwtZe\" lang=\"fr\"><span class=\"jCAhz JxVs2d ChMk0b\"><span class=\"ryNqvb\">Directeur<\/span><\/span><\/span><\/strong><\/p>\n<p>[\/vc_column_text][\/vc_column_inner][vc_column_inner width=&#8221;1\/3&#8243; offset=&#8221;vc_hidden-xs&#8221;][vc_single_image image=&#8221;4706&#8243; img_size=&#8221;full&#8221; alignment=&#8221;center&#8221;][vc_column_text css=&#8221;.vc_custom_1718037605030{padding-left: 50px !important;}&#8221;]<\/p>\n<p class=\"p1\"><strong>Lucia Santoro<br \/>\n<span class=\"HwtZe\" lang=\"fr\"><span class=\"jCAhz JxVs2d ChMk0b\"><span class=\"ryNqvb\">Bureau de location<\/span><\/span><\/span><\/strong><\/p>\n<p>[\/vc_column_text][\/vc_column_inner][\/vc_row_inner][\/vc_column][\/vc_row][vc_row css=&#8221;.vc_custom_1540484815791{margin-bottom: 30px !important;padding-right: 30px !important;padding-left: 30px !important;background-color: #ffffff !important;}&#8221;][vc_column]\t\t<div class=\"homey-module module-title section-title-module text-left \">\n\t\t\t<h2 >En Italie<\/h2>\n\n\t\t\t<p  class=\"sub-heading\"><\/p>\n\t\t<\/div>\n\t\t<div style=\"clear:both; width:100%; height:20px\"><\/div>[vc_separator color=&#8221;custom&#8221; border_width=&#8221;3&#8243; accent_color=&#8221;#be1701&#8243;][\/vc_column][vc_column width=&#8221;1\/2&#8243;][vc_column_text]Avec une distribution de plus de 45 000 agences de voyages affili\u00e9es et 40 portails en ligne, chez Amami, nous vous garantissons le plus large choix pour vous \u00e9vader du stress et des engagements.<\/p>\n<p>200 villas. 300 maisons de vacances. 10 H\u00f4tels. 300 chambres d&#8217;h\u00f4tes. 100 Appartements.<\/p>\n<p><strong>Amami c&#8217;est tout cela<\/strong> et plus encore.[\/vc_column_text]<div style=\"clear:both; width:100%; height:25px\"><\/div>[\/vc_column][vc_column width=&#8221;1\/2&#8243;][vc_single_image image=&#8221;3213&#8243; img_size=&#8221;1140&#215;300&#8243;]<div style=\"clear:both; width:100%; height:20px\"><\/div>[\/vc_column][\/vc_row][vc_row][vc_column]<div style=\"clear:both; width:100%; height:10px\"><\/div>\t\t<div class=\"homey-module module-title section-title-module text-left \">\n\t\t\t<h2 ><\/h2>\n\n\t\t\t<p  class=\"sub-heading\">Tips<\/p>\n\t\t<\/div>\n\t\t<div style=\"clear:both; width:100%; height:10px\"><\/div>\n        <div class=\"module-wrap blog-module\">\n            <div class=\"row\">\n                                    <div class=\"col-xs-12 col-sm-4 col-md-4 col-lg-4\">\n                        <div class=\"item-blog post-6100 post type-post status-publish format-standard has-post-thumbnail hentry category-guide-touristique\">\n\t<div class=\"media\">\n\t\t<div class=\"item-blog-image\">\n\t\t\t<div class=\"item-media item-media-thumb\">\n\t\t\t\t<a href=\"https:\/\/amami.it\/fr\/new-york-la-destination-des-reves\/\" class=\"hover-effect\">\n\t\t\t\t\t<img decoding=\"async\" width=\"450\" height=\"300\" src=\"https:\/\/amami.it\/wp-content\/uploads\/2023\/03\/Cover_Blog_Amami_Viaggi-450x300.jpg\" class=\"img-responsive wp-post-image\" alt=\"\" srcset=\"https:\/\/amami.it\/wp-content\/uploads\/2023\/03\/Cover_Blog_Amami_Viaggi-450x300.jpg 450w, https:\/\/amami.it\/wp-content\/uploads\/2023\/03\/Cover_Blog_Amami_Viaggi-300x200.jpg 300w, https:\/\/amami.it\/wp-content\/uploads\/2023\/03\/Cover_Blog_Amami_Viaggi-1024x683.jpg 1024w, https:\/\/amami.it\/wp-content\/uploads\/2023\/03\/Cover_Blog_Amami_Viaggi-768x512.jpg 768w, https:\/\/amami.it\/wp-content\/uploads\/2023\/03\/Cover_Blog_Amami_Viaggi.jpg 1140w, https:\/\/amami.it\/wp-content\/uploads\/2023\/03\/Cover_Blog_Amami_Viaggi-120x80.jpg 120w, https:\/\/amami.it\/wp-content\/uploads\/2023\/03\/Cover_Blog_Amami_Viaggi-750x500.jpg 750w\" sizes=\"(max-width: 450px) 100vw, 450px\" \/>\t\t\t\t<\/a>\n\t\t\t<\/div>\n\t\t<\/div>\n\t\t<div class=\"media-body item-body\">\n\t\t\t<div class=\"item-title-head\">\n\t\t\t\t<h3 class=\"title\">\n\t\t\t\t\t<a href=\"https:\/\/amami.it\/fr\/new-york-la-destination-des-reves\/\" title=\"New York &#8211; la destination des r\u00eaves\">New York &#8211; la destination des r\u00eaves<\/a>\n\t\t\t\t<\/h3>\n\t\t\t\t<div class=\"item-blog-meta item-blog-category\">\n\t\t\t\t\t<i class=\"fa fa-bookmark-o\"><\/i> <a href=\"https:\/\/amami.it\/fr\/category\/guide-touristique\/\" rel=\"category tag\">Guide touristique<\/a>\t\t\t\t<\/div>\n\t\t\t<\/div>\n\t\t<\/div>\n\t<\/div>\n<\/div>                    <\/div>\n                                    <div class=\"col-xs-12 col-sm-4 col-md-4 col-lg-4\">\n                        <div class=\"item-blog post-5972 post type-post status-publish format-standard has-post-thumbnail hentry category-guide-touristique\">\n\t<div class=\"media\">\n\t\t<div class=\"item-blog-image\">\n\t\t\t<div class=\"item-media item-media-thumb\">\n\t\t\t\t<a href=\"https:\/\/amami.it\/fr\/puglia\/\" class=\"hover-effect\">\n\t\t\t\t\t<img decoding=\"async\" width=\"450\" height=\"300\" src=\"https:\/\/amami.it\/wp-content\/uploads\/2023\/03\/Blog_amami_puglia_cover-450x300.jpg\" class=\"img-responsive wp-post-image\" alt=\"\" srcset=\"https:\/\/amami.it\/wp-content\/uploads\/2023\/03\/Blog_amami_puglia_cover-450x300.jpg 450w, https:\/\/amami.it\/wp-content\/uploads\/2023\/03\/Blog_amami_puglia_cover-300x200.jpg 300w, https:\/\/amami.it\/wp-content\/uploads\/2023\/03\/Blog_amami_puglia_cover-1024x683.jpg 1024w, https:\/\/amami.it\/wp-content\/uploads\/2023\/03\/Blog_amami_puglia_cover-768x512.jpg 768w, https:\/\/amami.it\/wp-content\/uploads\/2023\/03\/Blog_amami_puglia_cover.jpg 1140w, https:\/\/amami.it\/wp-content\/uploads\/2023\/03\/Blog_amami_puglia_cover-120x80.jpg 120w, https:\/\/amami.it\/wp-content\/uploads\/2023\/03\/Blog_amami_puglia_cover-750x500.jpg 750w\" sizes=\"(max-width: 450px) 100vw, 450px\" \/>\t\t\t\t<\/a>\n\t\t\t<\/div>\n\t\t<\/div>\n\t\t<div class=\"media-body item-body\">\n\t\t\t<div class=\"item-title-head\">\n\t\t\t\t<h3 class=\"title\">\n\t\t\t\t\t<a href=\"https:\/\/amami.it\/fr\/puglia\/\" title=\"Puglia\">Puglia<\/a>\n\t\t\t\t<\/h3>\n\t\t\t\t<div class=\"item-blog-meta item-blog-category\">\n\t\t\t\t\t<i class=\"fa fa-bookmark-o\"><\/i> <a href=\"https:\/\/amami.it\/fr\/category\/guide-touristique\/\" rel=\"category tag\">Guide touristique<\/a>\t\t\t\t<\/div>\n\t\t\t<\/div>\n\t\t<\/div>\n\t<\/div>\n<\/div>                    <\/div>\n                                    <div class=\"col-xs-12 col-sm-4 col-md-4 col-lg-4\">\n                        <div class=\"item-blog post-5767 post type-post status-publish format-standard has-post-thumbnail hentry category-experiences-fr\">\n\t<div class=\"media\">\n\t\t<div class=\"item-blog-image\">\n\t\t\t<div class=\"item-media item-media-thumb\">\n\t\t\t\t<a href=\"https:\/\/amami.it\/fr\/voyage-de-groupe-pres-de-maison-la-nouvelle-tendance-des-jeunes-maries\/\" class=\"hover-effect\">\n\t\t\t\t\t<img decoding=\"async\" width=\"450\" height=\"300\" src=\"https:\/\/amami.it\/wp-content\/uploads\/2023\/02\/Cover_Blog_amami_buddyhoney-450x300.jpg\" class=\"img-responsive wp-post-image\" alt=\"\" srcset=\"https:\/\/amami.it\/wp-content\/uploads\/2023\/02\/Cover_Blog_amami_buddyhoney-450x300.jpg 450w, https:\/\/amami.it\/wp-content\/uploads\/2023\/02\/Cover_Blog_amami_buddyhoney-300x200.jpg 300w, https:\/\/amami.it\/wp-content\/uploads\/2023\/02\/Cover_Blog_amami_buddyhoney-1024x683.jpg 1024w, https:\/\/amami.it\/wp-content\/uploads\/2023\/02\/Cover_Blog_amami_buddyhoney-768x512.jpg 768w, https:\/\/amami.it\/wp-content\/uploads\/2023\/02\/Cover_Blog_amami_buddyhoney.jpg 1140w, https:\/\/amami.it\/wp-content\/uploads\/2023\/02\/Cover_Blog_amami_buddyhoney-120x80.jpg 120w, https:\/\/amami.it\/wp-content\/uploads\/2023\/02\/Cover_Blog_amami_buddyhoney-750x500.jpg 750w\" sizes=\"(max-width: 450px) 100vw, 450px\" \/>\t\t\t\t<\/a>\n\t\t\t<\/div>\n\t\t<\/div>\n\t\t<div class=\"media-body item-body\">\n\t\t\t<div class=\"item-title-head\">\n\t\t\t\t<h3 class=\"title\">\n\t\t\t\t\t<a href=\"https:\/\/amami.it\/fr\/voyage-de-groupe-pres-de-maison-la-nouvelle-tendance-des-jeunes-maries\/\" title=\"Voyage de groupe pr\u00e8s de maison | La nouvelle tendance des jeunes mari\u00e9s\">Voyage de groupe pr\u00e8s de maison | La nouvelle tendance des jeunes mari\u00e9s<\/a>\n\t\t\t\t<\/h3>\n\t\t\t\t<div class=\"item-blog-meta item-blog-category\">\n\t\t\t\t\t<i class=\"fa fa-bookmark-o\"><\/i> <a href=\"https:\/\/amami.it\/fr\/category\/experiences-fr\/\" rel=\"category tag\">Exp\u00e9riences<\/a>\t\t\t\t<\/div>\n\t\t\t<\/div>\n\t\t<\/div>\n\t<\/div>\n<\/div>                    <\/div>\n                                            <\/div>\n        <\/div>\n\n        [\/vc_column][\/vc_row]<\/p>\n","protected":false},"excerpt":{"rendered":"<p>[vc_row css=&#8221;.vc_custom_1540484653733{margin-bottom: 30px !important;padding-right: 30px !important;padding-left: 30px !important;background-color: #ffffff !important;}&#8221;][vc_column width=&#8221;1\/2&#8243;][vc_separator color=&#8221;custom&#8221; border_width=&#8221;3&#8243; accent_color=&#8221;#be1701&#8243;][vc_column_text]Amami Viaggi est un tour op\u00e9rateur sp\u00e9cialis\u00e9 [&hellip;]<\/p>\n","protected":false},"author":1,"featured_media":0,"parent":0,"menu_order":0,"comment_status":"closed","ping_status":"closed","template":"template\/template-homepage.php","meta":{"_acf_changed":false,"footnotes":""},"class_list":["post-3297","page","type-page","status-publish","hentry"],"acf":[],"yoast_head":"<!-- This site is optimized with the Yoast SEO plugin v23.9 - https:\/\/yoast.com\/wordpress\/plugins\/seo\/ -->\n<title>About Us - Amami Viaggi<\/title>\n<meta name=\"robots\" content=\"index, follow, max-snippet:-1, max-image-preview:large, max-video-preview:-1\" \/>\n<link rel=\"canonical\" href=\"https:\/\/amami.it\/fr\/about-us\/\" \/>\n<meta property=\"og:locale\" content=\"fr_FR\" \/>\n<meta property=\"og:type\" content=\"article\" \/>\n<meta property=\"og:title\" content=\"About Us - Amami Viaggi\" \/>\n<meta property=\"og:description\" content=\"-1340\" \/>\n<meta property=\"og:url\" content=\"https:\/\/amami.it\/fr\/about-us\/\" \/>\n<meta property=\"og:site_name\" content=\"Amami Viaggi\" \/>\n<meta property=\"article:publisher\" content=\"https:\/\/www.facebook.com\/amamiviaggi\" \/>\n<meta property=\"article:modified_time\" content=\"2024-06-10T16:40:12+00:00\" \/>\n<meta property=\"og:image\" content=\"http:\/\/90\" \/>\n<meta name=\"twitter:card\" content=\"summary_large_image\" \/>\n<meta name=\"twitter:site\" content=\"@AmamiViaggi\" \/>\n<meta name=\"twitter:label1\" content=\"Dur\u00e9e de lecture estim\u00e9e\" \/>\n\t<meta name=\"twitter:data1\" content=\"5 minutes\" \/>\n<script type=\"application\/ld+json\" class=\"yoast-schema-graph\">{\"@context\":\"https:\/\/schema.org\",\"@graph\":[{\"@type\":\"WebPage\",\"@id\":\"https:\/\/amami.it\/fr\/about-us\/\",\"url\":\"https:\/\/amami.it\/fr\/about-us\/\",\"name\":\"About Us - Amami Viaggi\",\"isPartOf\":{\"@id\":\"https:\/\/amami.it\/fr\/#website\"},\"datePublished\":\"2022-03-02T11:37:25+00:00\",\"dateModified\":\"2024-06-10T16:40:12+00:00\",\"description\":\"Amami Viaggi est un voyagiste sp\u00e9cialis\u00e9 dans l'h\u00f4tellerie. Nous nous occupons de la gestion et de la commercialisation des installations d'h\u00e9bergement. Nous nous occupons de la gestion et de la commercialisation des installations d'h\u00e9bergement.\",\"breadcrumb\":{\"@id\":\"https:\/\/amami.it\/fr\/about-us\/#breadcrumb\"},\"inLanguage\":\"fr-FR\",\"potentialAction\":[{\"@type\":\"ReadAction\",\"target\":[\"https:\/\/amami.it\/fr\/about-us\/\"]}]},{\"@type\":\"BreadcrumbList\",\"@id\":\"https:\/\/amami.it\/fr\/about-us\/#breadcrumb\",\"itemListElement\":[{\"@type\":\"ListItem\",\"position\":1,\"name\":\"Home\",\"item\":\"https:\/\/amami.it\/fr\/\"},{\"@type\":\"ListItem\",\"position\":2,\"name\":\"About Us\"}]},{\"@type\":\"WebSite\",\"@id\":\"https:\/\/amami.it\/fr\/#website\",\"url\":\"https:\/\/amami.it\/fr\/\",\"name\":\"Amami Viaggi\",\"description\":\"Dal B&amp;B alla Casa Vacanze, dall&#039;Agriturismo al Residence, dall&#039;hotel all&#039;affittacamere\",\"publisher\":{\"@id\":\"https:\/\/amami.it\/fr\/#organization\"},\"potentialAction\":[{\"@type\":\"SearchAction\",\"target\":{\"@type\":\"EntryPoint\",\"urlTemplate\":\"https:\/\/amami.it\/fr\/?s={search_term_string}\"},\"query-input\":{\"@type\":\"PropertyValueSpecification\",\"valueRequired\":true,\"valueName\":\"search_term_string\"}}],\"inLanguage\":\"fr-FR\"},{\"@type\":\"Organization\",\"@id\":\"https:\/\/amami.it\/fr\/#organization\",\"name\":\"Amami Viaggi\",\"url\":\"https:\/\/amami.it\/fr\/\",\"logo\":{\"@type\":\"ImageObject\",\"inLanguage\":\"fr-FR\",\"@id\":\"https:\/\/amami.it\/fr\/#\/schema\/logo\/image\/\",\"url\":\"https:\/\/amami.it\/wp-content\/uploads\/2022\/03\/amami.it_logo_neg.png\",\"contentUrl\":\"https:\/\/amami.it\/wp-content\/uploads\/2022\/03\/amami.it_logo_neg.png\",\"width\":600,\"height\":600,\"caption\":\"Amami Viaggi\"},\"image\":{\"@id\":\"https:\/\/amami.it\/fr\/#\/schema\/logo\/image\/\"},\"sameAs\":[\"https:\/\/www.facebook.com\/amamiviaggi\",\"https:\/\/x.com\/AmamiViaggi\",\"https:\/\/www.instagram.com\/amamiviaggi\/\"]}]}<\/script>\n<!-- \/ Yoast SEO plugin. -->","yoast_head_json":{"title":"About Us - Amami Viaggi","robots":{"index":"index","follow":"follow","max-snippet":"max-snippet:-1","max-image-preview":"max-image-preview:large","max-video-preview":"max-video-preview:-1"},"canonical":"https:\/\/amami.it\/fr\/about-us\/","og_locale":"fr_FR","og_type":"article","og_title":"About Us - Amami Viaggi","og_description":"-1340","og_url":"https:\/\/amami.it\/fr\/about-us\/","og_site_name":"Amami Viaggi","article_publisher":"https:\/\/www.facebook.com\/amamiviaggi","article_modified_time":"2024-06-10T16:40:12+00:00","og_image":[{"url":"90"}],"twitter_card":"summary_large_image","twitter_site":"@AmamiViaggi","twitter_misc":{"Dur\u00e9e de lecture estim\u00e9e":"5 minutes"},"schema":{"@context":"https:\/\/schema.org","@graph":[{"@type":"WebPage","@id":"https:\/\/amami.it\/fr\/about-us\/","url":"https:\/\/amami.it\/fr\/about-us\/","name":"About Us - Amami Viaggi","isPartOf":{"@id":"https:\/\/amami.it\/fr\/#website"},"datePublished":"2022-03-02T11:37:25+00:00","dateModified":"2024-06-10T16:40:12+00:00","description":"Amami Viaggi est un voyagiste sp\u00e9cialis\u00e9 dans l'h\u00f4tellerie. Nous nous occupons de la gestion et de la commercialisation des installations d'h\u00e9bergement. Nous nous occupons de la gestion et de la commercialisation des installations d'h\u00e9bergement.","breadcrumb":{"@id":"https:\/\/amami.it\/fr\/about-us\/#breadcrumb"},"inLanguage":"fr-FR","potentialAction":[{"@type":"ReadAction","target":["https:\/\/amami.it\/fr\/about-us\/"]}]},{"@type":"BreadcrumbList","@id":"https:\/\/amami.it\/fr\/about-us\/#breadcrumb","itemListElement":[{"@type":"ListItem","position":1,"name":"Home","item":"https:\/\/amami.it\/fr\/"},{"@type":"ListItem","position":2,"name":"About Us"}]},{"@type":"WebSite","@id":"https:\/\/amami.it\/fr\/#website","url":"https:\/\/amami.it\/fr\/","name":"Amami Viaggi","description":"Dal B&amp;B alla Casa Vacanze, dall&#039;Agriturismo al Residence, dall&#039;hotel all&#039;affittacamere","publisher":{"@id":"https:\/\/amami.it\/fr\/#organization"},"potentialAction":[{"@type":"SearchAction","target":{"@type":"EntryPoint","urlTemplate":"https:\/\/amami.it\/fr\/?s={search_term_string}"},"query-input":{"@type":"PropertyValueSpecification","valueRequired":true,"valueName":"search_term_string"}}],"inLanguage":"fr-FR"},{"@type":"Organization","@id":"https:\/\/amami.it\/fr\/#organization","name":"Amami Viaggi","url":"https:\/\/amami.it\/fr\/","logo":{"@type":"ImageObject","inLanguage":"fr-FR","@id":"https:\/\/amami.it\/fr\/#\/schema\/logo\/image\/","url":"https:\/\/amami.it\/wp-content\/uploads\/2022\/03\/amami.it_logo_neg.png","contentUrl":"https:\/\/amami.it\/wp-content\/uploads\/2022\/03\/amami.it_logo_neg.png","width":600,"height":600,"caption":"Amami Viaggi"},"image":{"@id":"https:\/\/amami.it\/fr\/#\/schema\/logo\/image\/"},"sameAs":["https:\/\/www.facebook.com\/amamiviaggi","https:\/\/x.com\/AmamiViaggi","https:\/\/www.instagram.com\/amamiviaggi\/"]}]}},"_links":{"self":[{"href":"https:\/\/amami.it\/fr\/wp-json\/wp\/v2\/pages\/3297","targetHints":{"allow":["GET"]}}],"collection":[{"href":"https:\/\/amami.it\/fr\/wp-json\/wp\/v2\/pages"}],"about":[{"href":"https:\/\/amami.it\/fr\/wp-json\/wp\/v2\/types\/page"}],"author":[{"embeddable":true,"href":"https:\/\/amami.it\/fr\/wp-json\/wp\/v2\/users\/1"}],"replies":[{"embeddable":true,"href":"https:\/\/amami.it\/fr\/wp-json\/wp\/v2\/comments?post=3297"}],"version-history":[{"count":1,"href":"https:\/\/amami.it\/fr\/wp-json\/wp\/v2\/pages\/3297\/revisions"}],"predecessor-version":[{"id":6881,"href":"https:\/\/amami.it\/fr\/wp-json\/wp\/v2\/pages\/3297\/revisions\/6881"}],"wp:attachment":[{"href":"https:\/\/amami.it\/fr\/wp-json\/wp\/v2\/media?parent=3297"}],"curies":[{"name":"wp","href":"https:\/\/api.w.org\/{rel}","templated":true}]}}