{"id":4544,"date":"2018-11-01T17:33:16","date_gmt":"2018-11-01T17:33:16","guid":{"rendered":"https:\/\/amami.it\/become-a-host-2\/"},"modified":"2023-03-12T20:08:58","modified_gmt":"2023-03-12T19:08:58","slug":"become-a-host-2","status":"publish","type":"page","link":"https:\/\/amami.it\/fr\/become-a-host-2\/","title":{"rendered":"Devenez h\u00f4te"},"content":{"rendered":"<p>[vc_row full_width=&#8221;stretch_row&#8221; equal_height=&#8221;yes&#8221; content_placement=&#8221;middle&#8221; css=&#8221;.vc_custom_1651566991053{margin-top: -20px !important;padding-top: 0px !important;padding-bottom: 0px !important;background-color: #6d6d6d !important;}&#8221; el_class=&#8221;diventa-host-head&#8221;][vc_column width=&#8221;1\/2&#8243; css=&#8221;.vc_custom_1651567599540{padding-top: 20px !important;}&#8221;]\t\t<div class=\"homey-module module-title section-title-module text-left homey-section-title-dark\">\n\t\t\t<h2 style=\"font-size: 44px; line-height: 50px;\">ENREGISTREMENT DE PROFIL<\/h2>\n\n\t\t\t<p style=\"font-size: 30px; line-height: 40px;\" class=\"sub-heading\">Ajoutez vos propri\u00e9t\u00e9s en vous inscrivant sur Amami !<\/p>\n\t\t<\/div>\n\t\t[\/vc_column][vc_column width=&#8221;1\/2&#8243; css=&#8221;.vc_custom_1651567380724{padding-top: 0px !important;}&#8221;][vc_single_image image=&#8221;4563&#8243; img_size=&#8221;full&#8221; alignment=&#8221;center&#8221; el_class=&#8221;head-img&#8221; css=&#8221;.vc_custom_1651567391850{margin-bottom: -50px !important;}&#8221;][\/vc_column][\/vc_row][vc_row][vc_column][vc_column_text]<\/p>\n<h2>Ajoutez vos structures et d\u00e9couvrez tous vos avantages<\/h2>\n<div class=\"text\">\n<p>Nous nous occupons de marketing dans le domaine du tourisme depuis plus de quinze ans et nous avons \u00e9tabli des relations commerciales avec les plus grands op\u00e9rateurs du secteur ainsi que des collaborations avec divers r\u00e9seaux d&#8217;agences touristiques et immobili\u00e8res du monde entier. En entrant dans le monde Amami, vous deviendrez un gestionnaire immobilier avec l&#8217;aide d&#8217;un support gratuit et technologiquement avanc\u00e9. Notre plateforme utilise en effet tous les outils marketing int\u00e9gr\u00e9s visant \u00e0 optimiser votre processus de vente et \u00e0 garantir \u00e0 nos clients des vacances inoubliables.<br \/>\nCe que nous proposons est une collaboration avec deux solutions diff\u00e9rentes : Consumer et Business.<br \/>\nLe profil consommateur vous donne la possibilit\u00e9 d&#8217;\u00eatre pr\u00e9sent sur le portail www.amami.it et d&#8217;\u00eatre contact\u00e9 directement par le client qui choisit votre propri\u00e9t\u00e9 pour ses vacances.<\/p>\n<p>En tant que Consumer Property Manager, vous aurez :<br \/>\n&#8211; Gestion de la galerie photo<br \/>\n&#8211; Gestion de derni\u00e8re minute<br \/>\n&#8211; Gestion de la politique d&#8217;annulation personnalis\u00e9e<br \/>\n&#8211; Gestion du calendrier manuellement ou avec ICal<br \/>\n&#8211; Gestion des tarifs et des prestations<br \/>\n&#8211; Profil utilisateur personnalis\u00e9 avec photos et donn\u00e9es personnelles<br \/>\n&#8211; Zone r\u00e9serv\u00e9e avec rapports de r\u00e9servation<br \/>\n&#8211; Communication directe avec les clients<br \/>\n&#8211; Note des avis clients<br \/>\n&#8211; Gestion des paiements via Amami Viaggi avec lib\u00e9ration 24 heures apr\u00e8s l&#8217;enregistrement<br \/>\n&#8211; Aucune commission sur les paiements par carte de cr\u00e9dit<br \/>\n&#8211; Commission de vente 5%<br \/>\n&#8211; Aucun frais annuel<br \/>\n&#8211; Pas de frais d&#8217;insertion<\/p>\n<p>Si en revanche vous souhaitez \u00eatre commercialis\u00e9 sur d&#8217;autres canaux de vente directe (Booking, Expedia, Tripadvisor, Homeaway, Airbnb, Home To Go et des dizaines d&#8217;autres portails internationaux en plus de notre r\u00e9seau de Tour Operators et agences de voyages connect\u00e9s \u00e0 Amami.it), la commission, pour toutes les r\u00e9servations effectu\u00e9es (\u00e0 partir de n&#8217;importe quel canal) sera de 25%. Dans ce cas, vous disposerez gratuitement d&#8217;un gestionnaire de canaux int\u00e9gr\u00e9 \u00e0 notre syst\u00e8me de gestion qui vous permettra de v\u00e9rifier les tarifs et la disponibilit\u00e9 sur tous les portails connect\u00e9s ainsi que dans les circuits du r\u00e9seau des agences de voyages et des tour-op\u00e9rateurs.<\/p>\n<p>En r\u00e9sum\u00e9, le contrat Entreprise reprend toutes les caract\u00e9ristiques du contrat Consommateur et donne \u00e9galement la possibilit\u00e9 d&#8217;avoir :<br \/>\n&#8211; Inclusion gratuite de la structure sur les principaux portails en ligne<br \/>\n&#8211; Gestionnaire de cha\u00eenes gratuit<br \/>\n&#8211; S\u00e9ance photo gratuite<br \/>\n&#8211; Promotions et gestion de derni\u00e8re minute<br \/>\n&#8211; Gestion des tarifs et des prestations<br \/>\n&#8211; Assistance aux r\u00e9servations 7j\/7<br \/>\n&#8211; Bureau de r\u00e9servation \u00e0 votre service<br \/>\n&#8211; Gestion des paiements via Amami Viaggi par virement bancaire 24 heures apr\u00e8s l&#8217;enregistrement<br \/>\n&#8211; Aucune commission sur les paiements par carte de cr\u00e9dit<br \/>\n&#8211; Commission sur les ventes 25%<br \/>\n&#8211; Aucune autre commission que celle d&#8217;Amami Viaggi. (Les commissions des portails sont pay\u00e9es par Amami Viaggi)<br \/>\n&#8211; Aucun frais annuel<br \/>\n&#8211; Pas de frais d&#8217;insertion<\/div>\n<p>[\/vc_column_text][\/vc_column][\/vc_row][vc_row full_width=&#8221;stretch_row&#8221; equal_height=&#8221;yes&#8221; content_placement=&#8221;middle&#8221; css=&#8221;.vc_custom_1651652212400{margin-top: 40px !important;margin-bottom: -20px !important;padding-top: 0px !important;padding-bottom: 0px !important;background-color: #4f5962 !important;}&#8221; el_class=&#8221;diventa-host-footer&#8221;][vc_column width=&#8221;4\/12&#8243; css=&#8221;.vc_custom_1651568031704{padding-top: 0px !important;}&#8221;][vc_column_text el_class=&#8221;diventa-host-pacchetto-text&#8221;]S\u00e9lectionner<br \/>\nun Profil[\/vc_column_text][vc_single_image image=&#8221;4615&#8243; img_size=&#8221;full&#8221; alignment=&#8221;right&#8221; css=&#8221;.vc_custom_1678648135367{margin-top: -60px !important;margin-bottom: -60px !important;}&#8221; el_class=&#8221;diventa-host-arrow&#8221;][\/vc_column][vc_column width=&#8221;1\/3&#8243; el_class=&#8221;diventa-host-buttons-col&#8221; css=&#8221;.vc_custom_1651651973363{margin-top: -60px !important;margin-bottom: -60px !important;padding-top: 0px !important;}&#8221;][vc_single_image image=&#8221;4645&#8243; img_size=&#8221;full&#8221; css=&#8221;.vc_custom_1651665225911{margin-bottom: 0px !important;}&#8221;][vc_btn title=&#8221;Profil du consommateur&#8221; style=&#8221;custom&#8221; custom_background=&#8221;#d43232&#8243; custom_text=&#8221;#ffffff&#8221; size=&#8221;lg&#8221; align=&#8221;center&#8221; link=&#8221;url:https%3A%2F%2Famami.it%2Ffr%2Fprofilo-customer%2F|title:Profilo%20Customer&#8221; el_class=&#8221;btn-diventa-host&#8221;][\/vc_column][vc_column width=&#8221;1\/3&#8243; el_class=&#8221;diventa-host-buttons-col&#8221; css=&#8221;.vc_custom_1651651982839{margin-top: -60px !important;margin-bottom: -60px !important;padding-top: 0px !important;}&#8221;][vc_single_image image=&#8221;4642&#8243; img_size=&#8221;full&#8221; css=&#8221;.vc_custom_1651665238154{margin-bottom: 0px !important;}&#8221;][vc_btn title=&#8221;Profil de l&#8217;entreprise&#8221; style=&#8221;custom&#8221; custom_background=&#8221;#d43232&#8243; custom_text=&#8221;#ffffff&#8221; size=&#8221;lg&#8221; align=&#8221;center&#8221; link=&#8221;url:https%3A%2F%2Famami.it%2Ffr%2Fcontratto-business%2F|title:Contratto%20Business&#8221; el_class=&#8221;btn-diventa-host&#8221;][\/vc_column][\/vc_row]<\/p>\n","protected":false},"excerpt":{"rendered":"<p>[vc_row full_width=&#8221;stretch_row&#8221; equal_height=&#8221;yes&#8221; content_placement=&#8221;middle&#8221; css=&#8221;.vc_custom_1651566991053{margin-top: -20px !important;padding-top: 0px !important;padding-bottom: 0px !important;background-color: #6d6d6d !important;}&#8221; el_class=&#8221;diventa-host-head&#8221;][vc_column width=&#8221;1\/2&#8243; css=&#8221;.vc_custom_1651567599540{padding-top: 20px !important;}&#8221;][\/vc_column][vc_column width=&#8221;1\/2&#8243; css=&#8221;.vc_custom_1651567380724{padding-top: [&hellip;]<\/p>\n","protected":false},"author":1,"featured_media":0,"parent":0,"menu_order":0,"comment_status":"closed","ping_status":"closed","template":"template\/template-homepage.php","meta":{"_acf_changed":false,"footnotes":""},"class_list":["post-4544","page","type-page","status-publish","hentry"],"acf":[],"yoast_head":"<!-- This site is optimized with the Yoast SEO plugin v23.9 - https:\/\/yoast.com\/wordpress\/plugins\/seo\/ -->\n<title>Devenez h\u00f4te - Amami Viaggi<\/title>\n<meta name=\"robots\" content=\"index, follow, max-snippet:-1, max-image-preview:large, max-video-preview:-1\" \/>\n<link rel=\"canonical\" href=\"https:\/\/amami.it\/fr\/become-a-host-2\/\" \/>\n<meta property=\"og:locale\" content=\"fr_FR\" \/>\n<meta property=\"og:type\" content=\"article\" \/>\n<meta property=\"og:title\" content=\"Devenez h\u00f4te - Amami Viaggi\" \/>\n<meta property=\"og:description\" content=\"[vc_row full_width=&#8221;stretch_row&#8221; equal_height=&#8221;yes&#8221; content_placement=&#8221;middle&#8221; css=&#8221;.vc_custom_1651566991053{margin-top: -20px !important;padding-top: 0px !important;padding-bottom: 0px !important;background-color: #6d6d6d !important;}&#8221; el_class=&#8221;diventa-host-head&#8221;][vc_column width=&#8221;1\/2&#8243; css=&#8221;.vc_custom_1651567599540{padding-top: 20px !important;}&#8221;][\/vc_column][vc_column width=&#8221;1\/2&#8243; css=&#8221;.vc_custom_1651567380724{padding-top: [&hellip;]\" \/>\n<meta property=\"og:url\" content=\"https:\/\/amami.it\/fr\/become-a-host-2\/\" \/>\n<meta property=\"og:site_name\" content=\"Amami Viaggi\" \/>\n<meta property=\"article:publisher\" content=\"https:\/\/www.facebook.com\/amamiviaggi\" \/>\n<meta property=\"article:modified_time\" content=\"2023-03-12T19:08:58+00:00\" \/>\n<meta property=\"og:image\" content=\"https:\/\/amami.it\/wp-content\/uploads\/2022\/03\/amami.it_logo_neg.png\" \/>\n\t<meta property=\"og:image:width\" content=\"600\" \/>\n\t<meta property=\"og:image:height\" content=\"600\" \/>\n\t<meta property=\"og:image:type\" content=\"image\/png\" \/>\n<meta name=\"twitter:card\" content=\"summary_large_image\" \/>\n<meta name=\"twitter:site\" content=\"@AmamiViaggi\" \/>\n<meta name=\"twitter:label1\" content=\"Dur\u00e9e de lecture estim\u00e9e\" \/>\n\t<meta name=\"twitter:data1\" content=\"3 minutes\" \/>\n<script type=\"application\/ld+json\" class=\"yoast-schema-graph\">{\"@context\":\"https:\/\/schema.org\",\"@graph\":[{\"@type\":\"WebPage\",\"@id\":\"https:\/\/amami.it\/fr\/become-a-host-2\/\",\"url\":\"https:\/\/amami.it\/fr\/become-a-host-2\/\",\"name\":\"Devenez h\u00f4te - Amami Viaggi\",\"isPartOf\":{\"@id\":\"https:\/\/amami.it\/fr\/#website\"},\"datePublished\":\"2018-11-01T17:33:16+00:00\",\"dateModified\":\"2023-03-12T19:08:58+00:00\",\"breadcrumb\":{\"@id\":\"https:\/\/amami.it\/fr\/become-a-host-2\/#breadcrumb\"},\"inLanguage\":\"fr-FR\",\"potentialAction\":[{\"@type\":\"ReadAction\",\"target\":[\"https:\/\/amami.it\/fr\/become-a-host-2\/\"]}]},{\"@type\":\"BreadcrumbList\",\"@id\":\"https:\/\/amami.it\/fr\/become-a-host-2\/#breadcrumb\",\"itemListElement\":[{\"@type\":\"ListItem\",\"position\":1,\"name\":\"Home\",\"item\":\"https:\/\/amami.it\/fr\/\"},{\"@type\":\"ListItem\",\"position\":2,\"name\":\"Devenez h\u00f4te\"}]},{\"@type\":\"WebSite\",\"@id\":\"https:\/\/amami.it\/fr\/#website\",\"url\":\"https:\/\/amami.it\/fr\/\",\"name\":\"Amami Viaggi\",\"description\":\"Dal B&amp;B alla Casa Vacanze, dall&#039;Agriturismo al Residence, dall&#039;hotel all&#039;affittacamere\",\"publisher\":{\"@id\":\"https:\/\/amami.it\/fr\/#organization\"},\"potentialAction\":[{\"@type\":\"SearchAction\",\"target\":{\"@type\":\"EntryPoint\",\"urlTemplate\":\"https:\/\/amami.it\/fr\/?s={search_term_string}\"},\"query-input\":{\"@type\":\"PropertyValueSpecification\",\"valueRequired\":true,\"valueName\":\"search_term_string\"}}],\"inLanguage\":\"fr-FR\"},{\"@type\":\"Organization\",\"@id\":\"https:\/\/amami.it\/fr\/#organization\",\"name\":\"Amami Viaggi\",\"url\":\"https:\/\/amami.it\/fr\/\",\"logo\":{\"@type\":\"ImageObject\",\"inLanguage\":\"fr-FR\",\"@id\":\"https:\/\/amami.it\/fr\/#\/schema\/logo\/image\/\",\"url\":\"https:\/\/amami.it\/wp-content\/uploads\/2022\/03\/amami.it_logo_neg.png\",\"contentUrl\":\"https:\/\/amami.it\/wp-content\/uploads\/2022\/03\/amami.it_logo_neg.png\",\"width\":600,\"height\":600,\"caption\":\"Amami Viaggi\"},\"image\":{\"@id\":\"https:\/\/amami.it\/fr\/#\/schema\/logo\/image\/\"},\"sameAs\":[\"https:\/\/www.facebook.com\/amamiviaggi\",\"https:\/\/x.com\/AmamiViaggi\",\"https:\/\/www.instagram.com\/amamiviaggi\/\"]}]}<\/script>\n<!-- \/ Yoast SEO plugin. -->","yoast_head_json":{"title":"Devenez h\u00f4te - Amami Viaggi","robots":{"index":"index","follow":"follow","max-snippet":"max-snippet:-1","max-image-preview":"max-image-preview:large","max-video-preview":"max-video-preview:-1"},"canonical":"https:\/\/amami.it\/fr\/become-a-host-2\/","og_locale":"fr_FR","og_type":"article","og_title":"Devenez h\u00f4te - Amami Viaggi","og_description":"[vc_row full_width=&#8221;stretch_row&#8221; equal_height=&#8221;yes&#8221; content_placement=&#8221;middle&#8221; css=&#8221;.vc_custom_1651566991053{margin-top: -20px !important;padding-top: 0px !important;padding-bottom: 0px !important;background-color: #6d6d6d !important;}&#8221; el_class=&#8221;diventa-host-head&#8221;][vc_column width=&#8221;1\/2&#8243; css=&#8221;.vc_custom_1651567599540{padding-top: 20px !important;}&#8221;][\/vc_column][vc_column width=&#8221;1\/2&#8243; css=&#8221;.vc_custom_1651567380724{padding-top: [&hellip;]","og_url":"https:\/\/amami.it\/fr\/become-a-host-2\/","og_site_name":"Amami Viaggi","article_publisher":"https:\/\/www.facebook.com\/amamiviaggi","article_modified_time":"2023-03-12T19:08:58+00:00","og_image":[{"width":600,"height":600,"url":"https:\/\/amami.it\/wp-content\/uploads\/2022\/03\/amami.it_logo_neg.png","type":"image\/png"}],"twitter_card":"summary_large_image","twitter_site":"@AmamiViaggi","twitter_misc":{"Dur\u00e9e de lecture estim\u00e9e":"3 minutes"},"schema":{"@context":"https:\/\/schema.org","@graph":[{"@type":"WebPage","@id":"https:\/\/amami.it\/fr\/become-a-host-2\/","url":"https:\/\/amami.it\/fr\/become-a-host-2\/","name":"Devenez h\u00f4te - Amami Viaggi","isPartOf":{"@id":"https:\/\/amami.it\/fr\/#website"},"datePublished":"2018-11-01T17:33:16+00:00","dateModified":"2023-03-12T19:08:58+00:00","breadcrumb":{"@id":"https:\/\/amami.it\/fr\/become-a-host-2\/#breadcrumb"},"inLanguage":"fr-FR","potentialAction":[{"@type":"ReadAction","target":["https:\/\/amami.it\/fr\/become-a-host-2\/"]}]},{"@type":"BreadcrumbList","@id":"https:\/\/amami.it\/fr\/become-a-host-2\/#breadcrumb","itemListElement":[{"@type":"ListItem","position":1,"name":"Home","item":"https:\/\/amami.it\/fr\/"},{"@type":"ListItem","position":2,"name":"Devenez h\u00f4te"}]},{"@type":"WebSite","@id":"https:\/\/amami.it\/fr\/#website","url":"https:\/\/amami.it\/fr\/","name":"Amami Viaggi","description":"Dal B&amp;B alla Casa Vacanze, dall&#039;Agriturismo al Residence, dall&#039;hotel all&#039;affittacamere","publisher":{"@id":"https:\/\/amami.it\/fr\/#organization"},"potentialAction":[{"@type":"SearchAction","target":{"@type":"EntryPoint","urlTemplate":"https:\/\/amami.it\/fr\/?s={search_term_string}"},"query-input":{"@type":"PropertyValueSpecification","valueRequired":true,"valueName":"search_term_string"}}],"inLanguage":"fr-FR"},{"@type":"Organization","@id":"https:\/\/amami.it\/fr\/#organization","name":"Amami Viaggi","url":"https:\/\/amami.it\/fr\/","logo":{"@type":"ImageObject","inLanguage":"fr-FR","@id":"https:\/\/amami.it\/fr\/#\/schema\/logo\/image\/","url":"https:\/\/amami.it\/wp-content\/uploads\/2022\/03\/amami.it_logo_neg.png","contentUrl":"https:\/\/amami.it\/wp-content\/uploads\/2022\/03\/amami.it_logo_neg.png","width":600,"height":600,"caption":"Amami Viaggi"},"image":{"@id":"https:\/\/amami.it\/fr\/#\/schema\/logo\/image\/"},"sameAs":["https:\/\/www.facebook.com\/amamiviaggi","https:\/\/x.com\/AmamiViaggi","https:\/\/www.instagram.com\/amamiviaggi\/"]}]}},"_links":{"self":[{"href":"https:\/\/amami.it\/fr\/wp-json\/wp\/v2\/pages\/4544","targetHints":{"allow":["GET"]}}],"collection":[{"href":"https:\/\/amami.it\/fr\/wp-json\/wp\/v2\/pages"}],"about":[{"href":"https:\/\/amami.it\/fr\/wp-json\/wp\/v2\/types\/page"}],"author":[{"embeddable":true,"href":"https:\/\/amami.it\/fr\/wp-json\/wp\/v2\/users\/1"}],"replies":[{"embeddable":true,"href":"https:\/\/amami.it\/fr\/wp-json\/wp\/v2\/comments?post=4544"}],"version-history":[{"count":4,"href":"https:\/\/amami.it\/fr\/wp-json\/wp\/v2\/pages\/4544\/revisions"}],"predecessor-version":[{"id":6019,"href":"https:\/\/amami.it\/fr\/wp-json\/wp\/v2\/pages\/4544\/revisions\/6019"}],"wp:attachment":[{"href":"https:\/\/amami.it\/fr\/wp-json\/wp\/v2\/media?parent=4544"}],"curies":[{"name":"wp","href":"https:\/\/api.w.org\/{rel}","templated":true}]}}