{"id":4749,"date":"2022-03-05T05:24:03","date_gmt":"2022-03-05T04:24:03","guid":{"rendered":"https:\/\/amami.it\/profilo-customer\/"},"modified":"2023-03-12T19:56:45","modified_gmt":"2023-03-12T18:56:45","slug":"profilo-customer","status":"publish","type":"page","link":"https:\/\/amami.it\/fr\/profilo-customer\/","title":{"rendered":"Profilo Customer"},"content":{"rendered":"<p>[vc_row][vc_column css=&#8221;.vc_custom_1651827040568{padding-top: 10px !important;}&#8221;][vc_text_separator title=&#8221;La gestion de votre propri\u00e9t\u00e9 n&#8217;a jamais \u00e9t\u00e9 aussi simple !&#8221; color=&#8221;custom&#8221; border_width=&#8221;5&#8243; accent_color=&#8221;#d43232&#8243;][vc_column_text]Le profil consommateur vous donne la possibilit\u00e9 d&#8217;\u00eatre pr\u00e9sent sur le portail www.amami.it et d&#8217;\u00eatre contact\u00e9 directement par le client qui choisit votre propri\u00e9t\u00e9 pour ses vacances.<\/p>\n<p>En tant que Consumer Property Manager, vous aurez :<\/p>\n<p>&#8211; Gestion de la galerie photo<br \/>\n&#8211; Gestion des r\u00e9servations &#8220;On request&#8221; ou &#8220;Instant booking&#8221;<br \/>\n&#8211; Gestion de derni\u00e8re minute<br \/>\n&#8211; Gestion de la politique d&#8217;annulation personnalis\u00e9e<br \/>\n&#8211; Gestion du calendrier manuellement ou avec ICal<br \/>\n&#8211; Gestion des tarifs et des prestations<br \/>\n&#8211; Profil utilisateur personnalis\u00e9 avec photos et donn\u00e9es personnelles<br \/>\n&#8211; Zone r\u00e9serv\u00e9e avec rapports de r\u00e9servation<br \/>\n&#8211; Communication directe avec les clients<br \/>\n&#8211; Note des avis clients<br \/>\n&#8211; Gestion des paiements via Amami Viaggi avec lib\u00e9ration 24 heures apr\u00e8s l&#8217;enregistrement<br \/>\n&#8211; Aucune commission sur les paiements par carte de cr\u00e9dit<br \/>\n&#8211; Commission de vente 5%<br \/>\n&#8211; Aucun frais annuel<br \/>\n&#8211; Pas de frais d&#8217;insertion[\/vc_column_text][\/vc_column][\/vc_row][vc_row full_width=&#8221;stretch_row&#8221; css=&#8221;.vc_custom_1618488868384{background-color: #ffffff !important;}&#8221;][vc_column width=&#8221;2\/3&#8243;][vc_custom_heading text=&#8221;Enregistrement client&#8221; font_container=&#8221;tag:h3|text_align:center&#8221; use_theme_fonts=&#8221;yes&#8221;]\n<div class=\"wpcf7 no-js\" id=\"wpcf7-f4181-o1\" lang=\"en-US\" dir=\"ltr\" data-wpcf7-id=\"4181\">\n<div class=\"screen-reader-response\"><p role=\"status\" aria-live=\"polite\" aria-atomic=\"true\"><\/p> <ul><\/ul><\/div>\n<form action=\"\/fr\/wp-json\/wp\/v2\/pages\/4749#wpcf7-f4181-o1\" method=\"post\" class=\"wpcf7-form init wpcf7-acceptance-as-validation\" aria-label=\"Contact form\" novalidate=\"novalidate\" data-status=\"init\">\n<div style=\"display: none;\">\n<input type=\"hidden\" name=\"_wpcf7\" value=\"4181\" \/>\n<input type=\"hidden\" name=\"_wpcf7_version\" value=\"6.0\" \/>\n<input type=\"hidden\" name=\"_wpcf7_locale\" value=\"en_US\" \/>\n<input type=\"hidden\" name=\"_wpcf7_unit_tag\" value=\"wpcf7-f4181-o1\" \/>\n<input type=\"hidden\" name=\"_wpcf7_container_post\" value=\"0\" \/>\n<input type=\"hidden\" name=\"_wpcf7_posted_data_hash\" value=\"\" \/>\n<input type=\"hidden\" name=\"_wpcf7_recaptcha_response\" value=\"\" \/>\n<\/div>\n<div class=\"col-lg-6\">\n\t<div class=\"form-group\">\n\t\t<p><label class=\"required\" for=\"nome\">Nome<\/label><span class=\"wpcf7-form-control-wrap\" data-name=\"nome\"><input size=\"40\" maxlength=\"400\" class=\"wpcf7-form-control wpcf7-text wpcf7-validates-as-required form-control\" aria-required=\"true\" aria-invalid=\"false\" value=\"\" type=\"text\" name=\"nome\" \/><\/span>\n\t\t<\/p>\n\t<\/div>\n\t<div class=\"form-group\">\n\t\t<p><label class=\"required\" for=\"email\"> E-mail Account <\/label><span class=\"wpcf7-form-control-wrap\" data-name=\"email\"><input size=\"40\" maxlength=\"400\" class=\"wpcf7-form-control wpcf7-email wpcf7-validates-as-required wpcf7-text wpcf7-validates-as-email form-control\" aria-required=\"true\" aria-invalid=\"false\" value=\"\" type=\"email\" name=\"email\" \/><\/span>\n\t\t<\/p>\n\t<\/div>\n\t<div class=\"form-group\">\n\t\t<p><label class=\"required\" for=\"telefono\">Telefono<\/label><span class=\"wpcf7-form-control-wrap\" data-name=\"telefono\"><input size=\"40\" maxlength=\"400\" class=\"wpcf7-form-control wpcf7-text wpcf7-validates-as-required form-control\" aria-required=\"true\" aria-invalid=\"false\" value=\"\" type=\"text\" name=\"telefono\" \/><\/span>\n\t\t<\/p>\n\t<\/div>\n\t<div class=\"form-group\">\n\t\t<p><label class=\"required\" for=\"indirizzo\"> Indirizzo di residenza <\/label><span class=\"wpcf7-form-control-wrap\" data-name=\"indirizzo\"><input size=\"40\" maxlength=\"400\" class=\"wpcf7-form-control wpcf7-text wpcf7-validates-as-required form-control\" aria-required=\"true\" aria-invalid=\"false\" value=\"\" type=\"text\" name=\"indirizzo\" \/><\/span>\n\t\t<\/p>\n\t<\/div>\n\t<div class=\"form-group\">\n\t\t<p><label class=\"required\" for=\"paese\"> Paese <\/label><span class=\"wpcf7-form-control-wrap\" data-name=\"paese\"><input size=\"40\" maxlength=\"400\" class=\"wpcf7-form-control wpcf7-text wpcf7-validates-as-required form-control\" aria-required=\"true\" aria-invalid=\"false\" value=\"\" type=\"text\" name=\"paese\" \/><\/span>\n\t\t<\/p>\n\t<\/div>\n\t<div class=\"form-group\">\n\t\t<p><label class=\"required\" for=\"password_c\"> Conferma la tua Password <\/label><span class=\"wpcf7-form-control-wrap\" data-name=\"password_c\"><input size=\"40\" maxlength=\"400\" class=\"wpcf7-form-control wpcf7-text wpcf7-validates-as-required form-control\" aria-required=\"true\" aria-invalid=\"false\" value=\"\" type=\"text\" name=\"password_c\" \/><\/span>\n\t\t<\/p>\n\t<\/div>\n<\/div>\n<div class=\"col-lg-6\">\n\t<div class=\"form-group\">\n\t\t<p><label class=\"required\" for=\"cognome\"> Cognome <\/label><span class=\"wpcf7-form-control-wrap\" data-name=\"cognome\"><input size=\"40\" maxlength=\"400\" class=\"wpcf7-form-control wpcf7-text wpcf7-validates-as-required form-control\" aria-required=\"true\" aria-invalid=\"false\" value=\"\" type=\"text\" name=\"cognome\" \/><\/span>\n\t\t<\/p>\n\t<\/div>\n\t<div class=\"form-group\">\n\t\t<p><label class=\"required\" for=\"email_c\"> Conferma la tua e-mail <\/label><span class=\"wpcf7-form-control-wrap\" data-name=\"email_c\"><input size=\"40\" maxlength=\"400\" class=\"wpcf7-form-control wpcf7-email wpcf7-validates-as-required wpcf7-text wpcf7-validates-as-email form-control\" aria-required=\"true\" aria-invalid=\"false\" value=\"\" type=\"email\" name=\"email_c\" \/><\/span>\n\t\t<\/p>\n\t<\/div>\n\t<div class=\"form-group\">\n\t\t<p><label class=\"required\" for=\"cf\"> Codice Fiscale <\/label><span class=\"wpcf7-form-control-wrap\" data-name=\"cf\"><input size=\"40\" maxlength=\"400\" class=\"wpcf7-form-control wpcf7-text wpcf7-validates-as-required form-control\" aria-required=\"true\" aria-invalid=\"false\" value=\"\" type=\"text\" name=\"cf\" \/><\/span>\n\t\t<\/p>\n\t<\/div>\n\t<div class=\"form-group\">\n\t\t<p><label class=\"required\" for=\"citta\"> Citt\u00e0 <\/label><span class=\"wpcf7-form-control-wrap\" data-name=\"citta\"><input size=\"40\" maxlength=\"400\" class=\"wpcf7-form-control wpcf7-text wpcf7-validates-as-required form-control\" aria-required=\"true\" aria-invalid=\"false\" value=\"\" type=\"text\" name=\"citta\" \/><\/span>\n\t\t<\/p>\n\t<\/div>\n\t<div class=\"form-group\">\n\t\t<p><label class=\"required\" for=\"password\"> Password <\/label><span class=\"wpcf7-form-control-wrap\" data-name=\"password\"><input size=\"40\" maxlength=\"400\" class=\"wpcf7-form-control wpcf7-text wpcf7-validates-as-required form-control\" aria-required=\"true\" aria-invalid=\"false\" value=\"\" type=\"text\" name=\"password\" \/><\/span>\n\t\t<\/p>\n\t<\/div>\n<\/div>\n<div class=\"col-lg-12\">\n\t<div class=\"form-group\">\n\t\t<p><span class=\"wpcf7-form-control-wrap\" data-name=\"acceptance-320\"><span class=\"wpcf7-form-control wpcf7-acceptance\"><span class=\"wpcf7-list-item\"><input type=\"checkbox\" name=\"acceptance-320\" value=\"1\" aria-invalid=\"false\" \/><\/span><\/span><\/span><span class=\"accept\"> Ho preso conoscenza dell\u2019informativa <a href=\"\/privacy-policy\/\" target=\"_blank\"><strong>Privacy Policy <\/strong><\/a> resa da Amami Viaggi ai sensi degli artt.13 e 14 del Regolamento UE 679\/2016 sul trattamento dei dati personali attraverso il sito ed acconsento al loro trattamento per le finalit\u00e0 ivi indicate.<\/span>\n\t\t<\/p>\n\t\t<p><span class=\"wpcf7-form-control-wrap\" data-name=\"acceptance-940\"><span class=\"wpcf7-form-control wpcf7-acceptance\"><span class=\"wpcf7-list-item\"><input type=\"checkbox\" name=\"acceptance-940\" value=\"1\" aria-invalid=\"false\" \/><\/span><\/span><\/span><span class=\"accept\"> Accetto <a href=\"\/terms-and-conditions\/\" target=\"_blank\"><strong>Termini e Condizioni<\/strong><\/a><\/span>\n\t\t<\/p>\n\t<\/div>\n<\/div>\n<div class=\"col-lg-3\">\n\t<p><input class=\"wpcf7-form-control wpcf7-submit has-spinner btn btn-primary\" type=\"submit\" value=\"REGISTRATI\" \/>\n\t<\/p>\n<\/div><div class=\"wpcf7-response-output\" aria-hidden=\"true\"><\/div>\n<\/form>\n<\/div>\n[\/vc_column][vc_column width=&#8221;1\/3&#8243;][vc_custom_heading text=&#8221;Connexion client&#8221; font_container=&#8221;tag:h3|text_align:center&#8221; use_theme_fonts=&#8221;yes&#8221;][\/vc_column][\/vc_row][vc_row full_width=&#8221;stretch_row&#8221; css=&#8221;.vc_custom_1651826700756{margin-top: 20px !important;background-color: #ffffff !important;}&#8221;][vc_column][vc_row_inner][vc_column_inner width=&#8221;3\/4&#8243;][vc_column_text]<\/p>\n<h4 style=\"color: #6c6c6c;\">Avez-vous besoin d&#8217;aide pour votre r\u00e9servation?<br \/>\nVous souhaitez enregistrer votre agence de voyage et vous avez des questions ?<\/h4>\n<h4 style=\"color: #d43232;\">contactez-nous et demandez de l&#8217;aide!<\/h4>\n<p>[\/vc_column_text][vc_raw_html css=&#8221;.vc_custom_1678647401477{margin-bottom: 0px !important;padding-bottom: 20px !important;}&#8221;]JTNDZGl2JTIwY2xhc3MlM0QlMjJjb250YWN0LXRlbCUyMiUzRSUwQSUzQ2ltZyUyMHNyYyUzRCUyMiUyRndwLWNvbnRlbnQlMkZ1cGxvYWRzJTJGMjAyMiUyRjA0JTJGYW5hbG9nLTEyOTMzMTZfMTI4MC5wbmclMjIlMjBhbHQlM0QlMjJUZWxlZm9ubyUyMiUyMCUyRiUzRSUwQSUzQ2ElMjBocmVmJTNEJTIydGVsJTNBJTJCMzkzODk0NDQ2NTE5JTIyJTNFJTNDc3BhbiUyMGNsYXNzJTNEJTIydGVsJTIyJTNFJTJCMzklMjAzODklMjA0NDQlMjA2NTE5JTNDJTJGc3BhbiUzRSUzQyUyRmElM0UlMEElM0MlMkZkaXYlM0U=[\/vc_raw_html][\/vc_column_inner][vc_column_inner width=&#8221;1\/4&#8243;][vc_single_image image=&#8221;4489&#8243; img_size=&#8221;full&#8221; alignment=&#8221;center&#8221; css=&#8221;.vc_custom_1650964388449{margin-top: 10px !important;margin-bottom: 0px !important;}&#8221;][\/vc_column_inner][\/vc_row_inner][\/vc_column][\/vc_row]<\/p>\n","protected":false},"excerpt":{"rendered":"<p>[vc_row][vc_column css=&#8221;.vc_custom_1651827040568{padding-top: 10px !important;}&#8221;][vc_text_separator title=&#8221;La gestion de votre propri\u00e9t\u00e9 n&#8217;a jamais \u00e9t\u00e9 aussi simple !&#8221; color=&#8221;custom&#8221; border_width=&#8221;5&#8243; accent_color=&#8221;#d43232&#8243;][vc_column_text]Le profil consommateur [&hellip;]<\/p>\n","protected":false},"author":1,"featured_media":0,"parent":0,"menu_order":0,"comment_status":"closed","ping_status":"closed","template":"template\/template-homepage.php","meta":{"_acf_changed":false,"footnotes":""},"class_list":["post-4749","page","type-page","status-publish","hentry"],"acf":[],"yoast_head":"<!-- This site is optimized with the Yoast SEO plugin v23.9 - https:\/\/yoast.com\/wordpress\/plugins\/seo\/ -->\n<title>Profilo Customer - Amami Viaggi<\/title>\n<meta name=\"robots\" content=\"index, follow, max-snippet:-1, max-image-preview:large, max-video-preview:-1\" \/>\n<link rel=\"canonical\" href=\"https:\/\/amami.it\/fr\/profilo-customer\/\" \/>\n<meta property=\"og:locale\" content=\"fr_FR\" \/>\n<meta property=\"og:type\" content=\"article\" \/>\n<meta property=\"og:title\" content=\"Profilo Customer - Amami Viaggi\" \/>\n<meta property=\"og:description\" content=\"[vc_row][vc_column css=&#8221;.vc_custom_1651827040568{padding-top: 10px !important;}&#8221;][vc_text_separator title=&#8221;La gestion de votre propri\u00e9t\u00e9 n&#8217;a jamais \u00e9t\u00e9 aussi simple !&#8221; color=&#8221;custom&#8221; border_width=&#8221;5&#8243; accent_color=&#8221;#d43232&#8243;][vc_column_text]Le profil consommateur [&hellip;]\" \/>\n<meta property=\"og:url\" content=\"https:\/\/amami.it\/fr\/profilo-customer\/\" \/>\n<meta property=\"og:site_name\" content=\"Amami Viaggi\" \/>\n<meta property=\"article:publisher\" content=\"https:\/\/www.facebook.com\/amamiviaggi\" \/>\n<meta property=\"article:modified_time\" content=\"2023-03-12T18:56:45+00:00\" \/>\n<meta property=\"og:image\" content=\"https:\/\/amami.it\/wp-content\/uploads\/2022\/03\/amami.it_logo_neg.png\" \/>\n\t<meta property=\"og:image:width\" content=\"600\" \/>\n\t<meta property=\"og:image:height\" content=\"600\" \/>\n\t<meta property=\"og:image:type\" content=\"image\/png\" \/>\n<meta name=\"twitter:card\" content=\"summary_large_image\" \/>\n<meta name=\"twitter:site\" content=\"@AmamiViaggi\" \/>\n<meta name=\"twitter:label1\" content=\"Dur\u00e9e de lecture estim\u00e9e\" \/>\n\t<meta name=\"twitter:data1\" content=\"2 minutes\" \/>\n<script type=\"application\/ld+json\" class=\"yoast-schema-graph\">{\"@context\":\"https:\/\/schema.org\",\"@graph\":[{\"@type\":\"WebPage\",\"@id\":\"https:\/\/amami.it\/fr\/profilo-customer\/\",\"url\":\"https:\/\/amami.it\/fr\/profilo-customer\/\",\"name\":\"Profilo Customer - Amami Viaggi\",\"isPartOf\":{\"@id\":\"https:\/\/amami.it\/fr\/#website\"},\"datePublished\":\"2022-03-05T04:24:03+00:00\",\"dateModified\":\"2023-03-12T18:56:45+00:00\",\"breadcrumb\":{\"@id\":\"https:\/\/amami.it\/fr\/profilo-customer\/#breadcrumb\"},\"inLanguage\":\"fr-FR\",\"potentialAction\":[{\"@type\":\"ReadAction\",\"target\":[\"https:\/\/amami.it\/fr\/profilo-customer\/\"]}]},{\"@type\":\"BreadcrumbList\",\"@id\":\"https:\/\/amami.it\/fr\/profilo-customer\/#breadcrumb\",\"itemListElement\":[{\"@type\":\"ListItem\",\"position\":1,\"name\":\"Home\",\"item\":\"https:\/\/amami.it\/fr\/\"},{\"@type\":\"ListItem\",\"position\":2,\"name\":\"Profilo Customer\"}]},{\"@type\":\"WebSite\",\"@id\":\"https:\/\/amami.it\/fr\/#website\",\"url\":\"https:\/\/amami.it\/fr\/\",\"name\":\"Amami Viaggi\",\"description\":\"Dal B&amp;B alla Casa Vacanze, dall&#039;Agriturismo al Residence, dall&#039;hotel all&#039;affittacamere\",\"publisher\":{\"@id\":\"https:\/\/amami.it\/fr\/#organization\"},\"potentialAction\":[{\"@type\":\"SearchAction\",\"target\":{\"@type\":\"EntryPoint\",\"urlTemplate\":\"https:\/\/amami.it\/fr\/?s={search_term_string}\"},\"query-input\":{\"@type\":\"PropertyValueSpecification\",\"valueRequired\":true,\"valueName\":\"search_term_string\"}}],\"inLanguage\":\"fr-FR\"},{\"@type\":\"Organization\",\"@id\":\"https:\/\/amami.it\/fr\/#organization\",\"name\":\"Amami Viaggi\",\"url\":\"https:\/\/amami.it\/fr\/\",\"logo\":{\"@type\":\"ImageObject\",\"inLanguage\":\"fr-FR\",\"@id\":\"https:\/\/amami.it\/fr\/#\/schema\/logo\/image\/\",\"url\":\"https:\/\/amami.it\/wp-content\/uploads\/2022\/03\/amami.it_logo_neg.png\",\"contentUrl\":\"https:\/\/amami.it\/wp-content\/uploads\/2022\/03\/amami.it_logo_neg.png\",\"width\":600,\"height\":600,\"caption\":\"Amami Viaggi\"},\"image\":{\"@id\":\"https:\/\/amami.it\/fr\/#\/schema\/logo\/image\/\"},\"sameAs\":[\"https:\/\/www.facebook.com\/amamiviaggi\",\"https:\/\/x.com\/AmamiViaggi\",\"https:\/\/www.instagram.com\/amamiviaggi\/\"]}]}<\/script>\n<!-- \/ Yoast SEO plugin. -->","yoast_head_json":{"title":"Profilo Customer - Amami Viaggi","robots":{"index":"index","follow":"follow","max-snippet":"max-snippet:-1","max-image-preview":"max-image-preview:large","max-video-preview":"max-video-preview:-1"},"canonical":"https:\/\/amami.it\/fr\/profilo-customer\/","og_locale":"fr_FR","og_type":"article","og_title":"Profilo Customer - Amami Viaggi","og_description":"[vc_row][vc_column css=&#8221;.vc_custom_1651827040568{padding-top: 10px !important;}&#8221;][vc_text_separator title=&#8221;La gestion de votre propri\u00e9t\u00e9 n&#8217;a jamais \u00e9t\u00e9 aussi simple !&#8221; color=&#8221;custom&#8221; border_width=&#8221;5&#8243; accent_color=&#8221;#d43232&#8243;][vc_column_text]Le profil consommateur [&hellip;]","og_url":"https:\/\/amami.it\/fr\/profilo-customer\/","og_site_name":"Amami Viaggi","article_publisher":"https:\/\/www.facebook.com\/amamiviaggi","article_modified_time":"2023-03-12T18:56:45+00:00","og_image":[{"width":600,"height":600,"url":"https:\/\/amami.it\/wp-content\/uploads\/2022\/03\/amami.it_logo_neg.png","type":"image\/png"}],"twitter_card":"summary_large_image","twitter_site":"@AmamiViaggi","twitter_misc":{"Dur\u00e9e de lecture estim\u00e9e":"2 minutes"},"schema":{"@context":"https:\/\/schema.org","@graph":[{"@type":"WebPage","@id":"https:\/\/amami.it\/fr\/profilo-customer\/","url":"https:\/\/amami.it\/fr\/profilo-customer\/","name":"Profilo Customer - Amami Viaggi","isPartOf":{"@id":"https:\/\/amami.it\/fr\/#website"},"datePublished":"2022-03-05T04:24:03+00:00","dateModified":"2023-03-12T18:56:45+00:00","breadcrumb":{"@id":"https:\/\/amami.it\/fr\/profilo-customer\/#breadcrumb"},"inLanguage":"fr-FR","potentialAction":[{"@type":"ReadAction","target":["https:\/\/amami.it\/fr\/profilo-customer\/"]}]},{"@type":"BreadcrumbList","@id":"https:\/\/amami.it\/fr\/profilo-customer\/#breadcrumb","itemListElement":[{"@type":"ListItem","position":1,"name":"Home","item":"https:\/\/amami.it\/fr\/"},{"@type":"ListItem","position":2,"name":"Profilo Customer"}]},{"@type":"WebSite","@id":"https:\/\/amami.it\/fr\/#website","url":"https:\/\/amami.it\/fr\/","name":"Amami Viaggi","description":"Dal B&amp;B alla Casa Vacanze, dall&#039;Agriturismo al Residence, dall&#039;hotel all&#039;affittacamere","publisher":{"@id":"https:\/\/amami.it\/fr\/#organization"},"potentialAction":[{"@type":"SearchAction","target":{"@type":"EntryPoint","urlTemplate":"https:\/\/amami.it\/fr\/?s={search_term_string}"},"query-input":{"@type":"PropertyValueSpecification","valueRequired":true,"valueName":"search_term_string"}}],"inLanguage":"fr-FR"},{"@type":"Organization","@id":"https:\/\/amami.it\/fr\/#organization","name":"Amami Viaggi","url":"https:\/\/amami.it\/fr\/","logo":{"@type":"ImageObject","inLanguage":"fr-FR","@id":"https:\/\/amami.it\/fr\/#\/schema\/logo\/image\/","url":"https:\/\/amami.it\/wp-content\/uploads\/2022\/03\/amami.it_logo_neg.png","contentUrl":"https:\/\/amami.it\/wp-content\/uploads\/2022\/03\/amami.it_logo_neg.png","width":600,"height":600,"caption":"Amami Viaggi"},"image":{"@id":"https:\/\/amami.it\/fr\/#\/schema\/logo\/image\/"},"sameAs":["https:\/\/www.facebook.com\/amamiviaggi","https:\/\/x.com\/AmamiViaggi","https:\/\/www.instagram.com\/amamiviaggi\/"]}]}},"_links":{"self":[{"href":"https:\/\/amami.it\/fr\/wp-json\/wp\/v2\/pages\/4749","targetHints":{"allow":["GET"]}}],"collection":[{"href":"https:\/\/amami.it\/fr\/wp-json\/wp\/v2\/pages"}],"about":[{"href":"https:\/\/amami.it\/fr\/wp-json\/wp\/v2\/types\/page"}],"author":[{"embeddable":true,"href":"https:\/\/amami.it\/fr\/wp-json\/wp\/v2\/users\/1"}],"replies":[{"embeddable":true,"href":"https:\/\/amami.it\/fr\/wp-json\/wp\/v2\/comments?post=4749"}],"version-history":[{"count":1,"href":"https:\/\/amami.it\/fr\/wp-json\/wp\/v2\/pages\/4749\/revisions"}],"predecessor-version":[{"id":6011,"href":"https:\/\/amami.it\/fr\/wp-json\/wp\/v2\/pages\/4749\/revisions\/6011"}],"wp:attachment":[{"href":"https:\/\/amami.it\/fr\/wp-json\/wp\/v2\/media?parent=4749"}],"curies":[{"name":"wp","href":"https:\/\/api.w.org\/{rel}","templated":true}]}}